{"id":89,"date":"2019-11-11T14:35:04","date_gmt":"2019-11-11T13:35:04","guid":{"rendered":"https:\/\/www.visser-kaas.nl\/?page_id=89"},"modified":"2023-05-25T17:36:29","modified_gmt":"2023-05-25T15:36:29","slug":"dutch-premium-cheese-products","status":"publish","type":"page","link":"https:\/\/visser-kaas.nl\/nl\/dutch-premium-cheese-products\/","title":{"rendered":"Producten"},"content":{"rendered":"\t\t<div data-elementor-type=\"wp-page\" data-elementor-id=\"89\" class=\"elementor elementor-89\" data-elementor-post-type=\"page\">\n\t\t\t\t\t\t<section class=\"elementor-section elementor-top-section elementor-element elementor-element-bf91274 elementor-section-stretched elementor-section-full_width elementor-section-height-min-height elementor-section-items-bottom elementor-section-height-default\" data-id=\"bf91274\" data-element_type=\"section\" data-e-type=\"section\" data-settings=\"{&quot;stretch_section&quot;:&quot;section-stretched&quot;,&quot;background_background&quot;:&quot;classic&quot;}\">\n\t\t\t\t\t\t<div class=\"elementor-container elementor-column-gap-default\">\n\t\t\t\t\t<div class=\"elementor-column elementor-col-100 elementor-top-column elementor-element elementor-element-6aee0fc\" data-id=\"6aee0fc\" data-element_type=\"column\" data-e-type=\"column\">\n\t\t\t<div class=\"elementor-widget-wrap\">\n\t\t\t\t\t\t\t<\/div>\n\t\t<\/div>\n\t\t\t\t\t<\/div>\n\t\t<\/section>\n\t\t\t\t<section class=\"elementor-section elementor-top-section elementor-element elementor-element-eb4a988 elementor-section-boxed elementor-section-height-default elementor-section-height-default\" data-id=\"eb4a988\" data-element_type=\"section\" data-e-type=\"section\">\n\t\t\t\t\t\t<div class=\"elementor-container elementor-column-gap-default\">\n\t\t\t\t\t<div class=\"elementor-column elementor-col-100 elementor-top-column elementor-element elementor-element-542bb38\" data-id=\"542bb38\" data-element_type=\"column\" data-e-type=\"column\">\n\t\t\t<div class=\"elementor-widget-wrap elementor-element-populated\">\n\t\t\t\t\t\t<div class=\"elementor-element elementor-element-6482a1c elementor-widget elementor-widget-heading\" data-id=\"6482a1c\" data-element_type=\"widget\" data-e-type=\"widget\" data-widget_type=\"heading.default\">\n\t\t\t\t<div class=\"elementor-widget-container\">\n\t\t\t\t\t<h2 class=\"elementor-heading-title elementor-size-default\">Producten<\/h2>\t\t\t\t<\/div>\n\t\t\t\t<\/div>\n\t\t\t\t<div class=\"elementor-element elementor-element-f78f8f7 elementor-widget-divider--view-line_text elementor-widget-divider--element-align-center elementor-widget elementor-widget-divider\" data-id=\"f78f8f7\" data-element_type=\"widget\" data-e-type=\"widget\" data-widget_type=\"divider.default\">\n\t\t\t\t<div class=\"elementor-widget-container\">\n\t\t\t\t\t\t\t<div class=\"elementor-divider\">\n\t\t\t<span class=\"elementor-divider-separator\">\n\t\t\t\t\t\t\t<span class=\"elementor-divider__text elementor-divider__element\">\n\t\t\t\tOntdek onze kaas!\t\t\t\t<\/span>\n\t\t\t\t\t\t<\/span>\n\t\t<\/div>\n\t\t\t\t\t\t<\/div>\n\t\t\t\t<\/div>\n\t\t\t\t\t<\/div>\n\t\t<\/div>\n\t\t\t\t\t<\/div>\n\t\t<\/section>\n\t\t\t\t<section class=\"elementor-section elementor-top-section elementor-element elementor-element-17c3c4ac elementor-section-boxed elementor-section-height-default elementor-section-height-default\" data-id=\"17c3c4ac\" data-element_type=\"section\" data-e-type=\"section\">\n\t\t\t\t\t\t<div class=\"elementor-container elementor-column-gap-default\">\n\t\t\t\t\t<div class=\"elementor-column elementor-col-100 elementor-top-column elementor-element elementor-element-58d08221\" data-id=\"58d08221\" data-element_type=\"column\" data-e-type=\"column\">\n\t\t\t<div class=\"elementor-widget-wrap elementor-element-populated\">\n\t\t\t\t\t\t<section class=\"elementor-section elementor-inner-section elementor-element elementor-element-72aa919a a2-img-shadow elementor-section-boxed elementor-section-height-default elementor-section-height-default\" data-id=\"72aa919a\" data-element_type=\"section\" data-e-type=\"section\">\n\t\t\t\t\t\t<div class=\"elementor-container elementor-column-gap-default\">\n\t\t\t\t\t<div class=\"elementor-column elementor-col-33 elementor-inner-column elementor-element elementor-element-23702956\" data-id=\"23702956\" data-element_type=\"column\" data-e-type=\"column\" data-settings=\"{&quot;background_background&quot;:&quot;classic&quot;}\">\n\t\t\t<div class=\"elementor-widget-wrap elementor-element-populated\">\n\t\t\t\t\t\t<div class=\"elementor-element elementor-element-558a08e7 elementor-widget elementor-widget-image\" data-id=\"558a08e7\" data-element_type=\"widget\" data-e-type=\"widget\" data-widget_type=\"image.default\">\n\t\t\t\t<div class=\"elementor-widget-container\">\n\t\t\t\t\t\t\t\t\t\t\t\t\t\t\t\t<a href=\"\/categorie\/traditionele-kazen\/\">\n\t\t\t\t\t\t\t<img loading=\"lazy\" decoding=\"async\" width=\"768\" height=\"768\" src=\"https:\/\/visser-kaas.nl\/wp-content\/uploads\/media\/traditionele-768x768.jpg\" class=\"attachment-medium_large size-medium_large wp-image-179\" alt=\"\" srcset=\"https:\/\/visser-kaas.nl\/wp-content\/uploads\/media\/traditionele-768x768.jpg 768w, https:\/\/visser-kaas.nl\/wp-content\/uploads\/media\/traditionele-300x300.jpg 300w, https:\/\/visser-kaas.nl\/wp-content\/uploads\/media\/traditionele-1024x1024.jpg 1024w, https:\/\/visser-kaas.nl\/wp-content\/uploads\/media\/traditionele-150x150.jpg 150w, https:\/\/visser-kaas.nl\/wp-content\/uploads\/media\/traditionele.jpg 1475w\" sizes=\"auto, (max-width: 768px) 100vw, 768px\" \/>\t\t\t\t\t\t\t\t<\/a>\n\t\t\t\t\t\t\t\t\t\t\t\t\t\t\t<\/div>\n\t\t\t\t<\/div>\n\t\t\t\t<div class=\"elementor-element elementor-element-6804b729 a2-heading elementor-widget elementor-widget-heading\" data-id=\"6804b729\" data-element_type=\"widget\" data-e-type=\"widget\" data-widget_type=\"heading.default\">\n\t\t\t\t<div class=\"elementor-widget-container\">\n\t\t\t\t\t<h3 class=\"elementor-heading-title elementor-size-default\">Traditionele kazen<\/h3>\t\t\t\t<\/div>\n\t\t\t\t<\/div>\n\t\t\t\t<div class=\"elementor-element elementor-element-66f3989c a2-content elementor-widget elementor-widget-text-editor\" data-id=\"66f3989c\" data-element_type=\"widget\" data-e-type=\"widget\" data-widget_type=\"text-editor.default\">\n\t\t\t\t<div class=\"elementor-widget-container\">\n\t\t\t\t\t\t\t\t\t<p>Ontdek onze originele Gouda, Maasdam en Edam selectie; \u00e9chte Hollandse kaas, traditioneel gerijpt in ons kaaspakhuis. Al meer dan 100 jaar ervaring geeft onze kazen n\u00e9t dat beetje meer.<\/p>\t\t\t\t\t\t\t\t<\/div>\n\t\t\t\t<\/div>\n\t\t\t\t<div class=\"elementor-element elementor-element-6fd2cfa5 elementor-align-center a2-button-bottom elementor-widget elementor-widget-button\" data-id=\"6fd2cfa5\" data-element_type=\"widget\" data-e-type=\"widget\" data-widget_type=\"button.default\">\n\t\t\t\t<div class=\"elementor-widget-container\">\n\t\t\t\t\t\t\t\t\t<div class=\"elementor-button-wrapper\">\n\t\t\t\t\t<a class=\"elementor-button elementor-button-link elementor-size-sm\" href=\"\/categorie\/traditionele-kazen\/\">\n\t\t\t\t\t\t<span class=\"elementor-button-content-wrapper\">\n\t\t\t\t\t\t\t\t\t<span class=\"elementor-button-text\">Lees verder<\/span>\n\t\t\t\t\t<\/span>\n\t\t\t\t\t<\/a>\n\t\t\t\t<\/div>\n\t\t\t\t\t\t\t\t<\/div>\n\t\t\t\t<\/div>\n\t\t\t\t\t<\/div>\n\t\t<\/div>\n\t\t\t\t<div class=\"elementor-column elementor-col-33 elementor-inner-column elementor-element elementor-element-67c88a\" data-id=\"67c88a\" data-element_type=\"column\" data-e-type=\"column\" data-settings=\"{&quot;background_background&quot;:&quot;classic&quot;}\">\n\t\t\t<div class=\"elementor-widget-wrap elementor-element-populated\">\n\t\t\t\t\t\t<div class=\"elementor-element elementor-element-1afd5ad9 elementor-widget elementor-widget-image\" data-id=\"1afd5ad9\" data-element_type=\"widget\" data-e-type=\"widget\" data-widget_type=\"image.default\">\n\t\t\t\t<div class=\"elementor-widget-container\">\n\t\t\t\t\t\t\t\t\t\t\t\t\t\t\t\t<a href=\"\/categorie\/specialiteiten\/\">\n\t\t\t\t\t\t\t<img loading=\"lazy\" decoding=\"async\" width=\"768\" height=\"768\" src=\"https:\/\/visser-kaas.nl\/wp-content\/uploads\/media\/cat-specialiteiten-768x768.jpg\" class=\"attachment-medium_large size-medium_large wp-image-2588\" alt=\"\" srcset=\"https:\/\/visser-kaas.nl\/wp-content\/uploads\/media\/cat-specialiteiten-768x768.jpg 768w, https:\/\/visser-kaas.nl\/wp-content\/uploads\/media\/cat-specialiteiten-300x300.jpg 300w, https:\/\/visser-kaas.nl\/wp-content\/uploads\/media\/cat-specialiteiten-1024x1024.jpg 1024w, https:\/\/visser-kaas.nl\/wp-content\/uploads\/media\/cat-specialiteiten-150x150.jpg 150w, https:\/\/visser-kaas.nl\/wp-content\/uploads\/media\/cat-specialiteiten.jpg 1450w\" sizes=\"auto, (max-width: 768px) 100vw, 768px\" \/>\t\t\t\t\t\t\t\t<\/a>\n\t\t\t\t\t\t\t\t\t\t\t\t\t\t\t<\/div>\n\t\t\t\t<\/div>\n\t\t\t\t<div class=\"elementor-element elementor-element-1b16ecc9 a2-heading elementor-widget elementor-widget-heading\" data-id=\"1b16ecc9\" data-element_type=\"widget\" data-e-type=\"widget\" data-widget_type=\"heading.default\">\n\t\t\t\t<div class=\"elementor-widget-container\">\n\t\t\t\t\t<h3 class=\"elementor-heading-title elementor-size-default\">Specialiteiten<\/h3>\t\t\t\t<\/div>\n\t\t\t\t<\/div>\n\t\t\t\t<div class=\"elementor-element elementor-element-4b10ed30 a2-content elementor-widget elementor-widget-text-editor\" data-id=\"4b10ed30\" data-element_type=\"widget\" data-e-type=\"widget\" data-widget_type=\"text-editor.default\">\n\t\t\t\t<div class=\"elementor-widget-container\">\n\t\t\t\t\t\t\t\t\tBekijk hier ons volledige assortiment Specialiteiten; vertrouwde smeu\u00efge kazen met een bijzondere kruidenmix of een frisse kleur. Zoals een Italiaanse kruiden- of Lavendelkaas. En nog veel meer.\t\t\t\t\t\t\t\t<\/div>\n\t\t\t\t<\/div>\n\t\t\t\t<div class=\"elementor-element elementor-element-1c4fe034 elementor-align-center a2-button-bottom elementor-widget elementor-widget-button\" data-id=\"1c4fe034\" data-element_type=\"widget\" data-e-type=\"widget\" data-widget_type=\"button.default\">\n\t\t\t\t<div class=\"elementor-widget-container\">\n\t\t\t\t\t\t\t\t\t<div class=\"elementor-button-wrapper\">\n\t\t\t\t\t<a class=\"elementor-button elementor-button-link elementor-size-sm\" href=\"\/categorie\/specialiteiten\/\">\n\t\t\t\t\t\t<span class=\"elementor-button-content-wrapper\">\n\t\t\t\t\t\t\t\t\t<span class=\"elementor-button-text\">Lees verder<\/span>\n\t\t\t\t\t<\/span>\n\t\t\t\t\t<\/a>\n\t\t\t\t<\/div>\n\t\t\t\t\t\t\t\t<\/div>\n\t\t\t\t<\/div>\n\t\t\t\t\t<\/div>\n\t\t<\/div>\n\t\t\t\t<div class=\"elementor-column elementor-col-33 elementor-inner-column elementor-element elementor-element-260bfd11\" data-id=\"260bfd11\" data-element_type=\"column\" data-e-type=\"column\" data-settings=\"{&quot;background_background&quot;:&quot;classic&quot;}\">\n\t\t\t<div class=\"elementor-widget-wrap elementor-element-populated\">\n\t\t\t\t\t\t<div class=\"elementor-element elementor-element-1997b61c elementor-widget elementor-widget-image\" data-id=\"1997b61c\" data-element_type=\"widget\" data-e-type=\"widget\" data-widget_type=\"image.default\">\n\t\t\t\t<div class=\"elementor-widget-container\">\n\t\t\t\t\t\t\t\t\t\t\t\t\t\t\t\t<a href=\"\/categorie\/overig\/\">\n\t\t\t\t\t\t\t<img loading=\"lazy\" decoding=\"async\" width=\"768\" height=\"768\" src=\"https:\/\/visser-kaas.nl\/wp-content\/uploads\/media\/foliegerijpt-overig-768x768.jpg\" class=\"attachment-medium_large size-medium_large wp-image-178\" alt=\"\" srcset=\"https:\/\/visser-kaas.nl\/wp-content\/uploads\/media\/foliegerijpt-overig-768x768.jpg 768w, https:\/\/visser-kaas.nl\/wp-content\/uploads\/media\/foliegerijpt-overig-300x300.jpg 300w, https:\/\/visser-kaas.nl\/wp-content\/uploads\/media\/foliegerijpt-overig-1024x1024.jpg 1024w, https:\/\/visser-kaas.nl\/wp-content\/uploads\/media\/foliegerijpt-overig-150x150.jpg 150w, https:\/\/visser-kaas.nl\/wp-content\/uploads\/media\/foliegerijpt-overig.jpg 1125w\" sizes=\"auto, (max-width: 768px) 100vw, 768px\" \/>\t\t\t\t\t\t\t\t<\/a>\n\t\t\t\t\t\t\t\t\t\t\t\t\t\t\t<\/div>\n\t\t\t\t<\/div>\n\t\t\t\t<div class=\"elementor-element elementor-element-77b11e61 a2-heading elementor-widget elementor-widget-heading\" data-id=\"77b11e61\" data-element_type=\"widget\" data-e-type=\"widget\" data-widget_type=\"heading.default\">\n\t\t\t\t<div class=\"elementor-widget-container\">\n\t\t\t\t\t<h3 class=\"elementor-heading-title elementor-size-default\">Foliegerijpt &amp; Overig<\/h3>\t\t\t\t<\/div>\n\t\t\t\t<\/div>\n\t\t\t\t<div class=\"elementor-element elementor-element-6fd0d66b a2-content elementor-widget elementor-widget-text-editor\" data-id=\"6fd0d66b\" data-element_type=\"widget\" data-e-type=\"widget\" data-widget_type=\"text-editor.default\">\n\t\t\t\t<div class=\"elementor-widget-container\">\n\t\t\t\t\t\t\t\t\t<p>Ontdek hier onze foliegerijpte kazen; makkelijk te verwerken tot pizzarasp en sandwichplakjes. Beschikbaar in Gouda, Edam, Cheddar, Maasdam en Emmentaler. Vind hier ook onze overige kaas selectie.<\/p>\t\t\t\t\t\t\t\t<\/div>\n\t\t\t\t<\/div>\n\t\t\t\t<div class=\"elementor-element elementor-element-7b44b5ce elementor-align-center a2-button-bottom elementor-widget elementor-widget-button\" data-id=\"7b44b5ce\" data-element_type=\"widget\" data-e-type=\"widget\" data-widget_type=\"button.default\">\n\t\t\t\t<div class=\"elementor-widget-container\">\n\t\t\t\t\t\t\t\t\t<div class=\"elementor-button-wrapper\">\n\t\t\t\t\t<a class=\"elementor-button elementor-button-link elementor-size-sm\" href=\"\/categorie\/overig\/\">\n\t\t\t\t\t\t<span class=\"elementor-button-content-wrapper\">\n\t\t\t\t\t\t\t\t\t<span class=\"elementor-button-text\">Lees verder<\/span>\n\t\t\t\t\t<\/span>\n\t\t\t\t\t<\/a>\n\t\t\t\t<\/div>\n\t\t\t\t\t\t\t\t<\/div>\n\t\t\t\t<\/div>\n\t\t\t\t\t<\/div>\n\t\t<\/div>\n\t\t\t\t\t<\/div>\n\t\t<\/section>\n\t\t\t\t<div class=\"elementor-element elementor-element-4155defe elementor-widget elementor-widget-spacer\" data-id=\"4155defe\" data-element_type=\"widget\" data-e-type=\"widget\" data-widget_type=\"spacer.default\">\n\t\t\t\t<div class=\"elementor-widget-container\">\n\t\t\t\t\t\t\t<div class=\"elementor-spacer\">\n\t\t\t<div class=\"elementor-spacer-inner\"><\/div>\n\t\t<\/div>\n\t\t\t\t\t\t<\/div>\n\t\t\t\t<\/div>\n\t\t\t\t\t<\/div>\n\t\t<\/div>\n\t\t\t\t\t<\/div>\n\t\t<\/section>\n\t\t\t\t<\/div>\n\t\t","protected":false},"excerpt":{"rendered":"<p>Ontdek onze kaas! Traditionele kazen Ontdek onze originele Gouda, Maasdam en Edam selectie; \u00e9chte Hollandse kaas, traditioneel gerijpt in ons kaaspakhuis. Al meer dan 100 jaar ervaring geeft onze kazen n\u00e9t dat beetje meer. Lees verder Specialiteiten Bekijk hier ons volledige assortiment Specialiteiten; vertrouwde smeu\u00efge kazen met een bijzondere kruidenmix of een frisse kleur. Zoals [&hellip;]<\/p>\n","protected":false},"author":7,"featured_media":0,"parent":0,"menu_order":0,"comment_status":"closed","ping_status":"closed","template":"elementor_header_footer","meta":{"_acf_changed":false,"footnotes":""},"class_list":["post-89","page","type-page","status-publish","hentry"],"acf":[],"yoast_head":"<!-- This site is optimized with the Yoast SEO plugin v27.3 - https:\/\/yoast.com\/product\/yoast-seo-wordpress\/ -->\n<title>Producten - Visser Kaas Dutch Premium Cheese Products<\/title>\n<meta name=\"description\" content=\"Ontdek onze originele Gouda, Maasdam en Edam selectie; \u00e9chte Hollandse kaas, traditioneel gerijpt in ons kaaspakhuis.\" \/>\n<meta name=\"robots\" content=\"index, follow, max-snippet:-1, max-image-preview:large, max-video-preview:-1\" \/>\n<link rel=\"canonical\" href=\"https:\/\/visser-kaas.nl\/nl\/dutch-premium-cheese-products\/\" \/>\n<meta property=\"og:locale\" content=\"nl_NL\" \/>\n<meta property=\"og:type\" content=\"article\" \/>\n<meta property=\"og:title\" content=\"Producten - Visser Kaas Dutch Premium Cheese Products\" \/>\n<meta property=\"og:description\" content=\"Ontdek onze originele Gouda, Maasdam en Edam selectie; \u00e9chte Hollandse kaas, traditioneel gerijpt in ons kaaspakhuis.\" \/>\n<meta property=\"og:url\" content=\"https:\/\/visser-kaas.nl\/nl\/dutch-premium-cheese-products\/\" \/>\n<meta property=\"og:site_name\" content=\"Visser Kaas\" \/>\n<meta property=\"article:modified_time\" content=\"2023-05-25T15:36:29+00:00\" \/>\n<meta property=\"og:image\" content=\"https:\/\/www.visser-kaas.nl\/wp-content\/uploads\/media\/traditionele-768x768.jpg\" \/>\n<meta name=\"twitter:card\" content=\"summary_large_image\" \/>\n<meta name=\"twitter:label1\" content=\"Geschatte leestijd\" \/>\n\t<meta name=\"twitter:data1\" content=\"2 minuten\" \/>\n<script type=\"application\/ld+json\" class=\"yoast-schema-graph\">{\"@context\":\"https:\\\/\\\/schema.org\",\"@graph\":[{\"@type\":\"WebPage\",\"@id\":\"https:\\\/\\\/visser-kaas.nl\\\/nl\\\/dutch-premium-cheese-products\\\/\",\"url\":\"https:\\\/\\\/visser-kaas.nl\\\/nl\\\/dutch-premium-cheese-products\\\/\",\"name\":\"Producten - Visser Kaas Dutch Premium Cheese Products\",\"isPartOf\":{\"@id\":\"https:\\\/\\\/visser-kaas.nl\\\/nl\\\/#website\"},\"primaryImageOfPage\":{\"@id\":\"https:\\\/\\\/visser-kaas.nl\\\/nl\\\/dutch-premium-cheese-products\\\/#primaryimage\"},\"image\":{\"@id\":\"https:\\\/\\\/visser-kaas.nl\\\/nl\\\/dutch-premium-cheese-products\\\/#primaryimage\"},\"thumbnailUrl\":\"https:\\\/\\\/www.visser-kaas.nl\\\/wp-content\\\/uploads\\\/media\\\/traditionele-768x768.jpg\",\"datePublished\":\"2019-11-11T13:35:04+00:00\",\"dateModified\":\"2023-05-25T15:36:29+00:00\",\"description\":\"Ontdek onze originele Gouda, Maasdam en Edam selectie; \u00e9chte Hollandse kaas, traditioneel gerijpt in ons kaaspakhuis.\",\"breadcrumb\":{\"@id\":\"https:\\\/\\\/visser-kaas.nl\\\/nl\\\/dutch-premium-cheese-products\\\/#breadcrumb\"},\"inLanguage\":\"nl-NL\",\"potentialAction\":[{\"@type\":\"ReadAction\",\"target\":[\"https:\\\/\\\/visser-kaas.nl\\\/nl\\\/dutch-premium-cheese-products\\\/\"]}]},{\"@type\":\"ImageObject\",\"inLanguage\":\"nl-NL\",\"@id\":\"https:\\\/\\\/visser-kaas.nl\\\/nl\\\/dutch-premium-cheese-products\\\/#primaryimage\",\"url\":\"https:\\\/\\\/www.visser-kaas.nl\\\/wp-content\\\/uploads\\\/media\\\/traditionele-768x768.jpg\",\"contentUrl\":\"https:\\\/\\\/www.visser-kaas.nl\\\/wp-content\\\/uploads\\\/media\\\/traditionele-768x768.jpg\"},{\"@type\":\"BreadcrumbList\",\"@id\":\"https:\\\/\\\/visser-kaas.nl\\\/nl\\\/dutch-premium-cheese-products\\\/#breadcrumb\",\"itemListElement\":[{\"@type\":\"ListItem\",\"position\":1,\"name\":\"Home\",\"item\":\"https:\\\/\\\/visser-kaas.nl\\\/nl\\\/\"},{\"@type\":\"ListItem\",\"position\":2,\"name\":\"Producten\"}]},{\"@type\":\"WebSite\",\"@id\":\"https:\\\/\\\/visser-kaas.nl\\\/nl\\\/#website\",\"url\":\"https:\\\/\\\/visser-kaas.nl\\\/nl\\\/\",\"name\":\"Visser Kaas\",\"description\":\"\",\"publisher\":{\"@id\":\"https:\\\/\\\/visser-kaas.nl\\\/nl\\\/#organization\"},\"potentialAction\":[{\"@type\":\"SearchAction\",\"target\":{\"@type\":\"EntryPoint\",\"urlTemplate\":\"https:\\\/\\\/visser-kaas.nl\\\/nl\\\/?s={search_term_string}\"},\"query-input\":{\"@type\":\"PropertyValueSpecification\",\"valueRequired\":true,\"valueName\":\"search_term_string\"}}],\"inLanguage\":\"nl-NL\"},{\"@type\":\"Organization\",\"@id\":\"https:\\\/\\\/visser-kaas.nl\\\/nl\\\/#organization\",\"name\":\"Visser Kaas\",\"url\":\"https:\\\/\\\/visser-kaas.nl\\\/nl\\\/\",\"logo\":{\"@type\":\"ImageObject\",\"inLanguage\":\"nl-NL\",\"@id\":\"https:\\\/\\\/visser-kaas.nl\\\/nl\\\/#\\\/schema\\\/logo\\\/image\\\/\",\"url\":\"https:\\\/\\\/visser-kaas.nl\\\/wp-content\\\/uploads\\\/media\\\/cropped-cropped-logo-2.png\",\"contentUrl\":\"https:\\\/\\\/visser-kaas.nl\\\/wp-content\\\/uploads\\\/media\\\/cropped-cropped-logo-2.png\",\"width\":1620,\"height\":325,\"caption\":\"Visser Kaas\"},\"image\":{\"@id\":\"https:\\\/\\\/visser-kaas.nl\\\/nl\\\/#\\\/schema\\\/logo\\\/image\\\/\"}}]}<\/script>\n<!-- \/ Yoast SEO plugin. -->","yoast_head_json":{"title":"Producten - Visser Kaas Dutch Premium Cheese Products","description":"Ontdek onze originele Gouda, Maasdam en Edam selectie; \u00e9chte Hollandse kaas, traditioneel gerijpt in ons kaaspakhuis.","robots":{"index":"index","follow":"follow","max-snippet":"max-snippet:-1","max-image-preview":"max-image-preview:large","max-video-preview":"max-video-preview:-1"},"canonical":"https:\/\/visser-kaas.nl\/nl\/dutch-premium-cheese-products\/","og_locale":"nl_NL","og_type":"article","og_title":"Producten - Visser Kaas Dutch Premium Cheese Products","og_description":"Ontdek onze originele Gouda, Maasdam en Edam selectie; \u00e9chte Hollandse kaas, traditioneel gerijpt in ons kaaspakhuis.","og_url":"https:\/\/visser-kaas.nl\/nl\/dutch-premium-cheese-products\/","og_site_name":"Visser Kaas","article_modified_time":"2023-05-25T15:36:29+00:00","og_image":[{"url":"https:\/\/www.visser-kaas.nl\/wp-content\/uploads\/media\/traditionele-768x768.jpg","type":"","width":"","height":""}],"twitter_card":"summary_large_image","twitter_misc":{"Geschatte leestijd":"2 minuten"},"schema":{"@context":"https:\/\/schema.org","@graph":[{"@type":"WebPage","@id":"https:\/\/visser-kaas.nl\/nl\/dutch-premium-cheese-products\/","url":"https:\/\/visser-kaas.nl\/nl\/dutch-premium-cheese-products\/","name":"Producten - Visser Kaas Dutch Premium Cheese Products","isPartOf":{"@id":"https:\/\/visser-kaas.nl\/nl\/#website"},"primaryImageOfPage":{"@id":"https:\/\/visser-kaas.nl\/nl\/dutch-premium-cheese-products\/#primaryimage"},"image":{"@id":"https:\/\/visser-kaas.nl\/nl\/dutch-premium-cheese-products\/#primaryimage"},"thumbnailUrl":"https:\/\/www.visser-kaas.nl\/wp-content\/uploads\/media\/traditionele-768x768.jpg","datePublished":"2019-11-11T13:35:04+00:00","dateModified":"2023-05-25T15:36:29+00:00","description":"Ontdek onze originele Gouda, Maasdam en Edam selectie; \u00e9chte Hollandse kaas, traditioneel gerijpt in ons kaaspakhuis.","breadcrumb":{"@id":"https:\/\/visser-kaas.nl\/nl\/dutch-premium-cheese-products\/#breadcrumb"},"inLanguage":"nl-NL","potentialAction":[{"@type":"ReadAction","target":["https:\/\/visser-kaas.nl\/nl\/dutch-premium-cheese-products\/"]}]},{"@type":"ImageObject","inLanguage":"nl-NL","@id":"https:\/\/visser-kaas.nl\/nl\/dutch-premium-cheese-products\/#primaryimage","url":"https:\/\/www.visser-kaas.nl\/wp-content\/uploads\/media\/traditionele-768x768.jpg","contentUrl":"https:\/\/www.visser-kaas.nl\/wp-content\/uploads\/media\/traditionele-768x768.jpg"},{"@type":"BreadcrumbList","@id":"https:\/\/visser-kaas.nl\/nl\/dutch-premium-cheese-products\/#breadcrumb","itemListElement":[{"@type":"ListItem","position":1,"name":"Home","item":"https:\/\/visser-kaas.nl\/nl\/"},{"@type":"ListItem","position":2,"name":"Producten"}]},{"@type":"WebSite","@id":"https:\/\/visser-kaas.nl\/nl\/#website","url":"https:\/\/visser-kaas.nl\/nl\/","name":"Visser Kaas","description":"","publisher":{"@id":"https:\/\/visser-kaas.nl\/nl\/#organization"},"potentialAction":[{"@type":"SearchAction","target":{"@type":"EntryPoint","urlTemplate":"https:\/\/visser-kaas.nl\/nl\/?s={search_term_string}"},"query-input":{"@type":"PropertyValueSpecification","valueRequired":true,"valueName":"search_term_string"}}],"inLanguage":"nl-NL"},{"@type":"Organization","@id":"https:\/\/visser-kaas.nl\/nl\/#organization","name":"Visser Kaas","url":"https:\/\/visser-kaas.nl\/nl\/","logo":{"@type":"ImageObject","inLanguage":"nl-NL","@id":"https:\/\/visser-kaas.nl\/nl\/#\/schema\/logo\/image\/","url":"https:\/\/visser-kaas.nl\/wp-content\/uploads\/media\/cropped-cropped-logo-2.png","contentUrl":"https:\/\/visser-kaas.nl\/wp-content\/uploads\/media\/cropped-cropped-logo-2.png","width":1620,"height":325,"caption":"Visser Kaas"},"image":{"@id":"https:\/\/visser-kaas.nl\/nl\/#\/schema\/logo\/image\/"}}]}},"_links":{"self":[{"href":"https:\/\/visser-kaas.nl\/nl\/wp-json\/wp\/v2\/pages\/89","targetHints":{"allow":["GET"]}}],"collection":[{"href":"https:\/\/visser-kaas.nl\/nl\/wp-json\/wp\/v2\/pages"}],"about":[{"href":"https:\/\/visser-kaas.nl\/nl\/wp-json\/wp\/v2\/types\/page"}],"author":[{"embeddable":true,"href":"https:\/\/visser-kaas.nl\/nl\/wp-json\/wp\/v2\/users\/7"}],"replies":[{"embeddable":true,"href":"https:\/\/visser-kaas.nl\/nl\/wp-json\/wp\/v2\/comments?post=89"}],"version-history":[{"count":115,"href":"https:\/\/visser-kaas.nl\/nl\/wp-json\/wp\/v2\/pages\/89\/revisions"}],"predecessor-version":[{"id":5442,"href":"https:\/\/visser-kaas.nl\/nl\/wp-json\/wp\/v2\/pages\/89\/revisions\/5442"}],"wp:attachment":[{"href":"https:\/\/visser-kaas.nl\/nl\/wp-json\/wp\/v2\/media?parent=89"}],"curies":[{"name":"wp","href":"https:\/\/api.w.org\/{rel}","templated":true}]}}