{"id":4525,"date":"2022-01-25T11:49:30","date_gmt":"2022-01-25T10:49:30","guid":{"rendered":"https:\/\/www.visser-kaas.nl\/?post_type=product&#038;p=4525"},"modified":"2025-06-04T16:01:28","modified_gmt":"2025-06-04T14:01:28","slug":"dutch-edam-ball-40-fett-i-tr-6x-19kg","status":"publish","type":"product","link":"https:\/\/visser-kaas.nl\/de\/product\/dutch-edam-ball-40-fett-i-tr-6x-19kg\/","title":{"rendered":"Dutch Edam Ball 40% Fett I. Tr. &#8211; 6x 1,9kg"},"content":{"rendered":"<p><strong>Edam Ball 6x ca. 1,9kg<\/strong><\/p>\n<p>Die Edamer Kugeln in rotem Wachs d\u00fcrfen in der K\u00e4sewelt nicht fehlen. Dieser urspr\u00fcnglich aus der Stadt Edam gehandelte K\u00e4se ist eine kugelige, holl\u00e4ndische K\u00e4sesorte. Dieser K\u00e4se wird aus holl\u00e4ndischer Kuhmilch hergestellt und ist rot gef\u00e4rbt, was den K\u00e4se besonders und attraktiv macht!<\/p>\n","protected":false},"excerpt":{"rendered":"<p>1,9kg<\/p>\n","protected":false},"featured_media":6186,"menu_order":0,"template":"","categorie":[36],"class_list":["post-4525","product","type-product","status-publish","has-post-thumbnail","hentry","categorie-overig-de"],"acf":[],"yoast_head":"<!-- This site is optimized with the Yoast SEO plugin v27.3 - https:\/\/yoast.com\/product\/yoast-seo-wordpress\/ -->\n<title>Dutch Edam Ball 40% Fett I. Tr. - 6x 1,9kg - Visser Kaas<\/title>\n<meta name=\"description\" content=\"Traditioneller holl\u00e4ndischer Edamer-K\u00e4se, perfekt f\u00fcr Liebhaber milder, cremiger Aromen. Entdecken Sie diese k\u00f6stliche Delikatesse!\" \/>\n<meta name=\"robots\" content=\"index, follow, max-snippet:-1, max-image-preview:large, max-video-preview:-1\" \/>\n<link rel=\"canonical\" href=\"https:\/\/visser-kaas.nl\/de\/product\/dutch-edam-ball-40-fett-i-tr-6x-19kg\/\" \/>\n<meta property=\"og:locale\" content=\"de_DE\" \/>\n<meta property=\"og:type\" content=\"article\" \/>\n<meta property=\"og:title\" content=\"Dutch Edam Ball 40% Fett I. Tr. - 6x 1,9kg - Visser Kaas\" \/>\n<meta property=\"og:description\" content=\"Traditioneller holl\u00e4ndischer Edamer-K\u00e4se, perfekt f\u00fcr Liebhaber milder, cremiger Aromen. Entdecken Sie diese k\u00f6stliche Delikatesse!\" \/>\n<meta property=\"og:url\" content=\"https:\/\/visser-kaas.nl\/de\/product\/dutch-edam-ball-40-fett-i-tr-6x-19kg\/\" \/>\n<meta property=\"og:site_name\" content=\"Visser Kaas\" \/>\n<meta property=\"article:modified_time\" content=\"2025-06-04T14:01:28+00:00\" \/>\n<meta property=\"og:image\" content=\"https:\/\/visser-kaas.nl\/wp-content\/uploads\/huizer-kaas-edam-1.jpg\" \/>\n\t<meta property=\"og:image:width\" content=\"1024\" \/>\n\t<meta property=\"og:image:height\" content=\"1024\" \/>\n\t<meta property=\"og:image:type\" content=\"image\/jpeg\" \/>\n<meta name=\"twitter:card\" content=\"summary_large_image\" \/>\n<meta name=\"twitter:label1\" content=\"Gesch\u00e4tzte Lesezeit\" \/>\n\t<meta name=\"twitter:data1\" content=\"1\u00a0Minute\" \/>\n<script type=\"application\/ld+json\" class=\"yoast-schema-graph\">{\"@context\":\"https:\\\/\\\/schema.org\",\"@graph\":[{\"@type\":\"WebPage\",\"@id\":\"https:\\\/\\\/visser-kaas.nl\\\/de\\\/product\\\/dutch-edam-ball-40-fett-i-tr-6x-19kg\\\/\",\"url\":\"https:\\\/\\\/visser-kaas.nl\\\/de\\\/product\\\/dutch-edam-ball-40-fett-i-tr-6x-19kg\\\/\",\"name\":\"Dutch Edam Ball 40% Fett I. Tr. - 6x 1,9kg - Visser Kaas\",\"isPartOf\":{\"@id\":\"https:\\\/\\\/visser-kaas.nl\\\/de\\\/#website\"},\"primaryImageOfPage\":{\"@id\":\"https:\\\/\\\/visser-kaas.nl\\\/de\\\/product\\\/dutch-edam-ball-40-fett-i-tr-6x-19kg\\\/#primaryimage\"},\"image\":{\"@id\":\"https:\\\/\\\/visser-kaas.nl\\\/de\\\/product\\\/dutch-edam-ball-40-fett-i-tr-6x-19kg\\\/#primaryimage\"},\"thumbnailUrl\":\"https:\\\/\\\/visser-kaas.nl\\\/wp-content\\\/uploads\\\/huizer-kaas-edam-1.jpg\",\"datePublished\":\"2022-01-25T10:49:30+00:00\",\"dateModified\":\"2025-06-04T14:01:28+00:00\",\"description\":\"Traditioneller holl\u00e4ndischer Edamer-K\u00e4se, perfekt f\u00fcr Liebhaber milder, cremiger Aromen. Entdecken Sie diese k\u00f6stliche Delikatesse!\",\"breadcrumb\":{\"@id\":\"https:\\\/\\\/visser-kaas.nl\\\/de\\\/product\\\/dutch-edam-ball-40-fett-i-tr-6x-19kg\\\/#breadcrumb\"},\"inLanguage\":\"de\",\"potentialAction\":[{\"@type\":\"ReadAction\",\"target\":[\"https:\\\/\\\/visser-kaas.nl\\\/de\\\/product\\\/dutch-edam-ball-40-fett-i-tr-6x-19kg\\\/\"]}]},{\"@type\":\"ImageObject\",\"inLanguage\":\"de\",\"@id\":\"https:\\\/\\\/visser-kaas.nl\\\/de\\\/product\\\/dutch-edam-ball-40-fett-i-tr-6x-19kg\\\/#primaryimage\",\"url\":\"https:\\\/\\\/visser-kaas.nl\\\/wp-content\\\/uploads\\\/huizer-kaas-edam-1.jpg\",\"contentUrl\":\"https:\\\/\\\/visser-kaas.nl\\\/wp-content\\\/uploads\\\/huizer-kaas-edam-1.jpg\",\"width\":1024,\"height\":1024},{\"@type\":\"BreadcrumbList\",\"@id\":\"https:\\\/\\\/visser-kaas.nl\\\/de\\\/product\\\/dutch-edam-ball-40-fett-i-tr-6x-19kg\\\/#breadcrumb\",\"itemListElement\":[{\"@type\":\"ListItem\",\"position\":1,\"name\":\"Home\",\"item\":\"https:\\\/\\\/visser-kaas.nl\\\/de\\\/\"},{\"@type\":\"ListItem\",\"position\":2,\"name\":\"Producten\",\"item\":\"https:\\\/\\\/visser-kaas.nl\\\/de\\\/product\\\/\"},{\"@type\":\"ListItem\",\"position\":3,\"name\":\"Dutch Edam Ball 40% Fett I. Tr. &#8211; 6x 1,9kg\"}]},{\"@type\":\"WebSite\",\"@id\":\"https:\\\/\\\/visser-kaas.nl\\\/de\\\/#website\",\"url\":\"https:\\\/\\\/visser-kaas.nl\\\/de\\\/\",\"name\":\"Visser Kaas\",\"description\":\"\",\"publisher\":{\"@id\":\"https:\\\/\\\/visser-kaas.nl\\\/de\\\/#organization\"},\"potentialAction\":[{\"@type\":\"SearchAction\",\"target\":{\"@type\":\"EntryPoint\",\"urlTemplate\":\"https:\\\/\\\/visser-kaas.nl\\\/de\\\/?s={search_term_string}\"},\"query-input\":{\"@type\":\"PropertyValueSpecification\",\"valueRequired\":true,\"valueName\":\"search_term_string\"}}],\"inLanguage\":\"de\"},{\"@type\":\"Organization\",\"@id\":\"https:\\\/\\\/visser-kaas.nl\\\/de\\\/#organization\",\"name\":\"Visser Kaas\",\"url\":\"https:\\\/\\\/visser-kaas.nl\\\/de\\\/\",\"logo\":{\"@type\":\"ImageObject\",\"inLanguage\":\"de\",\"@id\":\"https:\\\/\\\/visser-kaas.nl\\\/de\\\/#\\\/schema\\\/logo\\\/image\\\/\",\"url\":\"https:\\\/\\\/visser-kaas.nl\\\/wp-content\\\/uploads\\\/media\\\/cropped-cropped-logo-2.png\",\"contentUrl\":\"https:\\\/\\\/visser-kaas.nl\\\/wp-content\\\/uploads\\\/media\\\/cropped-cropped-logo-2.png\",\"width\":1620,\"height\":325,\"caption\":\"Visser Kaas\"},\"image\":{\"@id\":\"https:\\\/\\\/visser-kaas.nl\\\/de\\\/#\\\/schema\\\/logo\\\/image\\\/\"}}]}<\/script>\n<!-- \/ Yoast SEO plugin. -->","yoast_head_json":{"title":"Dutch Edam Ball 40% Fett I. Tr. - 6x 1,9kg - Visser Kaas","description":"Traditioneller holl\u00e4ndischer Edamer-K\u00e4se, perfekt f\u00fcr Liebhaber milder, cremiger Aromen. Entdecken Sie diese k\u00f6stliche Delikatesse!","robots":{"index":"index","follow":"follow","max-snippet":"max-snippet:-1","max-image-preview":"max-image-preview:large","max-video-preview":"max-video-preview:-1"},"canonical":"https:\/\/visser-kaas.nl\/de\/product\/dutch-edam-ball-40-fett-i-tr-6x-19kg\/","og_locale":"de_DE","og_type":"article","og_title":"Dutch Edam Ball 40% Fett I. Tr. - 6x 1,9kg - Visser Kaas","og_description":"Traditioneller holl\u00e4ndischer Edamer-K\u00e4se, perfekt f\u00fcr Liebhaber milder, cremiger Aromen. Entdecken Sie diese k\u00f6stliche Delikatesse!","og_url":"https:\/\/visser-kaas.nl\/de\/product\/dutch-edam-ball-40-fett-i-tr-6x-19kg\/","og_site_name":"Visser Kaas","article_modified_time":"2025-06-04T14:01:28+00:00","og_image":[{"width":1024,"height":1024,"url":"https:\/\/visser-kaas.nl\/wp-content\/uploads\/huizer-kaas-edam-1.jpg","type":"image\/jpeg"}],"twitter_card":"summary_large_image","twitter_misc":{"Gesch\u00e4tzte Lesezeit":"1\u00a0Minute"},"schema":{"@context":"https:\/\/schema.org","@graph":[{"@type":"WebPage","@id":"https:\/\/visser-kaas.nl\/de\/product\/dutch-edam-ball-40-fett-i-tr-6x-19kg\/","url":"https:\/\/visser-kaas.nl\/de\/product\/dutch-edam-ball-40-fett-i-tr-6x-19kg\/","name":"Dutch Edam Ball 40% Fett I. Tr. - 6x 1,9kg - Visser Kaas","isPartOf":{"@id":"https:\/\/visser-kaas.nl\/de\/#website"},"primaryImageOfPage":{"@id":"https:\/\/visser-kaas.nl\/de\/product\/dutch-edam-ball-40-fett-i-tr-6x-19kg\/#primaryimage"},"image":{"@id":"https:\/\/visser-kaas.nl\/de\/product\/dutch-edam-ball-40-fett-i-tr-6x-19kg\/#primaryimage"},"thumbnailUrl":"https:\/\/visser-kaas.nl\/wp-content\/uploads\/huizer-kaas-edam-1.jpg","datePublished":"2022-01-25T10:49:30+00:00","dateModified":"2025-06-04T14:01:28+00:00","description":"Traditioneller holl\u00e4ndischer Edamer-K\u00e4se, perfekt f\u00fcr Liebhaber milder, cremiger Aromen. Entdecken Sie diese k\u00f6stliche Delikatesse!","breadcrumb":{"@id":"https:\/\/visser-kaas.nl\/de\/product\/dutch-edam-ball-40-fett-i-tr-6x-19kg\/#breadcrumb"},"inLanguage":"de","potentialAction":[{"@type":"ReadAction","target":["https:\/\/visser-kaas.nl\/de\/product\/dutch-edam-ball-40-fett-i-tr-6x-19kg\/"]}]},{"@type":"ImageObject","inLanguage":"de","@id":"https:\/\/visser-kaas.nl\/de\/product\/dutch-edam-ball-40-fett-i-tr-6x-19kg\/#primaryimage","url":"https:\/\/visser-kaas.nl\/wp-content\/uploads\/huizer-kaas-edam-1.jpg","contentUrl":"https:\/\/visser-kaas.nl\/wp-content\/uploads\/huizer-kaas-edam-1.jpg","width":1024,"height":1024},{"@type":"BreadcrumbList","@id":"https:\/\/visser-kaas.nl\/de\/product\/dutch-edam-ball-40-fett-i-tr-6x-19kg\/#breadcrumb","itemListElement":[{"@type":"ListItem","position":1,"name":"Home","item":"https:\/\/visser-kaas.nl\/de\/"},{"@type":"ListItem","position":2,"name":"Producten","item":"https:\/\/visser-kaas.nl\/de\/product\/"},{"@type":"ListItem","position":3,"name":"Dutch Edam Ball 40% Fett I. Tr. &#8211; 6x 1,9kg"}]},{"@type":"WebSite","@id":"https:\/\/visser-kaas.nl\/de\/#website","url":"https:\/\/visser-kaas.nl\/de\/","name":"Visser Kaas","description":"","publisher":{"@id":"https:\/\/visser-kaas.nl\/de\/#organization"},"potentialAction":[{"@type":"SearchAction","target":{"@type":"EntryPoint","urlTemplate":"https:\/\/visser-kaas.nl\/de\/?s={search_term_string}"},"query-input":{"@type":"PropertyValueSpecification","valueRequired":true,"valueName":"search_term_string"}}],"inLanguage":"de"},{"@type":"Organization","@id":"https:\/\/visser-kaas.nl\/de\/#organization","name":"Visser Kaas","url":"https:\/\/visser-kaas.nl\/de\/","logo":{"@type":"ImageObject","inLanguage":"de","@id":"https:\/\/visser-kaas.nl\/de\/#\/schema\/logo\/image\/","url":"https:\/\/visser-kaas.nl\/wp-content\/uploads\/media\/cropped-cropped-logo-2.png","contentUrl":"https:\/\/visser-kaas.nl\/wp-content\/uploads\/media\/cropped-cropped-logo-2.png","width":1620,"height":325,"caption":"Visser Kaas"},"image":{"@id":"https:\/\/visser-kaas.nl\/de\/#\/schema\/logo\/image\/"}}]}},"_links":{"self":[{"href":"https:\/\/visser-kaas.nl\/de\/wp-json\/wp\/v2\/product\/4525","targetHints":{"allow":["GET"]}}],"collection":[{"href":"https:\/\/visser-kaas.nl\/de\/wp-json\/wp\/v2\/product"}],"about":[{"href":"https:\/\/visser-kaas.nl\/de\/wp-json\/wp\/v2\/types\/product"}],"version-history":[{"count":1,"href":"https:\/\/visser-kaas.nl\/de\/wp-json\/wp\/v2\/product\/4525\/revisions"}],"predecessor-version":[{"id":4526,"href":"https:\/\/visser-kaas.nl\/de\/wp-json\/wp\/v2\/product\/4525\/revisions\/4526"}],"wp:featuredmedia":[{"embeddable":true,"href":"https:\/\/visser-kaas.nl\/de\/wp-json\/wp\/v2\/media\/6186"}],"wp:attachment":[{"href":"https:\/\/visser-kaas.nl\/de\/wp-json\/wp\/v2\/media?parent=4525"}],"wp:term":[{"taxonomy":"categorie","embeddable":true,"href":"https:\/\/visser-kaas.nl\/de\/wp-json\/wp\/v2\/categorie?post=4525"}],"curies":[{"name":"wp","href":"https:\/\/api.w.org\/{rel}","templated":true}]}}