{"id":4519,"date":"2022-01-25T11:09:08","date_gmt":"2022-01-25T10:09:08","guid":{"rendered":"https:\/\/www.visser-kaas.nl\/?post_type=product&#038;p=4519"},"modified":"2025-06-04T16:00:38","modified_gmt":"2025-06-04T14:00:38","slug":"weisse-cheddar-kase-visser-kaashandel","status":"publish","type":"product","link":"https:\/\/visser-kaas.nl\/de\/product\/weisse-cheddar-kase-visser-kaashandel\/","title":{"rendered":"Wei\u00dfe Cheddar 50% Fett I. Tr. &#8211; ca. 2,5kg"},"content":{"rendered":"<p><strong>wei\u00dfe Cheddar 50% Fett I. Tr. &#8211; ca. 2,5kg<\/strong><\/p>\n<p>Cheddar ist einer der beliebtesten K\u00e4sesorten weltweit, teilweise aufgrund seiner Verwendung auf Burgern und Pizzen. Dieser 50+ wei\u00dfe Cheddar wird urspr\u00fcnglich in Gro\u00dfbritannien nach einem authentischen Rezept hergestellt. Die 20kg Bl\u00f6cke schneiden wir in unserem Lager in 2,5kg Rollen und verpacken diese in Klarsichtfolie. Der Cheddar hat einen charakteristischen Cheddar-Geruch und -Geschmack und l\u00e4sst sich leicht schneiden, reiben und gut schmelzen. Die perfekte Erg\u00e4nzung f\u00fcr einen leckeren saftigen Burger.<\/p>\n","protected":false},"excerpt":{"rendered":"<p>2,5kg<\/p>\n","protected":false},"featured_media":7093,"menu_order":0,"template":"","categorie":[36],"class_list":["post-4519","product","type-product","status-publish","has-post-thumbnail","hentry","categorie-overig-de"],"acf":[],"yoast_head":"<!-- This site is optimized with the Yoast SEO plugin v27.3 - https:\/\/yoast.com\/product\/yoast-seo-wordpress\/ -->\n<title>Wei\u00dfe Cheddar 50% Fett I. Tr. - ca. 2,5kg - Visser Kaas<\/title>\n<meta name=\"description\" content=\"Wei\u00dfe Cheddar 50%: Genie\u00dfen Sie den intensiven Geschmack und die cremige Textur dieses k\u00f6stlichen Cheddar-K\u00e4ses mit 50% Fettanteil.\" \/>\n<meta name=\"robots\" content=\"index, follow, max-snippet:-1, max-image-preview:large, max-video-preview:-1\" \/>\n<link rel=\"canonical\" href=\"https:\/\/visser-kaas.nl\/de\/product\/weisse-cheddar-kase-visser-kaashandel\/\" \/>\n<meta property=\"og:locale\" content=\"de_DE\" \/>\n<meta property=\"og:type\" content=\"article\" \/>\n<meta property=\"og:title\" content=\"Wei\u00dfe Cheddar 50% Fett I. Tr. - ca. 2,5kg - Visser Kaas\" \/>\n<meta property=\"og:description\" content=\"Wei\u00dfe Cheddar 50%: Genie\u00dfen Sie den intensiven Geschmack und die cremige Textur dieses k\u00f6stlichen Cheddar-K\u00e4ses mit 50% Fettanteil.\" \/>\n<meta property=\"og:url\" content=\"https:\/\/visser-kaas.nl\/de\/product\/weisse-cheddar-kase-visser-kaashandel\/\" \/>\n<meta property=\"og:site_name\" content=\"Visser Kaas\" \/>\n<meta property=\"article:modified_time\" content=\"2025-06-04T14:00:38+00:00\" \/>\n<meta property=\"og:image\" content=\"https:\/\/visser-kaas.nl\/wp-content\/uploads\/HKG-Original-White-Cheddar-Loaf.jpg\" \/>\n\t<meta property=\"og:image:width\" content=\"1024\" \/>\n\t<meta property=\"og:image:height\" content=\"1024\" \/>\n\t<meta property=\"og:image:type\" content=\"image\/jpeg\" \/>\n<meta name=\"twitter:card\" content=\"summary_large_image\" \/>\n<meta name=\"twitter:label1\" content=\"Gesch\u00e4tzte Lesezeit\" \/>\n\t<meta name=\"twitter:data1\" content=\"1\u00a0Minute\" \/>\n<script type=\"application\/ld+json\" class=\"yoast-schema-graph\">{\"@context\":\"https:\\\/\\\/schema.org\",\"@graph\":[{\"@type\":\"WebPage\",\"@id\":\"https:\\\/\\\/visser-kaas.nl\\\/de\\\/product\\\/weisse-cheddar-kase-visser-kaashandel\\\/\",\"url\":\"https:\\\/\\\/visser-kaas.nl\\\/de\\\/product\\\/weisse-cheddar-kase-visser-kaashandel\\\/\",\"name\":\"Wei\u00dfe Cheddar 50% Fett I. Tr. - ca. 2,5kg - Visser Kaas\",\"isPartOf\":{\"@id\":\"https:\\\/\\\/visser-kaas.nl\\\/de\\\/#website\"},\"primaryImageOfPage\":{\"@id\":\"https:\\\/\\\/visser-kaas.nl\\\/de\\\/product\\\/weisse-cheddar-kase-visser-kaashandel\\\/#primaryimage\"},\"image\":{\"@id\":\"https:\\\/\\\/visser-kaas.nl\\\/de\\\/product\\\/weisse-cheddar-kase-visser-kaashandel\\\/#primaryimage\"},\"thumbnailUrl\":\"https:\\\/\\\/visser-kaas.nl\\\/wp-content\\\/uploads\\\/HKG-Original-White-Cheddar-Loaf.jpg\",\"datePublished\":\"2022-01-25T10:09:08+00:00\",\"dateModified\":\"2025-06-04T14:00:38+00:00\",\"description\":\"Wei\u00dfe Cheddar 50%: Genie\u00dfen Sie den intensiven Geschmack und die cremige Textur dieses k\u00f6stlichen Cheddar-K\u00e4ses mit 50% Fettanteil.\",\"breadcrumb\":{\"@id\":\"https:\\\/\\\/visser-kaas.nl\\\/de\\\/product\\\/weisse-cheddar-kase-visser-kaashandel\\\/#breadcrumb\"},\"inLanguage\":\"de\",\"potentialAction\":[{\"@type\":\"ReadAction\",\"target\":[\"https:\\\/\\\/visser-kaas.nl\\\/de\\\/product\\\/weisse-cheddar-kase-visser-kaashandel\\\/\"]}]},{\"@type\":\"ImageObject\",\"inLanguage\":\"de\",\"@id\":\"https:\\\/\\\/visser-kaas.nl\\\/de\\\/product\\\/weisse-cheddar-kase-visser-kaashandel\\\/#primaryimage\",\"url\":\"https:\\\/\\\/visser-kaas.nl\\\/wp-content\\\/uploads\\\/HKG-Original-White-Cheddar-Loaf.jpg\",\"contentUrl\":\"https:\\\/\\\/visser-kaas.nl\\\/wp-content\\\/uploads\\\/HKG-Original-White-Cheddar-Loaf.jpg\",\"width\":1024,\"height\":1024},{\"@type\":\"BreadcrumbList\",\"@id\":\"https:\\\/\\\/visser-kaas.nl\\\/de\\\/product\\\/weisse-cheddar-kase-visser-kaashandel\\\/#breadcrumb\",\"itemListElement\":[{\"@type\":\"ListItem\",\"position\":1,\"name\":\"Home\",\"item\":\"https:\\\/\\\/visser-kaas.nl\\\/de\\\/\"},{\"@type\":\"ListItem\",\"position\":2,\"name\":\"Producten\",\"item\":\"https:\\\/\\\/visser-kaas.nl\\\/de\\\/product\\\/\"},{\"@type\":\"ListItem\",\"position\":3,\"name\":\"Wei\u00dfe Cheddar 50% Fett I. Tr. &#8211; ca. 2,5kg\"}]},{\"@type\":\"WebSite\",\"@id\":\"https:\\\/\\\/visser-kaas.nl\\\/de\\\/#website\",\"url\":\"https:\\\/\\\/visser-kaas.nl\\\/de\\\/\",\"name\":\"Visser Kaas\",\"description\":\"\",\"publisher\":{\"@id\":\"https:\\\/\\\/visser-kaas.nl\\\/de\\\/#organization\"},\"potentialAction\":[{\"@type\":\"SearchAction\",\"target\":{\"@type\":\"EntryPoint\",\"urlTemplate\":\"https:\\\/\\\/visser-kaas.nl\\\/de\\\/?s={search_term_string}\"},\"query-input\":{\"@type\":\"PropertyValueSpecification\",\"valueRequired\":true,\"valueName\":\"search_term_string\"}}],\"inLanguage\":\"de\"},{\"@type\":\"Organization\",\"@id\":\"https:\\\/\\\/visser-kaas.nl\\\/de\\\/#organization\",\"name\":\"Visser Kaas\",\"url\":\"https:\\\/\\\/visser-kaas.nl\\\/de\\\/\",\"logo\":{\"@type\":\"ImageObject\",\"inLanguage\":\"de\",\"@id\":\"https:\\\/\\\/visser-kaas.nl\\\/de\\\/#\\\/schema\\\/logo\\\/image\\\/\",\"url\":\"https:\\\/\\\/visser-kaas.nl\\\/wp-content\\\/uploads\\\/media\\\/cropped-cropped-logo-2.png\",\"contentUrl\":\"https:\\\/\\\/visser-kaas.nl\\\/wp-content\\\/uploads\\\/media\\\/cropped-cropped-logo-2.png\",\"width\":1620,\"height\":325,\"caption\":\"Visser Kaas\"},\"image\":{\"@id\":\"https:\\\/\\\/visser-kaas.nl\\\/de\\\/#\\\/schema\\\/logo\\\/image\\\/\"}}]}<\/script>\n<!-- \/ Yoast SEO plugin. -->","yoast_head_json":{"title":"Wei\u00dfe Cheddar 50% Fett I. Tr. - ca. 2,5kg - Visser Kaas","description":"Wei\u00dfe Cheddar 50%: Genie\u00dfen Sie den intensiven Geschmack und die cremige Textur dieses k\u00f6stlichen Cheddar-K\u00e4ses mit 50% Fettanteil.","robots":{"index":"index","follow":"follow","max-snippet":"max-snippet:-1","max-image-preview":"max-image-preview:large","max-video-preview":"max-video-preview:-1"},"canonical":"https:\/\/visser-kaas.nl\/de\/product\/weisse-cheddar-kase-visser-kaashandel\/","og_locale":"de_DE","og_type":"article","og_title":"Wei\u00dfe Cheddar 50% Fett I. Tr. - ca. 2,5kg - Visser Kaas","og_description":"Wei\u00dfe Cheddar 50%: Genie\u00dfen Sie den intensiven Geschmack und die cremige Textur dieses k\u00f6stlichen Cheddar-K\u00e4ses mit 50% Fettanteil.","og_url":"https:\/\/visser-kaas.nl\/de\/product\/weisse-cheddar-kase-visser-kaashandel\/","og_site_name":"Visser Kaas","article_modified_time":"2025-06-04T14:00:38+00:00","og_image":[{"width":1024,"height":1024,"url":"https:\/\/visser-kaas.nl\/wp-content\/uploads\/HKG-Original-White-Cheddar-Loaf.jpg","type":"image\/jpeg"}],"twitter_card":"summary_large_image","twitter_misc":{"Gesch\u00e4tzte Lesezeit":"1\u00a0Minute"},"schema":{"@context":"https:\/\/schema.org","@graph":[{"@type":"WebPage","@id":"https:\/\/visser-kaas.nl\/de\/product\/weisse-cheddar-kase-visser-kaashandel\/","url":"https:\/\/visser-kaas.nl\/de\/product\/weisse-cheddar-kase-visser-kaashandel\/","name":"Wei\u00dfe Cheddar 50% Fett I. Tr. - ca. 2,5kg - Visser Kaas","isPartOf":{"@id":"https:\/\/visser-kaas.nl\/de\/#website"},"primaryImageOfPage":{"@id":"https:\/\/visser-kaas.nl\/de\/product\/weisse-cheddar-kase-visser-kaashandel\/#primaryimage"},"image":{"@id":"https:\/\/visser-kaas.nl\/de\/product\/weisse-cheddar-kase-visser-kaashandel\/#primaryimage"},"thumbnailUrl":"https:\/\/visser-kaas.nl\/wp-content\/uploads\/HKG-Original-White-Cheddar-Loaf.jpg","datePublished":"2022-01-25T10:09:08+00:00","dateModified":"2025-06-04T14:00:38+00:00","description":"Wei\u00dfe Cheddar 50%: Genie\u00dfen Sie den intensiven Geschmack und die cremige Textur dieses k\u00f6stlichen Cheddar-K\u00e4ses mit 50% Fettanteil.","breadcrumb":{"@id":"https:\/\/visser-kaas.nl\/de\/product\/weisse-cheddar-kase-visser-kaashandel\/#breadcrumb"},"inLanguage":"de","potentialAction":[{"@type":"ReadAction","target":["https:\/\/visser-kaas.nl\/de\/product\/weisse-cheddar-kase-visser-kaashandel\/"]}]},{"@type":"ImageObject","inLanguage":"de","@id":"https:\/\/visser-kaas.nl\/de\/product\/weisse-cheddar-kase-visser-kaashandel\/#primaryimage","url":"https:\/\/visser-kaas.nl\/wp-content\/uploads\/HKG-Original-White-Cheddar-Loaf.jpg","contentUrl":"https:\/\/visser-kaas.nl\/wp-content\/uploads\/HKG-Original-White-Cheddar-Loaf.jpg","width":1024,"height":1024},{"@type":"BreadcrumbList","@id":"https:\/\/visser-kaas.nl\/de\/product\/weisse-cheddar-kase-visser-kaashandel\/#breadcrumb","itemListElement":[{"@type":"ListItem","position":1,"name":"Home","item":"https:\/\/visser-kaas.nl\/de\/"},{"@type":"ListItem","position":2,"name":"Producten","item":"https:\/\/visser-kaas.nl\/de\/product\/"},{"@type":"ListItem","position":3,"name":"Wei\u00dfe Cheddar 50% Fett I. Tr. &#8211; ca. 2,5kg"}]},{"@type":"WebSite","@id":"https:\/\/visser-kaas.nl\/de\/#website","url":"https:\/\/visser-kaas.nl\/de\/","name":"Visser Kaas","description":"","publisher":{"@id":"https:\/\/visser-kaas.nl\/de\/#organization"},"potentialAction":[{"@type":"SearchAction","target":{"@type":"EntryPoint","urlTemplate":"https:\/\/visser-kaas.nl\/de\/?s={search_term_string}"},"query-input":{"@type":"PropertyValueSpecification","valueRequired":true,"valueName":"search_term_string"}}],"inLanguage":"de"},{"@type":"Organization","@id":"https:\/\/visser-kaas.nl\/de\/#organization","name":"Visser Kaas","url":"https:\/\/visser-kaas.nl\/de\/","logo":{"@type":"ImageObject","inLanguage":"de","@id":"https:\/\/visser-kaas.nl\/de\/#\/schema\/logo\/image\/","url":"https:\/\/visser-kaas.nl\/wp-content\/uploads\/media\/cropped-cropped-logo-2.png","contentUrl":"https:\/\/visser-kaas.nl\/wp-content\/uploads\/media\/cropped-cropped-logo-2.png","width":1620,"height":325,"caption":"Visser Kaas"},"image":{"@id":"https:\/\/visser-kaas.nl\/de\/#\/schema\/logo\/image\/"}}]}},"_links":{"self":[{"href":"https:\/\/visser-kaas.nl\/de\/wp-json\/wp\/v2\/product\/4519","targetHints":{"allow":["GET"]}}],"collection":[{"href":"https:\/\/visser-kaas.nl\/de\/wp-json\/wp\/v2\/product"}],"about":[{"href":"https:\/\/visser-kaas.nl\/de\/wp-json\/wp\/v2\/types\/product"}],"version-history":[{"count":2,"href":"https:\/\/visser-kaas.nl\/de\/wp-json\/wp\/v2\/product\/4519\/revisions"}],"predecessor-version":[{"id":5013,"href":"https:\/\/visser-kaas.nl\/de\/wp-json\/wp\/v2\/product\/4519\/revisions\/5013"}],"wp:featuredmedia":[{"embeddable":true,"href":"https:\/\/visser-kaas.nl\/de\/wp-json\/wp\/v2\/media\/7093"}],"wp:attachment":[{"href":"https:\/\/visser-kaas.nl\/de\/wp-json\/wp\/v2\/media?parent=4519"}],"wp:term":[{"taxonomy":"categorie","embeddable":true,"href":"https:\/\/visser-kaas.nl\/de\/wp-json\/wp\/v2\/categorie?post=4519"}],"curies":[{"name":"wp","href":"https:\/\/api.w.org\/{rel}","templated":true}]}}