{"id":4509,"date":"2022-01-21T11:50:12","date_gmt":"2022-01-21T10:50:12","guid":{"rendered":"https:\/\/www.visser-kaas.nl\/?post_type=product&#038;p=4509"},"modified":"2024-08-29T16:32:37","modified_gmt":"2024-08-29T14:32:37","slug":"proosdij-premium-red-label-min-45-fett-i-tr","status":"publish","type":"product","link":"https:\/\/visser-kaas.nl\/de\/product\/proosdij-premium-red-label-min-45-fett-i-tr\/","title":{"rendered":"Proosdij Premium Red Label min. 45% Fett i. Tr."},"content":{"rendered":"<p><strong>Huizer Kaas Gilde Proosdij Premium Red label 45+ K\u00e4se\u2013 ca. 12kg Rad<\/strong><\/p>\n<p>Der Huizer Kaas-Gilde Premium Red Label ist ein einzigartiger K\u00e4se. Dieser K\u00e4se ist nicht nur durch das originelle Etikett ein Hingucker, auch der Geschmack ist von beispielloser Klasse. Der K\u00e4se hat einen leicht s\u00fc\u00dflichen Geschmack und zergeht auf der Zunge. Eine wahre Delikatesse, die Sie nicht entt\u00e4uschen wird!<\/p>\n","protected":false},"excerpt":{"rendered":"<p>12kg<\/p>\n","protected":false},"featured_media":6177,"menu_order":0,"template":"","categorie":[32],"class_list":["post-4509","product","type-product","status-publish","has-post-thumbnail","hentry","categorie-traditioneller-kase"],"acf":[],"yoast_head":"<!-- This site is optimized with the Yoast SEO plugin v27.5 - https:\/\/yoast.com\/product\/yoast-seo-wordpress\/ -->\n<title>Proosdij Premium Red Label min. 45% Fett i. Tr. - Visser Kaas<\/title>\n<meta name=\"description\" content=\"Entdecken Sie den einzigartigen Geschmack und die Qualit\u00e4t dieses erstklassigen Rotweins aus der Proosdij-Kollektion.\" \/>\n<meta name=\"robots\" content=\"index, follow, max-snippet:-1, max-image-preview:large, max-video-preview:-1\" \/>\n<link rel=\"canonical\" href=\"https:\/\/visser-kaas.nl\/de\/product\/proosdij-premium-red-label-min-45-fett-i-tr\/\" \/>\n<meta property=\"og:locale\" content=\"de_DE\" \/>\n<meta property=\"og:type\" content=\"article\" \/>\n<meta property=\"og:title\" content=\"Proosdij Premium Red Label min. 45% Fett i. Tr. - Visser Kaas\" \/>\n<meta property=\"og:description\" content=\"Entdecken Sie den einzigartigen Geschmack und die Qualit\u00e4t dieses erstklassigen Rotweins aus der Proosdij-Kollektion.\" \/>\n<meta property=\"og:url\" content=\"https:\/\/visser-kaas.nl\/de\/product\/proosdij-premium-red-label-min-45-fett-i-tr\/\" \/>\n<meta property=\"og:site_name\" content=\"Visser Kaas\" \/>\n<meta property=\"article:modified_time\" content=\"2024-08-29T14:32:37+00:00\" \/>\n<meta property=\"og:image\" content=\"https:\/\/visser-kaas.nl\/wp-content\/uploads\/Sweet-Proosdij-Red-Label-2.jpg\" \/>\n\t<meta property=\"og:image:width\" content=\"1024\" \/>\n\t<meta property=\"og:image:height\" content=\"1024\" \/>\n\t<meta property=\"og:image:type\" content=\"image\/jpeg\" \/>\n<meta name=\"twitter:card\" content=\"summary_large_image\" \/>\n<meta name=\"twitter:label1\" content=\"Gesch\u00e4tzte Lesezeit\" \/>\n\t<meta name=\"twitter:data1\" content=\"1\u00a0Minute\" \/>\n<script type=\"application\/ld+json\" class=\"yoast-schema-graph\">{\"@context\":\"https:\\\/\\\/schema.org\",\"@graph\":[{\"@type\":\"WebPage\",\"@id\":\"https:\\\/\\\/visser-kaas.nl\\\/de\\\/product\\\/proosdij-premium-red-label-min-45-fett-i-tr\\\/\",\"url\":\"https:\\\/\\\/visser-kaas.nl\\\/de\\\/product\\\/proosdij-premium-red-label-min-45-fett-i-tr\\\/\",\"name\":\"Proosdij Premium Red Label min. 45% Fett i. Tr. - Visser Kaas\",\"isPartOf\":{\"@id\":\"https:\\\/\\\/visser-kaas.nl\\\/de\\\/#website\"},\"primaryImageOfPage\":{\"@id\":\"https:\\\/\\\/visser-kaas.nl\\\/de\\\/product\\\/proosdij-premium-red-label-min-45-fett-i-tr\\\/#primaryimage\"},\"image\":{\"@id\":\"https:\\\/\\\/visser-kaas.nl\\\/de\\\/product\\\/proosdij-premium-red-label-min-45-fett-i-tr\\\/#primaryimage\"},\"thumbnailUrl\":\"https:\\\/\\\/visser-kaas.nl\\\/wp-content\\\/uploads\\\/Sweet-Proosdij-Red-Label-2.jpg\",\"datePublished\":\"2022-01-21T10:50:12+00:00\",\"dateModified\":\"2024-08-29T14:32:37+00:00\",\"description\":\"Entdecken Sie den einzigartigen Geschmack und die Qualit\u00e4t dieses erstklassigen Rotweins aus der Proosdij-Kollektion.\",\"breadcrumb\":{\"@id\":\"https:\\\/\\\/visser-kaas.nl\\\/de\\\/product\\\/proosdij-premium-red-label-min-45-fett-i-tr\\\/#breadcrumb\"},\"inLanguage\":\"de\",\"potentialAction\":[{\"@type\":\"ReadAction\",\"target\":[\"https:\\\/\\\/visser-kaas.nl\\\/de\\\/product\\\/proosdij-premium-red-label-min-45-fett-i-tr\\\/\"]}]},{\"@type\":\"ImageObject\",\"inLanguage\":\"de\",\"@id\":\"https:\\\/\\\/visser-kaas.nl\\\/de\\\/product\\\/proosdij-premium-red-label-min-45-fett-i-tr\\\/#primaryimage\",\"url\":\"https:\\\/\\\/visser-kaas.nl\\\/wp-content\\\/uploads\\\/Sweet-Proosdij-Red-Label-2.jpg\",\"contentUrl\":\"https:\\\/\\\/visser-kaas.nl\\\/wp-content\\\/uploads\\\/Sweet-Proosdij-Red-Label-2.jpg\",\"width\":1024,\"height\":1024},{\"@type\":\"BreadcrumbList\",\"@id\":\"https:\\\/\\\/visser-kaas.nl\\\/de\\\/product\\\/proosdij-premium-red-label-min-45-fett-i-tr\\\/#breadcrumb\",\"itemListElement\":[{\"@type\":\"ListItem\",\"position\":1,\"name\":\"Home\",\"item\":\"https:\\\/\\\/visser-kaas.nl\\\/de\\\/\"},{\"@type\":\"ListItem\",\"position\":2,\"name\":\"Producten\",\"item\":\"https:\\\/\\\/visser-kaas.nl\\\/de\\\/product\\\/\"},{\"@type\":\"ListItem\",\"position\":3,\"name\":\"Proosdij Premium Red Label min. 45% Fett i. Tr.\"}]},{\"@type\":\"WebSite\",\"@id\":\"https:\\\/\\\/visser-kaas.nl\\\/de\\\/#website\",\"url\":\"https:\\\/\\\/visser-kaas.nl\\\/de\\\/\",\"name\":\"Visser Kaas\",\"description\":\"\",\"publisher\":{\"@id\":\"https:\\\/\\\/visser-kaas.nl\\\/de\\\/#organization\"},\"potentialAction\":[{\"@type\":\"SearchAction\",\"target\":{\"@type\":\"EntryPoint\",\"urlTemplate\":\"https:\\\/\\\/visser-kaas.nl\\\/de\\\/?s={search_term_string}\"},\"query-input\":{\"@type\":\"PropertyValueSpecification\",\"valueRequired\":true,\"valueName\":\"search_term_string\"}}],\"inLanguage\":\"de\"},{\"@type\":\"Organization\",\"@id\":\"https:\\\/\\\/visser-kaas.nl\\\/de\\\/#organization\",\"name\":\"Visser Kaas\",\"url\":\"https:\\\/\\\/visser-kaas.nl\\\/de\\\/\",\"logo\":{\"@type\":\"ImageObject\",\"inLanguage\":\"de\",\"@id\":\"https:\\\/\\\/visser-kaas.nl\\\/de\\\/#\\\/schema\\\/logo\\\/image\\\/\",\"url\":\"https:\\\/\\\/visser-kaas.nl\\\/wp-content\\\/uploads\\\/media\\\/cropped-cropped-logo-2.png\",\"contentUrl\":\"https:\\\/\\\/visser-kaas.nl\\\/wp-content\\\/uploads\\\/media\\\/cropped-cropped-logo-2.png\",\"width\":1620,\"height\":325,\"caption\":\"Visser Kaas\"},\"image\":{\"@id\":\"https:\\\/\\\/visser-kaas.nl\\\/de\\\/#\\\/schema\\\/logo\\\/image\\\/\"}}]}<\/script>\n<!-- \/ Yoast SEO plugin. -->","yoast_head_json":{"title":"Proosdij Premium Red Label min. 45% Fett i. Tr. - Visser Kaas","description":"Entdecken Sie den einzigartigen Geschmack und die Qualit\u00e4t dieses erstklassigen Rotweins aus der Proosdij-Kollektion.","robots":{"index":"index","follow":"follow","max-snippet":"max-snippet:-1","max-image-preview":"max-image-preview:large","max-video-preview":"max-video-preview:-1"},"canonical":"https:\/\/visser-kaas.nl\/de\/product\/proosdij-premium-red-label-min-45-fett-i-tr\/","og_locale":"de_DE","og_type":"article","og_title":"Proosdij Premium Red Label min. 45% Fett i. Tr. - Visser Kaas","og_description":"Entdecken Sie den einzigartigen Geschmack und die Qualit\u00e4t dieses erstklassigen Rotweins aus der Proosdij-Kollektion.","og_url":"https:\/\/visser-kaas.nl\/de\/product\/proosdij-premium-red-label-min-45-fett-i-tr\/","og_site_name":"Visser Kaas","article_modified_time":"2024-08-29T14:32:37+00:00","og_image":[{"width":1024,"height":1024,"url":"https:\/\/visser-kaas.nl\/wp-content\/uploads\/Sweet-Proosdij-Red-Label-2.jpg","type":"image\/jpeg"}],"twitter_card":"summary_large_image","twitter_misc":{"Gesch\u00e4tzte Lesezeit":"1\u00a0Minute"},"schema":{"@context":"https:\/\/schema.org","@graph":[{"@type":"WebPage","@id":"https:\/\/visser-kaas.nl\/de\/product\/proosdij-premium-red-label-min-45-fett-i-tr\/","url":"https:\/\/visser-kaas.nl\/de\/product\/proosdij-premium-red-label-min-45-fett-i-tr\/","name":"Proosdij Premium Red Label min. 45% Fett i. Tr. - Visser Kaas","isPartOf":{"@id":"https:\/\/visser-kaas.nl\/de\/#website"},"primaryImageOfPage":{"@id":"https:\/\/visser-kaas.nl\/de\/product\/proosdij-premium-red-label-min-45-fett-i-tr\/#primaryimage"},"image":{"@id":"https:\/\/visser-kaas.nl\/de\/product\/proosdij-premium-red-label-min-45-fett-i-tr\/#primaryimage"},"thumbnailUrl":"https:\/\/visser-kaas.nl\/wp-content\/uploads\/Sweet-Proosdij-Red-Label-2.jpg","datePublished":"2022-01-21T10:50:12+00:00","dateModified":"2024-08-29T14:32:37+00:00","description":"Entdecken Sie den einzigartigen Geschmack und die Qualit\u00e4t dieses erstklassigen Rotweins aus der Proosdij-Kollektion.","breadcrumb":{"@id":"https:\/\/visser-kaas.nl\/de\/product\/proosdij-premium-red-label-min-45-fett-i-tr\/#breadcrumb"},"inLanguage":"de","potentialAction":[{"@type":"ReadAction","target":["https:\/\/visser-kaas.nl\/de\/product\/proosdij-premium-red-label-min-45-fett-i-tr\/"]}]},{"@type":"ImageObject","inLanguage":"de","@id":"https:\/\/visser-kaas.nl\/de\/product\/proosdij-premium-red-label-min-45-fett-i-tr\/#primaryimage","url":"https:\/\/visser-kaas.nl\/wp-content\/uploads\/Sweet-Proosdij-Red-Label-2.jpg","contentUrl":"https:\/\/visser-kaas.nl\/wp-content\/uploads\/Sweet-Proosdij-Red-Label-2.jpg","width":1024,"height":1024},{"@type":"BreadcrumbList","@id":"https:\/\/visser-kaas.nl\/de\/product\/proosdij-premium-red-label-min-45-fett-i-tr\/#breadcrumb","itemListElement":[{"@type":"ListItem","position":1,"name":"Home","item":"https:\/\/visser-kaas.nl\/de\/"},{"@type":"ListItem","position":2,"name":"Producten","item":"https:\/\/visser-kaas.nl\/de\/product\/"},{"@type":"ListItem","position":3,"name":"Proosdij Premium Red Label min. 45% Fett i. Tr."}]},{"@type":"WebSite","@id":"https:\/\/visser-kaas.nl\/de\/#website","url":"https:\/\/visser-kaas.nl\/de\/","name":"Visser Kaas","description":"","publisher":{"@id":"https:\/\/visser-kaas.nl\/de\/#organization"},"potentialAction":[{"@type":"SearchAction","target":{"@type":"EntryPoint","urlTemplate":"https:\/\/visser-kaas.nl\/de\/?s={search_term_string}"},"query-input":{"@type":"PropertyValueSpecification","valueRequired":true,"valueName":"search_term_string"}}],"inLanguage":"de"},{"@type":"Organization","@id":"https:\/\/visser-kaas.nl\/de\/#organization","name":"Visser Kaas","url":"https:\/\/visser-kaas.nl\/de\/","logo":{"@type":"ImageObject","inLanguage":"de","@id":"https:\/\/visser-kaas.nl\/de\/#\/schema\/logo\/image\/","url":"https:\/\/visser-kaas.nl\/wp-content\/uploads\/media\/cropped-cropped-logo-2.png","contentUrl":"https:\/\/visser-kaas.nl\/wp-content\/uploads\/media\/cropped-cropped-logo-2.png","width":1620,"height":325,"caption":"Visser Kaas"},"image":{"@id":"https:\/\/visser-kaas.nl\/de\/#\/schema\/logo\/image\/"}}]}},"_links":{"self":[{"href":"https:\/\/visser-kaas.nl\/de\/wp-json\/wp\/v2\/product\/4509","targetHints":{"allow":["GET"]}}],"collection":[{"href":"https:\/\/visser-kaas.nl\/de\/wp-json\/wp\/v2\/product"}],"about":[{"href":"https:\/\/visser-kaas.nl\/de\/wp-json\/wp\/v2\/types\/product"}],"version-history":[{"count":3,"href":"https:\/\/visser-kaas.nl\/de\/wp-json\/wp\/v2\/product\/4509\/revisions"}],"predecessor-version":[{"id":4512,"href":"https:\/\/visser-kaas.nl\/de\/wp-json\/wp\/v2\/product\/4509\/revisions\/4512"}],"wp:featuredmedia":[{"embeddable":true,"href":"https:\/\/visser-kaas.nl\/de\/wp-json\/wp\/v2\/media\/6177"}],"wp:attachment":[{"href":"https:\/\/visser-kaas.nl\/de\/wp-json\/wp\/v2\/media?parent=4509"}],"wp:term":[{"taxonomy":"categorie","embeddable":true,"href":"https:\/\/visser-kaas.nl\/de\/wp-json\/wp\/v2\/categorie?post=4509"}],"curies":[{"name":"wp","href":"https:\/\/api.w.org\/{rel}","templated":true}]}}