{"id":2476,"date":"2019-12-31T11:44:47","date_gmt":"2019-12-31T10:44:47","guid":{"rendered":"https:\/\/www.visser-kaas.nl\/product\/frau-antje-kaas\/"},"modified":"2024-03-04T09:47:01","modified_gmt":"2024-03-04T08:47:01","slug":"frau-antje-kaas","status":"publish","type":"product","link":"https:\/\/visser-kaas.nl\/de\/product\/frau-antje-kaas\/","title":{"rendered":"Frau Antje Pikantje Gouda min. 48% Fett i. Tr."},"content":{"rendered":"<p>Frau Antje Pikantje ist ein k\u00f6stlicher w\u00fcrziger holl\u00e4ndischer Gouda-K\u00e4se, der mindestens 16 Wochen gereift ist und nach alter niederl\u00e4ndischer Tradition hergestellt wird. Mit einem typisch holl\u00e4ndischen Label und der Ikone Frau Antje ist dieser K\u00e4se ein Muss im Ausland, besonders in Deutschland. Garantiert lecker.<\/p>\n","protected":false},"excerpt":{"rendered":"<p>12kg<\/p>\n","protected":false},"featured_media":6207,"menu_order":0,"template":"","categorie":[32],"class_list":["post-2476","product","type-product","status-publish","has-post-thumbnail","hentry","categorie-traditioneller-kase"],"acf":[],"yoast_head":"<!-- This site is optimized with the Yoast SEO plugin v27.5 - https:\/\/yoast.com\/product\/yoast-seo-wordpress\/ -->\n<title>Frau Antje Pikantje Gouda min. 48% Fett i. Tr. - Visser Kaas<\/title>\n<meta name=\"description\" content=\"Genie\u00dfen Sie den intensiven Geschmack und die pikante Note dieses k\u00f6stlichen Gouda-K\u00e4ses von Frau Antje.\" \/>\n<meta name=\"robots\" content=\"index, follow, max-snippet:-1, max-image-preview:large, max-video-preview:-1\" \/>\n<link rel=\"canonical\" href=\"https:\/\/visser-kaas.nl\/de\/product\/frau-antje-kaas\/\" \/>\n<meta property=\"og:locale\" content=\"de_DE\" \/>\n<meta property=\"og:type\" content=\"article\" \/>\n<meta property=\"og:title\" content=\"Frau Antje Pikantje Gouda min. 48% Fett i. Tr. - Visser Kaas\" \/>\n<meta property=\"og:description\" content=\"Genie\u00dfen Sie den intensiven Geschmack und die pikante Note dieses k\u00f6stlichen Gouda-K\u00e4ses von Frau Antje.\" \/>\n<meta property=\"og:url\" content=\"https:\/\/visser-kaas.nl\/de\/product\/frau-antje-kaas\/\" \/>\n<meta property=\"og:site_name\" content=\"Visser Kaas\" \/>\n<meta property=\"article:modified_time\" content=\"2024-03-04T08:47:01+00:00\" \/>\n<meta property=\"og:image\" content=\"https:\/\/visser-kaas.nl\/wp-content\/uploads\/Frau-Antje-Pikantje-2.jpg\" \/>\n\t<meta property=\"og:image:width\" content=\"1024\" \/>\n\t<meta property=\"og:image:height\" content=\"1024\" \/>\n\t<meta property=\"og:image:type\" content=\"image\/jpeg\" \/>\n<meta name=\"twitter:card\" content=\"summary_large_image\" \/>\n<meta name=\"twitter:label1\" content=\"Gesch\u00e4tzte Lesezeit\" \/>\n\t<meta name=\"twitter:data1\" content=\"1\u00a0Minute\" \/>\n<script type=\"application\/ld+json\" class=\"yoast-schema-graph\">{\"@context\":\"https:\\\/\\\/schema.org\",\"@graph\":[{\"@type\":\"WebPage\",\"@id\":\"https:\\\/\\\/visser-kaas.nl\\\/de\\\/product\\\/frau-antje-kaas\\\/\",\"url\":\"https:\\\/\\\/visser-kaas.nl\\\/de\\\/product\\\/frau-antje-kaas\\\/\",\"name\":\"Frau Antje Pikantje Gouda min. 48% Fett i. Tr. - Visser Kaas\",\"isPartOf\":{\"@id\":\"https:\\\/\\\/visser-kaas.nl\\\/de\\\/#website\"},\"primaryImageOfPage\":{\"@id\":\"https:\\\/\\\/visser-kaas.nl\\\/de\\\/product\\\/frau-antje-kaas\\\/#primaryimage\"},\"image\":{\"@id\":\"https:\\\/\\\/visser-kaas.nl\\\/de\\\/product\\\/frau-antje-kaas\\\/#primaryimage\"},\"thumbnailUrl\":\"https:\\\/\\\/visser-kaas.nl\\\/wp-content\\\/uploads\\\/Frau-Antje-Pikantje-2.jpg\",\"datePublished\":\"2019-12-31T10:44:47+00:00\",\"dateModified\":\"2024-03-04T08:47:01+00:00\",\"description\":\"Genie\u00dfen Sie den intensiven Geschmack und die pikante Note dieses k\u00f6stlichen Gouda-K\u00e4ses von Frau Antje.\",\"breadcrumb\":{\"@id\":\"https:\\\/\\\/visser-kaas.nl\\\/de\\\/product\\\/frau-antje-kaas\\\/#breadcrumb\"},\"inLanguage\":\"de\",\"potentialAction\":[{\"@type\":\"ReadAction\",\"target\":[\"https:\\\/\\\/visser-kaas.nl\\\/de\\\/product\\\/frau-antje-kaas\\\/\"]}]},{\"@type\":\"ImageObject\",\"inLanguage\":\"de\",\"@id\":\"https:\\\/\\\/visser-kaas.nl\\\/de\\\/product\\\/frau-antje-kaas\\\/#primaryimage\",\"url\":\"https:\\\/\\\/visser-kaas.nl\\\/wp-content\\\/uploads\\\/Frau-Antje-Pikantje-2.jpg\",\"contentUrl\":\"https:\\\/\\\/visser-kaas.nl\\\/wp-content\\\/uploads\\\/Frau-Antje-Pikantje-2.jpg\",\"width\":1024,\"height\":1024},{\"@type\":\"BreadcrumbList\",\"@id\":\"https:\\\/\\\/visser-kaas.nl\\\/de\\\/product\\\/frau-antje-kaas\\\/#breadcrumb\",\"itemListElement\":[{\"@type\":\"ListItem\",\"position\":1,\"name\":\"Home\",\"item\":\"https:\\\/\\\/visser-kaas.nl\\\/de\\\/\"},{\"@type\":\"ListItem\",\"position\":2,\"name\":\"Producten\",\"item\":\"https:\\\/\\\/visser-kaas.nl\\\/de\\\/product\\\/\"},{\"@type\":\"ListItem\",\"position\":3,\"name\":\"Frau Antje Pikantje Gouda min. 48% Fett i. Tr.\"}]},{\"@type\":\"WebSite\",\"@id\":\"https:\\\/\\\/visser-kaas.nl\\\/de\\\/#website\",\"url\":\"https:\\\/\\\/visser-kaas.nl\\\/de\\\/\",\"name\":\"Visser Kaas\",\"description\":\"\",\"publisher\":{\"@id\":\"https:\\\/\\\/visser-kaas.nl\\\/de\\\/#organization\"},\"potentialAction\":[{\"@type\":\"SearchAction\",\"target\":{\"@type\":\"EntryPoint\",\"urlTemplate\":\"https:\\\/\\\/visser-kaas.nl\\\/de\\\/?s={search_term_string}\"},\"query-input\":{\"@type\":\"PropertyValueSpecification\",\"valueRequired\":true,\"valueName\":\"search_term_string\"}}],\"inLanguage\":\"de\"},{\"@type\":\"Organization\",\"@id\":\"https:\\\/\\\/visser-kaas.nl\\\/de\\\/#organization\",\"name\":\"Visser Kaas\",\"url\":\"https:\\\/\\\/visser-kaas.nl\\\/de\\\/\",\"logo\":{\"@type\":\"ImageObject\",\"inLanguage\":\"de\",\"@id\":\"https:\\\/\\\/visser-kaas.nl\\\/de\\\/#\\\/schema\\\/logo\\\/image\\\/\",\"url\":\"https:\\\/\\\/visser-kaas.nl\\\/wp-content\\\/uploads\\\/media\\\/cropped-cropped-logo-2.png\",\"contentUrl\":\"https:\\\/\\\/visser-kaas.nl\\\/wp-content\\\/uploads\\\/media\\\/cropped-cropped-logo-2.png\",\"width\":1620,\"height\":325,\"caption\":\"Visser Kaas\"},\"image\":{\"@id\":\"https:\\\/\\\/visser-kaas.nl\\\/de\\\/#\\\/schema\\\/logo\\\/image\\\/\"}}]}<\/script>\n<!-- \/ Yoast SEO plugin. -->","yoast_head_json":{"title":"Frau Antje Pikantje Gouda min. 48% Fett i. Tr. - Visser Kaas","description":"Genie\u00dfen Sie den intensiven Geschmack und die pikante Note dieses k\u00f6stlichen Gouda-K\u00e4ses von Frau Antje.","robots":{"index":"index","follow":"follow","max-snippet":"max-snippet:-1","max-image-preview":"max-image-preview:large","max-video-preview":"max-video-preview:-1"},"canonical":"https:\/\/visser-kaas.nl\/de\/product\/frau-antje-kaas\/","og_locale":"de_DE","og_type":"article","og_title":"Frau Antje Pikantje Gouda min. 48% Fett i. Tr. - Visser Kaas","og_description":"Genie\u00dfen Sie den intensiven Geschmack und die pikante Note dieses k\u00f6stlichen Gouda-K\u00e4ses von Frau Antje.","og_url":"https:\/\/visser-kaas.nl\/de\/product\/frau-antje-kaas\/","og_site_name":"Visser Kaas","article_modified_time":"2024-03-04T08:47:01+00:00","og_image":[{"width":1024,"height":1024,"url":"https:\/\/visser-kaas.nl\/wp-content\/uploads\/Frau-Antje-Pikantje-2.jpg","type":"image\/jpeg"}],"twitter_card":"summary_large_image","twitter_misc":{"Gesch\u00e4tzte Lesezeit":"1\u00a0Minute"},"schema":{"@context":"https:\/\/schema.org","@graph":[{"@type":"WebPage","@id":"https:\/\/visser-kaas.nl\/de\/product\/frau-antje-kaas\/","url":"https:\/\/visser-kaas.nl\/de\/product\/frau-antje-kaas\/","name":"Frau Antje Pikantje Gouda min. 48% Fett i. Tr. - Visser Kaas","isPartOf":{"@id":"https:\/\/visser-kaas.nl\/de\/#website"},"primaryImageOfPage":{"@id":"https:\/\/visser-kaas.nl\/de\/product\/frau-antje-kaas\/#primaryimage"},"image":{"@id":"https:\/\/visser-kaas.nl\/de\/product\/frau-antje-kaas\/#primaryimage"},"thumbnailUrl":"https:\/\/visser-kaas.nl\/wp-content\/uploads\/Frau-Antje-Pikantje-2.jpg","datePublished":"2019-12-31T10:44:47+00:00","dateModified":"2024-03-04T08:47:01+00:00","description":"Genie\u00dfen Sie den intensiven Geschmack und die pikante Note dieses k\u00f6stlichen Gouda-K\u00e4ses von Frau Antje.","breadcrumb":{"@id":"https:\/\/visser-kaas.nl\/de\/product\/frau-antje-kaas\/#breadcrumb"},"inLanguage":"de","potentialAction":[{"@type":"ReadAction","target":["https:\/\/visser-kaas.nl\/de\/product\/frau-antje-kaas\/"]}]},{"@type":"ImageObject","inLanguage":"de","@id":"https:\/\/visser-kaas.nl\/de\/product\/frau-antje-kaas\/#primaryimage","url":"https:\/\/visser-kaas.nl\/wp-content\/uploads\/Frau-Antje-Pikantje-2.jpg","contentUrl":"https:\/\/visser-kaas.nl\/wp-content\/uploads\/Frau-Antje-Pikantje-2.jpg","width":1024,"height":1024},{"@type":"BreadcrumbList","@id":"https:\/\/visser-kaas.nl\/de\/product\/frau-antje-kaas\/#breadcrumb","itemListElement":[{"@type":"ListItem","position":1,"name":"Home","item":"https:\/\/visser-kaas.nl\/de\/"},{"@type":"ListItem","position":2,"name":"Producten","item":"https:\/\/visser-kaas.nl\/de\/product\/"},{"@type":"ListItem","position":3,"name":"Frau Antje Pikantje Gouda min. 48% Fett i. Tr."}]},{"@type":"WebSite","@id":"https:\/\/visser-kaas.nl\/de\/#website","url":"https:\/\/visser-kaas.nl\/de\/","name":"Visser Kaas","description":"","publisher":{"@id":"https:\/\/visser-kaas.nl\/de\/#organization"},"potentialAction":[{"@type":"SearchAction","target":{"@type":"EntryPoint","urlTemplate":"https:\/\/visser-kaas.nl\/de\/?s={search_term_string}"},"query-input":{"@type":"PropertyValueSpecification","valueRequired":true,"valueName":"search_term_string"}}],"inLanguage":"de"},{"@type":"Organization","@id":"https:\/\/visser-kaas.nl\/de\/#organization","name":"Visser Kaas","url":"https:\/\/visser-kaas.nl\/de\/","logo":{"@type":"ImageObject","inLanguage":"de","@id":"https:\/\/visser-kaas.nl\/de\/#\/schema\/logo\/image\/","url":"https:\/\/visser-kaas.nl\/wp-content\/uploads\/media\/cropped-cropped-logo-2.png","contentUrl":"https:\/\/visser-kaas.nl\/wp-content\/uploads\/media\/cropped-cropped-logo-2.png","width":1620,"height":325,"caption":"Visser Kaas"},"image":{"@id":"https:\/\/visser-kaas.nl\/de\/#\/schema\/logo\/image\/"}}]}},"_links":{"self":[{"href":"https:\/\/visser-kaas.nl\/de\/wp-json\/wp\/v2\/product\/2476","targetHints":{"allow":["GET"]}}],"collection":[{"href":"https:\/\/visser-kaas.nl\/de\/wp-json\/wp\/v2\/product"}],"about":[{"href":"https:\/\/visser-kaas.nl\/de\/wp-json\/wp\/v2\/types\/product"}],"version-history":[{"count":15,"href":"https:\/\/visser-kaas.nl\/de\/wp-json\/wp\/v2\/product\/2476\/revisions"}],"predecessor-version":[{"id":4508,"href":"https:\/\/visser-kaas.nl\/de\/wp-json\/wp\/v2\/product\/2476\/revisions\/4508"}],"wp:featuredmedia":[{"embeddable":true,"href":"https:\/\/visser-kaas.nl\/de\/wp-json\/wp\/v2\/media\/6207"}],"wp:attachment":[{"href":"https:\/\/visser-kaas.nl\/de\/wp-json\/wp\/v2\/media?parent=2476"}],"wp:term":[{"taxonomy":"categorie","embeddable":true,"href":"https:\/\/visser-kaas.nl\/de\/wp-json\/wp\/v2\/categorie?post=2476"}],"curies":[{"name":"wp","href":"https:\/\/api.w.org\/{rel}","templated":true}]}}