{"id":1054,"date":"2019-12-02T09:12:34","date_gmt":"2019-12-02T08:12:34","guid":{"rendered":"https:\/\/www.visser-kaas.nl\/product\/gouda-jong-48\/"},"modified":"2024-03-04T09:54:36","modified_gmt":"2024-03-04T08:54:36","slug":"gouda-jong-48","status":"publish","type":"product","link":"https:\/\/visser-kaas.nl\/de\/product\/gouda-jong-48\/","title":{"rendered":"Gouda Jung min. 48% Fett i. Tr."},"content":{"rendered":"<p>Der originale Gouda ist ein Klassiker unter den niederl\u00e4ndischen K\u00e4sesorten. Dieser junge Gouda ist qualitativ hochwertig und wird nach Originalrezeptur, in Originalform und in einem traditionellen Reifeprozess hergestellt. Daraus ergibt sich ein k\u00f6stlich sahniger und besonders weicher Gouda. Geschmackvoll auf Brot oder als perfekte Grundlage f\u00fcr eine K\u00e4sesauce.<\/p>\n","protected":false},"excerpt":{"rendered":"<p>12kg<\/p>\n","protected":false},"featured_media":6261,"menu_order":0,"template":"","categorie":[32],"class_list":["post-1054","product","type-product","status-publish","has-post-thumbnail","hentry","categorie-traditioneller-kase"],"acf":[],"yoast_head":"<!-- This site is optimized with the Yoast SEO plugin v27.3 - https:\/\/yoast.com\/product\/yoast-seo-wordpress\/ -->\n<title>Gouda Jung min. 48% Fett i. Tr. - Visser Kaas<\/title>\n<meta name=\"description\" content=\"Entdecken Sie den milden Geschmack und die cremige Konsistenz dieses jungen Gouda-K\u00e4ses mit mindestens 48% Fettanteil.\" \/>\n<meta name=\"robots\" content=\"index, follow, max-snippet:-1, max-image-preview:large, max-video-preview:-1\" \/>\n<link rel=\"canonical\" href=\"https:\/\/visser-kaas.nl\/de\/product\/gouda-jong-48\/\" \/>\n<meta property=\"og:locale\" content=\"de_DE\" \/>\n<meta property=\"og:type\" content=\"article\" \/>\n<meta property=\"og:title\" content=\"Gouda Jung min. 48% Fett i. Tr. - Visser Kaas\" \/>\n<meta property=\"og:description\" content=\"Entdecken Sie den milden Geschmack und die cremige Konsistenz dieses jungen Gouda-K\u00e4ses mit mindestens 48% Fettanteil.\" \/>\n<meta property=\"og:url\" content=\"https:\/\/visser-kaas.nl\/de\/product\/gouda-jong-48\/\" \/>\n<meta property=\"og:site_name\" content=\"Visser Kaas\" \/>\n<meta property=\"article:modified_time\" content=\"2024-03-04T08:54:36+00:00\" \/>\n<meta property=\"og:image\" content=\"https:\/\/visser-kaas.nl\/wp-content\/uploads\/Gouda-Mild-2.jpg\" \/>\n\t<meta property=\"og:image:width\" content=\"1024\" \/>\n\t<meta property=\"og:image:height\" content=\"1024\" \/>\n\t<meta property=\"og:image:type\" content=\"image\/jpeg\" \/>\n<meta name=\"twitter:card\" content=\"summary_large_image\" \/>\n<meta name=\"twitter:label1\" content=\"Gesch\u00e4tzte Lesezeit\" \/>\n\t<meta name=\"twitter:data1\" content=\"1\u00a0Minute\" \/>\n<script type=\"application\/ld+json\" class=\"yoast-schema-graph\">{\"@context\":\"https:\\\/\\\/schema.org\",\"@graph\":[{\"@type\":\"WebPage\",\"@id\":\"https:\\\/\\\/visser-kaas.nl\\\/de\\\/product\\\/gouda-jong-48\\\/\",\"url\":\"https:\\\/\\\/visser-kaas.nl\\\/de\\\/product\\\/gouda-jong-48\\\/\",\"name\":\"Gouda Jung min. 48% Fett i. Tr. - Visser Kaas\",\"isPartOf\":{\"@id\":\"https:\\\/\\\/visser-kaas.nl\\\/de\\\/#website\"},\"primaryImageOfPage\":{\"@id\":\"https:\\\/\\\/visser-kaas.nl\\\/de\\\/product\\\/gouda-jong-48\\\/#primaryimage\"},\"image\":{\"@id\":\"https:\\\/\\\/visser-kaas.nl\\\/de\\\/product\\\/gouda-jong-48\\\/#primaryimage\"},\"thumbnailUrl\":\"https:\\\/\\\/visser-kaas.nl\\\/wp-content\\\/uploads\\\/Gouda-Mild-2.jpg\",\"datePublished\":\"2019-12-02T08:12:34+00:00\",\"dateModified\":\"2024-03-04T08:54:36+00:00\",\"description\":\"Entdecken Sie den milden Geschmack und die cremige Konsistenz dieses jungen Gouda-K\u00e4ses mit mindestens 48% Fettanteil.\",\"breadcrumb\":{\"@id\":\"https:\\\/\\\/visser-kaas.nl\\\/de\\\/product\\\/gouda-jong-48\\\/#breadcrumb\"},\"inLanguage\":\"de\",\"potentialAction\":[{\"@type\":\"ReadAction\",\"target\":[\"https:\\\/\\\/visser-kaas.nl\\\/de\\\/product\\\/gouda-jong-48\\\/\"]}]},{\"@type\":\"ImageObject\",\"inLanguage\":\"de\",\"@id\":\"https:\\\/\\\/visser-kaas.nl\\\/de\\\/product\\\/gouda-jong-48\\\/#primaryimage\",\"url\":\"https:\\\/\\\/visser-kaas.nl\\\/wp-content\\\/uploads\\\/Gouda-Mild-2.jpg\",\"contentUrl\":\"https:\\\/\\\/visser-kaas.nl\\\/wp-content\\\/uploads\\\/Gouda-Mild-2.jpg\",\"width\":1024,\"height\":1024},{\"@type\":\"BreadcrumbList\",\"@id\":\"https:\\\/\\\/visser-kaas.nl\\\/de\\\/product\\\/gouda-jong-48\\\/#breadcrumb\",\"itemListElement\":[{\"@type\":\"ListItem\",\"position\":1,\"name\":\"Home\",\"item\":\"https:\\\/\\\/visser-kaas.nl\\\/de\\\/\"},{\"@type\":\"ListItem\",\"position\":2,\"name\":\"Producten\",\"item\":\"https:\\\/\\\/visser-kaas.nl\\\/de\\\/product\\\/\"},{\"@type\":\"ListItem\",\"position\":3,\"name\":\"Gouda Jung min. 48% Fett i. Tr.\"}]},{\"@type\":\"WebSite\",\"@id\":\"https:\\\/\\\/visser-kaas.nl\\\/de\\\/#website\",\"url\":\"https:\\\/\\\/visser-kaas.nl\\\/de\\\/\",\"name\":\"Visser Kaas\",\"description\":\"\",\"publisher\":{\"@id\":\"https:\\\/\\\/visser-kaas.nl\\\/de\\\/#organization\"},\"potentialAction\":[{\"@type\":\"SearchAction\",\"target\":{\"@type\":\"EntryPoint\",\"urlTemplate\":\"https:\\\/\\\/visser-kaas.nl\\\/de\\\/?s={search_term_string}\"},\"query-input\":{\"@type\":\"PropertyValueSpecification\",\"valueRequired\":true,\"valueName\":\"search_term_string\"}}],\"inLanguage\":\"de\"},{\"@type\":\"Organization\",\"@id\":\"https:\\\/\\\/visser-kaas.nl\\\/de\\\/#organization\",\"name\":\"Visser Kaas\",\"url\":\"https:\\\/\\\/visser-kaas.nl\\\/de\\\/\",\"logo\":{\"@type\":\"ImageObject\",\"inLanguage\":\"de\",\"@id\":\"https:\\\/\\\/visser-kaas.nl\\\/de\\\/#\\\/schema\\\/logo\\\/image\\\/\",\"url\":\"https:\\\/\\\/visser-kaas.nl\\\/wp-content\\\/uploads\\\/media\\\/cropped-cropped-logo-2.png\",\"contentUrl\":\"https:\\\/\\\/visser-kaas.nl\\\/wp-content\\\/uploads\\\/media\\\/cropped-cropped-logo-2.png\",\"width\":1620,\"height\":325,\"caption\":\"Visser Kaas\"},\"image\":{\"@id\":\"https:\\\/\\\/visser-kaas.nl\\\/de\\\/#\\\/schema\\\/logo\\\/image\\\/\"}}]}<\/script>\n<!-- \/ Yoast SEO plugin. -->","yoast_head_json":{"title":"Gouda Jung min. 48% Fett i. Tr. - Visser Kaas","description":"Entdecken Sie den milden Geschmack und die cremige Konsistenz dieses jungen Gouda-K\u00e4ses mit mindestens 48% Fettanteil.","robots":{"index":"index","follow":"follow","max-snippet":"max-snippet:-1","max-image-preview":"max-image-preview:large","max-video-preview":"max-video-preview:-1"},"canonical":"https:\/\/visser-kaas.nl\/de\/product\/gouda-jong-48\/","og_locale":"de_DE","og_type":"article","og_title":"Gouda Jung min. 48% Fett i. Tr. - Visser Kaas","og_description":"Entdecken Sie den milden Geschmack und die cremige Konsistenz dieses jungen Gouda-K\u00e4ses mit mindestens 48% Fettanteil.","og_url":"https:\/\/visser-kaas.nl\/de\/product\/gouda-jong-48\/","og_site_name":"Visser Kaas","article_modified_time":"2024-03-04T08:54:36+00:00","og_image":[{"width":1024,"height":1024,"url":"https:\/\/visser-kaas.nl\/wp-content\/uploads\/Gouda-Mild-2.jpg","type":"image\/jpeg"}],"twitter_card":"summary_large_image","twitter_misc":{"Gesch\u00e4tzte Lesezeit":"1\u00a0Minute"},"schema":{"@context":"https:\/\/schema.org","@graph":[{"@type":"WebPage","@id":"https:\/\/visser-kaas.nl\/de\/product\/gouda-jong-48\/","url":"https:\/\/visser-kaas.nl\/de\/product\/gouda-jong-48\/","name":"Gouda Jung min. 48% Fett i. Tr. - Visser Kaas","isPartOf":{"@id":"https:\/\/visser-kaas.nl\/de\/#website"},"primaryImageOfPage":{"@id":"https:\/\/visser-kaas.nl\/de\/product\/gouda-jong-48\/#primaryimage"},"image":{"@id":"https:\/\/visser-kaas.nl\/de\/product\/gouda-jong-48\/#primaryimage"},"thumbnailUrl":"https:\/\/visser-kaas.nl\/wp-content\/uploads\/Gouda-Mild-2.jpg","datePublished":"2019-12-02T08:12:34+00:00","dateModified":"2024-03-04T08:54:36+00:00","description":"Entdecken Sie den milden Geschmack und die cremige Konsistenz dieses jungen Gouda-K\u00e4ses mit mindestens 48% Fettanteil.","breadcrumb":{"@id":"https:\/\/visser-kaas.nl\/de\/product\/gouda-jong-48\/#breadcrumb"},"inLanguage":"de","potentialAction":[{"@type":"ReadAction","target":["https:\/\/visser-kaas.nl\/de\/product\/gouda-jong-48\/"]}]},{"@type":"ImageObject","inLanguage":"de","@id":"https:\/\/visser-kaas.nl\/de\/product\/gouda-jong-48\/#primaryimage","url":"https:\/\/visser-kaas.nl\/wp-content\/uploads\/Gouda-Mild-2.jpg","contentUrl":"https:\/\/visser-kaas.nl\/wp-content\/uploads\/Gouda-Mild-2.jpg","width":1024,"height":1024},{"@type":"BreadcrumbList","@id":"https:\/\/visser-kaas.nl\/de\/product\/gouda-jong-48\/#breadcrumb","itemListElement":[{"@type":"ListItem","position":1,"name":"Home","item":"https:\/\/visser-kaas.nl\/de\/"},{"@type":"ListItem","position":2,"name":"Producten","item":"https:\/\/visser-kaas.nl\/de\/product\/"},{"@type":"ListItem","position":3,"name":"Gouda Jung min. 48% Fett i. Tr."}]},{"@type":"WebSite","@id":"https:\/\/visser-kaas.nl\/de\/#website","url":"https:\/\/visser-kaas.nl\/de\/","name":"Visser Kaas","description":"","publisher":{"@id":"https:\/\/visser-kaas.nl\/de\/#organization"},"potentialAction":[{"@type":"SearchAction","target":{"@type":"EntryPoint","urlTemplate":"https:\/\/visser-kaas.nl\/de\/?s={search_term_string}"},"query-input":{"@type":"PropertyValueSpecification","valueRequired":true,"valueName":"search_term_string"}}],"inLanguage":"de"},{"@type":"Organization","@id":"https:\/\/visser-kaas.nl\/de\/#organization","name":"Visser Kaas","url":"https:\/\/visser-kaas.nl\/de\/","logo":{"@type":"ImageObject","inLanguage":"de","@id":"https:\/\/visser-kaas.nl\/de\/#\/schema\/logo\/image\/","url":"https:\/\/visser-kaas.nl\/wp-content\/uploads\/media\/cropped-cropped-logo-2.png","contentUrl":"https:\/\/visser-kaas.nl\/wp-content\/uploads\/media\/cropped-cropped-logo-2.png","width":1620,"height":325,"caption":"Visser Kaas"},"image":{"@id":"https:\/\/visser-kaas.nl\/de\/#\/schema\/logo\/image\/"}}]}},"_links":{"self":[{"href":"https:\/\/visser-kaas.nl\/de\/wp-json\/wp\/v2\/product\/1054","targetHints":{"allow":["GET"]}}],"collection":[{"href":"https:\/\/visser-kaas.nl\/de\/wp-json\/wp\/v2\/product"}],"about":[{"href":"https:\/\/visser-kaas.nl\/de\/wp-json\/wp\/v2\/types\/product"}],"version-history":[{"count":7,"href":"https:\/\/visser-kaas.nl\/de\/wp-json\/wp\/v2\/product\/1054\/revisions"}],"predecessor-version":[{"id":2735,"href":"https:\/\/visser-kaas.nl\/de\/wp-json\/wp\/v2\/product\/1054\/revisions\/2735"}],"wp:featuredmedia":[{"embeddable":true,"href":"https:\/\/visser-kaas.nl\/de\/wp-json\/wp\/v2\/media\/6261"}],"wp:attachment":[{"href":"https:\/\/visser-kaas.nl\/de\/wp-json\/wp\/v2\/media?parent=1054"}],"wp:term":[{"taxonomy":"categorie","embeddable":true,"href":"https:\/\/visser-kaas.nl\/de\/wp-json\/wp\/v2\/categorie?post=1054"}],"curies":[{"name":"wp","href":"https:\/\/api.w.org\/{rel}","templated":true}]}}