{"id":1052,"date":"2019-12-02T09:11:15","date_gmt":"2019-12-02T08:11:15","guid":{"rendered":"https:\/\/www.visser-kaas.nl\/product\/maasdam-45\/"},"modified":"2024-03-04T09:56:48","modified_gmt":"2024-03-04T08:56:48","slug":"maasdam-45","status":"publish","type":"product","link":"https:\/\/visser-kaas.nl\/de\/product\/maasdam-45\/","title":{"rendered":"Maasdam k\u00e4se min. 45% Fett i. Tr."},"content":{"rendered":"<p>Der Maasdam 45+ ist ein holl\u00e4ndischer Emmentaler K\u00e4se, der auf dem internationalen K\u00e4semarkt sehr beliebt ist. Dieser Spezialk\u00e4se hat charakteristisch gro\u00dfe L\u00f6cher, die w\u00e4hrend des Reifungsprozesses entstehen und erh\u00e4lt dadurch auch den s\u00fc\u00dfen, nussigen Emmentalergeschmack. Unser Maasdam wird traditionell f\u00fcr ungef\u00e4hr 6 Wochen gealtert. Toll f\u00fcr Brot, aber auch lecker in einem holl\u00e4ndischen K\u00e4sefondue.<\/p>\n","protected":false},"excerpt":{"rendered":"<p>13kg<\/p>\n","protected":false},"featured_media":6236,"menu_order":0,"template":"","categorie":[32],"class_list":["post-1052","product","type-product","status-publish","has-post-thumbnail","hentry","categorie-traditioneller-kase"],"acf":[],"yoast_head":"<!-- This site is optimized with the Yoast SEO plugin v27.3 - https:\/\/yoast.com\/product\/yoast-seo-wordpress\/ -->\n<title>Maasdam k\u00e4se min. 45% Fett i. Tr. - Visser Kaas<\/title>\n<meta name=\"description\" content=\"Genie\u00dfen Sie den einzigartigen Geschmack und die zarte Textur dieses Maasdam K\u00e4ses mit mindestens 45% Fettanteil.\" \/>\n<meta name=\"robots\" content=\"index, follow, max-snippet:-1, max-image-preview:large, max-video-preview:-1\" \/>\n<link rel=\"canonical\" href=\"https:\/\/visser-kaas.nl\/de\/product\/maasdam-45\/\" \/>\n<meta property=\"og:locale\" content=\"de_DE\" \/>\n<meta property=\"og:type\" content=\"article\" \/>\n<meta property=\"og:title\" content=\"Maasdam k\u00e4se min. 45% Fett i. Tr. - Visser Kaas\" \/>\n<meta property=\"og:description\" content=\"Genie\u00dfen Sie den einzigartigen Geschmack und die zarte Textur dieses Maasdam K\u00e4ses mit mindestens 45% Fettanteil.\" \/>\n<meta property=\"og:url\" content=\"https:\/\/visser-kaas.nl\/de\/product\/maasdam-45\/\" \/>\n<meta property=\"og:site_name\" content=\"Visser Kaas\" \/>\n<meta property=\"article:modified_time\" content=\"2024-03-04T08:56:48+00:00\" \/>\n<meta property=\"og:image\" content=\"https:\/\/visser-kaas.nl\/wp-content\/uploads\/Maasdam-2.jpg\" \/>\n\t<meta property=\"og:image:width\" content=\"1024\" \/>\n\t<meta property=\"og:image:height\" content=\"1024\" \/>\n\t<meta property=\"og:image:type\" content=\"image\/jpeg\" \/>\n<meta name=\"twitter:card\" content=\"summary_large_image\" \/>\n<meta name=\"twitter:label1\" content=\"Gesch\u00e4tzte Lesezeit\" \/>\n\t<meta name=\"twitter:data1\" content=\"1\u00a0Minute\" \/>\n<script type=\"application\/ld+json\" class=\"yoast-schema-graph\">{\"@context\":\"https:\\\/\\\/schema.org\",\"@graph\":[{\"@type\":\"WebPage\",\"@id\":\"https:\\\/\\\/visser-kaas.nl\\\/de\\\/product\\\/maasdam-45\\\/\",\"url\":\"https:\\\/\\\/visser-kaas.nl\\\/de\\\/product\\\/maasdam-45\\\/\",\"name\":\"Maasdam k\u00e4se min. 45% Fett i. Tr. - Visser Kaas\",\"isPartOf\":{\"@id\":\"https:\\\/\\\/visser-kaas.nl\\\/de\\\/#website\"},\"primaryImageOfPage\":{\"@id\":\"https:\\\/\\\/visser-kaas.nl\\\/de\\\/product\\\/maasdam-45\\\/#primaryimage\"},\"image\":{\"@id\":\"https:\\\/\\\/visser-kaas.nl\\\/de\\\/product\\\/maasdam-45\\\/#primaryimage\"},\"thumbnailUrl\":\"https:\\\/\\\/visser-kaas.nl\\\/wp-content\\\/uploads\\\/Maasdam-2.jpg\",\"datePublished\":\"2019-12-02T08:11:15+00:00\",\"dateModified\":\"2024-03-04T08:56:48+00:00\",\"description\":\"Genie\u00dfen Sie den einzigartigen Geschmack und die zarte Textur dieses Maasdam K\u00e4ses mit mindestens 45% Fettanteil.\",\"breadcrumb\":{\"@id\":\"https:\\\/\\\/visser-kaas.nl\\\/de\\\/product\\\/maasdam-45\\\/#breadcrumb\"},\"inLanguage\":\"de\",\"potentialAction\":[{\"@type\":\"ReadAction\",\"target\":[\"https:\\\/\\\/visser-kaas.nl\\\/de\\\/product\\\/maasdam-45\\\/\"]}]},{\"@type\":\"ImageObject\",\"inLanguage\":\"de\",\"@id\":\"https:\\\/\\\/visser-kaas.nl\\\/de\\\/product\\\/maasdam-45\\\/#primaryimage\",\"url\":\"https:\\\/\\\/visser-kaas.nl\\\/wp-content\\\/uploads\\\/Maasdam-2.jpg\",\"contentUrl\":\"https:\\\/\\\/visser-kaas.nl\\\/wp-content\\\/uploads\\\/Maasdam-2.jpg\",\"width\":1024,\"height\":1024,\"caption\":\"Maasdam Cheese\"},{\"@type\":\"BreadcrumbList\",\"@id\":\"https:\\\/\\\/visser-kaas.nl\\\/de\\\/product\\\/maasdam-45\\\/#breadcrumb\",\"itemListElement\":[{\"@type\":\"ListItem\",\"position\":1,\"name\":\"Home\",\"item\":\"https:\\\/\\\/visser-kaas.nl\\\/de\\\/\"},{\"@type\":\"ListItem\",\"position\":2,\"name\":\"Producten\",\"item\":\"https:\\\/\\\/visser-kaas.nl\\\/de\\\/product\\\/\"},{\"@type\":\"ListItem\",\"position\":3,\"name\":\"Maasdam k\u00e4se min. 45% Fett i. Tr.\"}]},{\"@type\":\"WebSite\",\"@id\":\"https:\\\/\\\/visser-kaas.nl\\\/de\\\/#website\",\"url\":\"https:\\\/\\\/visser-kaas.nl\\\/de\\\/\",\"name\":\"Visser Kaas\",\"description\":\"\",\"publisher\":{\"@id\":\"https:\\\/\\\/visser-kaas.nl\\\/de\\\/#organization\"},\"potentialAction\":[{\"@type\":\"SearchAction\",\"target\":{\"@type\":\"EntryPoint\",\"urlTemplate\":\"https:\\\/\\\/visser-kaas.nl\\\/de\\\/?s={search_term_string}\"},\"query-input\":{\"@type\":\"PropertyValueSpecification\",\"valueRequired\":true,\"valueName\":\"search_term_string\"}}],\"inLanguage\":\"de\"},{\"@type\":\"Organization\",\"@id\":\"https:\\\/\\\/visser-kaas.nl\\\/de\\\/#organization\",\"name\":\"Visser Kaas\",\"url\":\"https:\\\/\\\/visser-kaas.nl\\\/de\\\/\",\"logo\":{\"@type\":\"ImageObject\",\"inLanguage\":\"de\",\"@id\":\"https:\\\/\\\/visser-kaas.nl\\\/de\\\/#\\\/schema\\\/logo\\\/image\\\/\",\"url\":\"https:\\\/\\\/visser-kaas.nl\\\/wp-content\\\/uploads\\\/media\\\/cropped-cropped-logo-2.png\",\"contentUrl\":\"https:\\\/\\\/visser-kaas.nl\\\/wp-content\\\/uploads\\\/media\\\/cropped-cropped-logo-2.png\",\"width\":1620,\"height\":325,\"caption\":\"Visser Kaas\"},\"image\":{\"@id\":\"https:\\\/\\\/visser-kaas.nl\\\/de\\\/#\\\/schema\\\/logo\\\/image\\\/\"}}]}<\/script>\n<!-- \/ Yoast SEO plugin. -->","yoast_head_json":{"title":"Maasdam k\u00e4se min. 45% Fett i. Tr. - Visser Kaas","description":"Genie\u00dfen Sie den einzigartigen Geschmack und die zarte Textur dieses Maasdam K\u00e4ses mit mindestens 45% Fettanteil.","robots":{"index":"index","follow":"follow","max-snippet":"max-snippet:-1","max-image-preview":"max-image-preview:large","max-video-preview":"max-video-preview:-1"},"canonical":"https:\/\/visser-kaas.nl\/de\/product\/maasdam-45\/","og_locale":"de_DE","og_type":"article","og_title":"Maasdam k\u00e4se min. 45% Fett i. Tr. - Visser Kaas","og_description":"Genie\u00dfen Sie den einzigartigen Geschmack und die zarte Textur dieses Maasdam K\u00e4ses mit mindestens 45% Fettanteil.","og_url":"https:\/\/visser-kaas.nl\/de\/product\/maasdam-45\/","og_site_name":"Visser Kaas","article_modified_time":"2024-03-04T08:56:48+00:00","og_image":[{"width":1024,"height":1024,"url":"https:\/\/visser-kaas.nl\/wp-content\/uploads\/Maasdam-2.jpg","type":"image\/jpeg"}],"twitter_card":"summary_large_image","twitter_misc":{"Gesch\u00e4tzte Lesezeit":"1\u00a0Minute"},"schema":{"@context":"https:\/\/schema.org","@graph":[{"@type":"WebPage","@id":"https:\/\/visser-kaas.nl\/de\/product\/maasdam-45\/","url":"https:\/\/visser-kaas.nl\/de\/product\/maasdam-45\/","name":"Maasdam k\u00e4se min. 45% Fett i. Tr. - Visser Kaas","isPartOf":{"@id":"https:\/\/visser-kaas.nl\/de\/#website"},"primaryImageOfPage":{"@id":"https:\/\/visser-kaas.nl\/de\/product\/maasdam-45\/#primaryimage"},"image":{"@id":"https:\/\/visser-kaas.nl\/de\/product\/maasdam-45\/#primaryimage"},"thumbnailUrl":"https:\/\/visser-kaas.nl\/wp-content\/uploads\/Maasdam-2.jpg","datePublished":"2019-12-02T08:11:15+00:00","dateModified":"2024-03-04T08:56:48+00:00","description":"Genie\u00dfen Sie den einzigartigen Geschmack und die zarte Textur dieses Maasdam K\u00e4ses mit mindestens 45% Fettanteil.","breadcrumb":{"@id":"https:\/\/visser-kaas.nl\/de\/product\/maasdam-45\/#breadcrumb"},"inLanguage":"de","potentialAction":[{"@type":"ReadAction","target":["https:\/\/visser-kaas.nl\/de\/product\/maasdam-45\/"]}]},{"@type":"ImageObject","inLanguage":"de","@id":"https:\/\/visser-kaas.nl\/de\/product\/maasdam-45\/#primaryimage","url":"https:\/\/visser-kaas.nl\/wp-content\/uploads\/Maasdam-2.jpg","contentUrl":"https:\/\/visser-kaas.nl\/wp-content\/uploads\/Maasdam-2.jpg","width":1024,"height":1024,"caption":"Maasdam Cheese"},{"@type":"BreadcrumbList","@id":"https:\/\/visser-kaas.nl\/de\/product\/maasdam-45\/#breadcrumb","itemListElement":[{"@type":"ListItem","position":1,"name":"Home","item":"https:\/\/visser-kaas.nl\/de\/"},{"@type":"ListItem","position":2,"name":"Producten","item":"https:\/\/visser-kaas.nl\/de\/product\/"},{"@type":"ListItem","position":3,"name":"Maasdam k\u00e4se min. 45% Fett i. Tr."}]},{"@type":"WebSite","@id":"https:\/\/visser-kaas.nl\/de\/#website","url":"https:\/\/visser-kaas.nl\/de\/","name":"Visser Kaas","description":"","publisher":{"@id":"https:\/\/visser-kaas.nl\/de\/#organization"},"potentialAction":[{"@type":"SearchAction","target":{"@type":"EntryPoint","urlTemplate":"https:\/\/visser-kaas.nl\/de\/?s={search_term_string}"},"query-input":{"@type":"PropertyValueSpecification","valueRequired":true,"valueName":"search_term_string"}}],"inLanguage":"de"},{"@type":"Organization","@id":"https:\/\/visser-kaas.nl\/de\/#organization","name":"Visser Kaas","url":"https:\/\/visser-kaas.nl\/de\/","logo":{"@type":"ImageObject","inLanguage":"de","@id":"https:\/\/visser-kaas.nl\/de\/#\/schema\/logo\/image\/","url":"https:\/\/visser-kaas.nl\/wp-content\/uploads\/media\/cropped-cropped-logo-2.png","contentUrl":"https:\/\/visser-kaas.nl\/wp-content\/uploads\/media\/cropped-cropped-logo-2.png","width":1620,"height":325,"caption":"Visser Kaas"},"image":{"@id":"https:\/\/visser-kaas.nl\/de\/#\/schema\/logo\/image\/"}}]}},"_links":{"self":[{"href":"https:\/\/visser-kaas.nl\/de\/wp-json\/wp\/v2\/product\/1052","targetHints":{"allow":["GET"]}}],"collection":[{"href":"https:\/\/visser-kaas.nl\/de\/wp-json\/wp\/v2\/product"}],"about":[{"href":"https:\/\/visser-kaas.nl\/de\/wp-json\/wp\/v2\/types\/product"}],"version-history":[{"count":6,"href":"https:\/\/visser-kaas.nl\/de\/wp-json\/wp\/v2\/product\/1052\/revisions"}],"predecessor-version":[{"id":2736,"href":"https:\/\/visser-kaas.nl\/de\/wp-json\/wp\/v2\/product\/1052\/revisions\/2736"}],"wp:featuredmedia":[{"embeddable":true,"href":"https:\/\/visser-kaas.nl\/de\/wp-json\/wp\/v2\/media\/6236"}],"wp:attachment":[{"href":"https:\/\/visser-kaas.nl\/de\/wp-json\/wp\/v2\/media?parent=1052"}],"wp:term":[{"taxonomy":"categorie","embeddable":true,"href":"https:\/\/visser-kaas.nl\/de\/wp-json\/wp\/v2\/categorie?post=1052"}],"curies":[{"name":"wp","href":"https:\/\/api.w.org\/{rel}","templated":true}]}}