{"id":1046,"date":"2019-12-02T09:07:04","date_gmt":"2019-12-02T08:07:04","guid":{"rendered":"https:\/\/www.visser-kaas.nl\/product\/gilde-gouda-oud-zoet-premium-purple-label-48\/"},"modified":"2024-03-04T10:08:21","modified_gmt":"2024-03-04T09:08:21","slug":"gilde-gouda-oud-zoet-premium-purple-label-48","status":"publish","type":"product","link":"https:\/\/visser-kaas.nl\/de\/product\/gilde-gouda-oud-zoet-premium-purple-label-48\/","title":{"rendered":"Gilde Gouda Oud Zoet\/ Premium Purple label 48+"},"content":{"rendered":"<p><strong>Huizer Kaas Gilde Gouda Alt s\u00fc\u00df\/ Premium Purple label 48+ K\u00e4se\u2013 ca. 11kg Rad<\/strong><\/p>\n<p>Unser Huizer Kaas-Gilde Premium Purple Label ist ein k\u00f6stlich s\u00fc\u00dferer alter K\u00e4se, der traditionell etwa 9 \u2013 12 Monate gereift ist. Der K\u00e4se wird mit einer neuen und speziellen Art von Starter hergestellt, die dem K\u00e4se w\u00e4hrend des Reifungsprozesses einen charakteristischen s\u00fc\u00dfen und w\u00fcrzigen Geschmack verleiht. Wie beim traditionellen Gouda sind sch\u00f6ne Salzkristalle sichtbar und mit dem auff\u00e4lligen violetten Etikett lohnt es sich, diesen K\u00e4se zu pr\u00e4sentieren.<\/p>\n","protected":false},"excerpt":{"rendered":"<p>11kg<\/p>\n","protected":false},"featured_media":6233,"menu_order":0,"template":"","categorie":[32],"class_list":["post-1046","product","type-product","status-publish","has-post-thumbnail","hentry","categorie-traditioneller-kase"],"acf":[],"yoast_head":"<!-- This site is optimized with the Yoast SEO plugin v27.3 - https:\/\/yoast.com\/product\/yoast-seo-wordpress\/ -->\n<title>Gilde Gouda Oud Zoet\/ Premium Purple label 48+ - Visser Kaas<\/title>\n<meta name=\"description\" content=\"Entdecken Sie die reiche Geschmacksf\u00fclle und Qualit\u00e4t dieses Premium Gouda-K\u00e4ses mit einem Fettgehalt von mindestens 48%.\" \/>\n<meta name=\"robots\" content=\"index, follow, max-snippet:-1, max-image-preview:large, max-video-preview:-1\" \/>\n<link rel=\"canonical\" href=\"https:\/\/visser-kaas.nl\/de\/product\/gilde-gouda-oud-zoet-premium-purple-label-48\/\" \/>\n<meta property=\"og:locale\" content=\"de_DE\" \/>\n<meta property=\"og:type\" content=\"article\" \/>\n<meta property=\"og:title\" content=\"Gilde Gouda Oud Zoet\/ Premium Purple label 48+ - Visser Kaas\" \/>\n<meta property=\"og:description\" content=\"Entdecken Sie die reiche Geschmacksf\u00fclle und Qualit\u00e4t dieses Premium Gouda-K\u00e4ses mit einem Fettgehalt von mindestens 48%.\" \/>\n<meta property=\"og:url\" content=\"https:\/\/visser-kaas.nl\/de\/product\/gilde-gouda-oud-zoet-premium-purple-label-48\/\" \/>\n<meta property=\"og:site_name\" content=\"Visser Kaas\" \/>\n<meta property=\"article:modified_time\" content=\"2024-03-04T09:08:21+00:00\" \/>\n<meta property=\"og:image\" content=\"https:\/\/visser-kaas.nl\/wp-content\/uploads\/Sweet-Old-Purple-Label-2.jpg\" \/>\n\t<meta property=\"og:image:width\" content=\"1024\" \/>\n\t<meta property=\"og:image:height\" content=\"1024\" \/>\n\t<meta property=\"og:image:type\" content=\"image\/jpeg\" \/>\n<meta name=\"twitter:card\" content=\"summary_large_image\" \/>\n<meta name=\"twitter:label1\" content=\"Gesch\u00e4tzte Lesezeit\" \/>\n\t<meta name=\"twitter:data1\" content=\"2\u00a0Minuten\" \/>\n<script type=\"application\/ld+json\" class=\"yoast-schema-graph\">{\"@context\":\"https:\\\/\\\/schema.org\",\"@graph\":[{\"@type\":\"WebPage\",\"@id\":\"https:\\\/\\\/visser-kaas.nl\\\/de\\\/product\\\/gilde-gouda-oud-zoet-premium-purple-label-48\\\/\",\"url\":\"https:\\\/\\\/visser-kaas.nl\\\/de\\\/product\\\/gilde-gouda-oud-zoet-premium-purple-label-48\\\/\",\"name\":\"Gilde Gouda Oud Zoet\\\/ Premium Purple label 48+ - Visser Kaas\",\"isPartOf\":{\"@id\":\"https:\\\/\\\/visser-kaas.nl\\\/de\\\/#website\"},\"primaryImageOfPage\":{\"@id\":\"https:\\\/\\\/visser-kaas.nl\\\/de\\\/product\\\/gilde-gouda-oud-zoet-premium-purple-label-48\\\/#primaryimage\"},\"image\":{\"@id\":\"https:\\\/\\\/visser-kaas.nl\\\/de\\\/product\\\/gilde-gouda-oud-zoet-premium-purple-label-48\\\/#primaryimage\"},\"thumbnailUrl\":\"https:\\\/\\\/visser-kaas.nl\\\/wp-content\\\/uploads\\\/Sweet-Old-Purple-Label-2.jpg\",\"datePublished\":\"2019-12-02T08:07:04+00:00\",\"dateModified\":\"2024-03-04T09:08:21+00:00\",\"description\":\"Entdecken Sie die reiche Geschmacksf\u00fclle und Qualit\u00e4t dieses Premium Gouda-K\u00e4ses mit einem Fettgehalt von mindestens 48%.\",\"breadcrumb\":{\"@id\":\"https:\\\/\\\/visser-kaas.nl\\\/de\\\/product\\\/gilde-gouda-oud-zoet-premium-purple-label-48\\\/#breadcrumb\"},\"inLanguage\":\"de\",\"potentialAction\":[{\"@type\":\"ReadAction\",\"target\":[\"https:\\\/\\\/visser-kaas.nl\\\/de\\\/product\\\/gilde-gouda-oud-zoet-premium-purple-label-48\\\/\"]}]},{\"@type\":\"ImageObject\",\"inLanguage\":\"de\",\"@id\":\"https:\\\/\\\/visser-kaas.nl\\\/de\\\/product\\\/gilde-gouda-oud-zoet-premium-purple-label-48\\\/#primaryimage\",\"url\":\"https:\\\/\\\/visser-kaas.nl\\\/wp-content\\\/uploads\\\/Sweet-Old-Purple-Label-2.jpg\",\"contentUrl\":\"https:\\\/\\\/visser-kaas.nl\\\/wp-content\\\/uploads\\\/Sweet-Old-Purple-Label-2.jpg\",\"width\":1024,\"height\":1024},{\"@type\":\"BreadcrumbList\",\"@id\":\"https:\\\/\\\/visser-kaas.nl\\\/de\\\/product\\\/gilde-gouda-oud-zoet-premium-purple-label-48\\\/#breadcrumb\",\"itemListElement\":[{\"@type\":\"ListItem\",\"position\":1,\"name\":\"Home\",\"item\":\"https:\\\/\\\/visser-kaas.nl\\\/de\\\/\"},{\"@type\":\"ListItem\",\"position\":2,\"name\":\"Producten\",\"item\":\"https:\\\/\\\/visser-kaas.nl\\\/de\\\/product\\\/\"},{\"@type\":\"ListItem\",\"position\":3,\"name\":\"Gilde Gouda Oud Zoet\\\/ Premium Purple label 48+\"}]},{\"@type\":\"WebSite\",\"@id\":\"https:\\\/\\\/visser-kaas.nl\\\/de\\\/#website\",\"url\":\"https:\\\/\\\/visser-kaas.nl\\\/de\\\/\",\"name\":\"Visser Kaas\",\"description\":\"\",\"publisher\":{\"@id\":\"https:\\\/\\\/visser-kaas.nl\\\/de\\\/#organization\"},\"potentialAction\":[{\"@type\":\"SearchAction\",\"target\":{\"@type\":\"EntryPoint\",\"urlTemplate\":\"https:\\\/\\\/visser-kaas.nl\\\/de\\\/?s={search_term_string}\"},\"query-input\":{\"@type\":\"PropertyValueSpecification\",\"valueRequired\":true,\"valueName\":\"search_term_string\"}}],\"inLanguage\":\"de\"},{\"@type\":\"Organization\",\"@id\":\"https:\\\/\\\/visser-kaas.nl\\\/de\\\/#organization\",\"name\":\"Visser Kaas\",\"url\":\"https:\\\/\\\/visser-kaas.nl\\\/de\\\/\",\"logo\":{\"@type\":\"ImageObject\",\"inLanguage\":\"de\",\"@id\":\"https:\\\/\\\/visser-kaas.nl\\\/de\\\/#\\\/schema\\\/logo\\\/image\\\/\",\"url\":\"https:\\\/\\\/visser-kaas.nl\\\/wp-content\\\/uploads\\\/media\\\/cropped-cropped-logo-2.png\",\"contentUrl\":\"https:\\\/\\\/visser-kaas.nl\\\/wp-content\\\/uploads\\\/media\\\/cropped-cropped-logo-2.png\",\"width\":1620,\"height\":325,\"caption\":\"Visser Kaas\"},\"image\":{\"@id\":\"https:\\\/\\\/visser-kaas.nl\\\/de\\\/#\\\/schema\\\/logo\\\/image\\\/\"}}]}<\/script>\n<!-- \/ Yoast SEO plugin. -->","yoast_head_json":{"title":"Gilde Gouda Oud Zoet\/ Premium Purple label 48+ - Visser Kaas","description":"Entdecken Sie die reiche Geschmacksf\u00fclle und Qualit\u00e4t dieses Premium Gouda-K\u00e4ses mit einem Fettgehalt von mindestens 48%.","robots":{"index":"index","follow":"follow","max-snippet":"max-snippet:-1","max-image-preview":"max-image-preview:large","max-video-preview":"max-video-preview:-1"},"canonical":"https:\/\/visser-kaas.nl\/de\/product\/gilde-gouda-oud-zoet-premium-purple-label-48\/","og_locale":"de_DE","og_type":"article","og_title":"Gilde Gouda Oud Zoet\/ Premium Purple label 48+ - Visser Kaas","og_description":"Entdecken Sie die reiche Geschmacksf\u00fclle und Qualit\u00e4t dieses Premium Gouda-K\u00e4ses mit einem Fettgehalt von mindestens 48%.","og_url":"https:\/\/visser-kaas.nl\/de\/product\/gilde-gouda-oud-zoet-premium-purple-label-48\/","og_site_name":"Visser Kaas","article_modified_time":"2024-03-04T09:08:21+00:00","og_image":[{"width":1024,"height":1024,"url":"https:\/\/visser-kaas.nl\/wp-content\/uploads\/Sweet-Old-Purple-Label-2.jpg","type":"image\/jpeg"}],"twitter_card":"summary_large_image","twitter_misc":{"Gesch\u00e4tzte Lesezeit":"2\u00a0Minuten"},"schema":{"@context":"https:\/\/schema.org","@graph":[{"@type":"WebPage","@id":"https:\/\/visser-kaas.nl\/de\/product\/gilde-gouda-oud-zoet-premium-purple-label-48\/","url":"https:\/\/visser-kaas.nl\/de\/product\/gilde-gouda-oud-zoet-premium-purple-label-48\/","name":"Gilde Gouda Oud Zoet\/ Premium Purple label 48+ - Visser Kaas","isPartOf":{"@id":"https:\/\/visser-kaas.nl\/de\/#website"},"primaryImageOfPage":{"@id":"https:\/\/visser-kaas.nl\/de\/product\/gilde-gouda-oud-zoet-premium-purple-label-48\/#primaryimage"},"image":{"@id":"https:\/\/visser-kaas.nl\/de\/product\/gilde-gouda-oud-zoet-premium-purple-label-48\/#primaryimage"},"thumbnailUrl":"https:\/\/visser-kaas.nl\/wp-content\/uploads\/Sweet-Old-Purple-Label-2.jpg","datePublished":"2019-12-02T08:07:04+00:00","dateModified":"2024-03-04T09:08:21+00:00","description":"Entdecken Sie die reiche Geschmacksf\u00fclle und Qualit\u00e4t dieses Premium Gouda-K\u00e4ses mit einem Fettgehalt von mindestens 48%.","breadcrumb":{"@id":"https:\/\/visser-kaas.nl\/de\/product\/gilde-gouda-oud-zoet-premium-purple-label-48\/#breadcrumb"},"inLanguage":"de","potentialAction":[{"@type":"ReadAction","target":["https:\/\/visser-kaas.nl\/de\/product\/gilde-gouda-oud-zoet-premium-purple-label-48\/"]}]},{"@type":"ImageObject","inLanguage":"de","@id":"https:\/\/visser-kaas.nl\/de\/product\/gilde-gouda-oud-zoet-premium-purple-label-48\/#primaryimage","url":"https:\/\/visser-kaas.nl\/wp-content\/uploads\/Sweet-Old-Purple-Label-2.jpg","contentUrl":"https:\/\/visser-kaas.nl\/wp-content\/uploads\/Sweet-Old-Purple-Label-2.jpg","width":1024,"height":1024},{"@type":"BreadcrumbList","@id":"https:\/\/visser-kaas.nl\/de\/product\/gilde-gouda-oud-zoet-premium-purple-label-48\/#breadcrumb","itemListElement":[{"@type":"ListItem","position":1,"name":"Home","item":"https:\/\/visser-kaas.nl\/de\/"},{"@type":"ListItem","position":2,"name":"Producten","item":"https:\/\/visser-kaas.nl\/de\/product\/"},{"@type":"ListItem","position":3,"name":"Gilde Gouda Oud Zoet\/ Premium Purple label 48+"}]},{"@type":"WebSite","@id":"https:\/\/visser-kaas.nl\/de\/#website","url":"https:\/\/visser-kaas.nl\/de\/","name":"Visser Kaas","description":"","publisher":{"@id":"https:\/\/visser-kaas.nl\/de\/#organization"},"potentialAction":[{"@type":"SearchAction","target":{"@type":"EntryPoint","urlTemplate":"https:\/\/visser-kaas.nl\/de\/?s={search_term_string}"},"query-input":{"@type":"PropertyValueSpecification","valueRequired":true,"valueName":"search_term_string"}}],"inLanguage":"de"},{"@type":"Organization","@id":"https:\/\/visser-kaas.nl\/de\/#organization","name":"Visser Kaas","url":"https:\/\/visser-kaas.nl\/de\/","logo":{"@type":"ImageObject","inLanguage":"de","@id":"https:\/\/visser-kaas.nl\/de\/#\/schema\/logo\/image\/","url":"https:\/\/visser-kaas.nl\/wp-content\/uploads\/media\/cropped-cropped-logo-2.png","contentUrl":"https:\/\/visser-kaas.nl\/wp-content\/uploads\/media\/cropped-cropped-logo-2.png","width":1620,"height":325,"caption":"Visser Kaas"},"image":{"@id":"https:\/\/visser-kaas.nl\/de\/#\/schema\/logo\/image\/"}}]}},"_links":{"self":[{"href":"https:\/\/visser-kaas.nl\/de\/wp-json\/wp\/v2\/product\/1046","targetHints":{"allow":["GET"]}}],"collection":[{"href":"https:\/\/visser-kaas.nl\/de\/wp-json\/wp\/v2\/product"}],"about":[{"href":"https:\/\/visser-kaas.nl\/de\/wp-json\/wp\/v2\/types\/product"}],"version-history":[{"count":6,"href":"https:\/\/visser-kaas.nl\/de\/wp-json\/wp\/v2\/product\/1046\/revisions"}],"predecessor-version":[{"id":4516,"href":"https:\/\/visser-kaas.nl\/de\/wp-json\/wp\/v2\/product\/1046\/revisions\/4516"}],"wp:featuredmedia":[{"embeddable":true,"href":"https:\/\/visser-kaas.nl\/de\/wp-json\/wp\/v2\/media\/6233"}],"wp:attachment":[{"href":"https:\/\/visser-kaas.nl\/de\/wp-json\/wp\/v2\/media?parent=1046"}],"wp:term":[{"taxonomy":"categorie","embeddable":true,"href":"https:\/\/visser-kaas.nl\/de\/wp-json\/wp\/v2\/categorie?post=1046"}],"curies":[{"name":"wp","href":"https:\/\/api.w.org\/{rel}","templated":true}]}}