{"id":1042,"date":"2019-12-02T09:04:00","date_gmt":"2019-12-02T08:04:00","guid":{"rendered":"https:\/\/www.visser-kaas.nl\/product\/geitenkaas-oud-50\/"},"modified":"2024-03-04T10:11:43","modified_gmt":"2024-03-04T09:11:43","slug":"geitenkaas-oud-50","status":"publish","type":"product","link":"https:\/\/visser-kaas.nl\/de\/product\/geitenkaas-oud-50\/","title":{"rendered":"Ziegenk\u00e4se Alt 50% Fett i. Tr."},"content":{"rendered":"<p><strong>Huizer Kaas Gilde Ziegenk\u00e4se Alt 50% Fett i. Tr. \u2013 ca. 4,5kg wiel<\/strong><\/p>\n<p>Diese Ziegenk\u00e4sesorte wird ca. 1 Jahr gereift, was ihm einen ausgezeichneten und reichen Geschmack verleiht. Es sind kleine Salzkristalle vorhanden, die f\u00fcr einen leckeren Biss sorgen, w\u00e4hrend die Struktur des K\u00e4ses noch relativ cremig ist. Empfohlen f\u00fcr ein Servierbrett mit etwas s\u00fc\u00dfem Chutney.<\/p>\n","protected":false},"excerpt":{"rendered":"<p>4,5kg<\/p>\n","protected":false},"featured_media":6531,"menu_order":0,"template":"","categorie":[34],"class_list":["post-1042","product","type-product","status-publish","has-post-thumbnail","hentry","categorie-spezialitaeten"],"acf":[],"yoast_head":"<!-- This site is optimized with the Yoast SEO plugin v27.3 - https:\/\/yoast.com\/product\/yoast-seo-wordpress\/ -->\n<title>Ziegenk\u00e4se Alt 50% Fett i. Tr. - Visser Kaas<\/title>\n<meta name=\"description\" content=\"Entdecken Sie die kr\u00e4ftige Aromen und die cremige Textur dieses gereiften Ziegenk\u00e4ses mit einem Fettgehalt von 50%.\" \/>\n<meta name=\"robots\" content=\"index, follow, max-snippet:-1, max-image-preview:large, max-video-preview:-1\" \/>\n<link rel=\"canonical\" href=\"https:\/\/visser-kaas.nl\/de\/product\/geitenkaas-oud-50\/\" \/>\n<meta property=\"og:locale\" content=\"de_DE\" \/>\n<meta property=\"og:type\" content=\"article\" \/>\n<meta property=\"og:title\" content=\"Ziegenk\u00e4se Alt 50% Fett i. Tr. - Visser Kaas\" \/>\n<meta property=\"og:description\" content=\"Entdecken Sie die kr\u00e4ftige Aromen und die cremige Textur dieses gereiften Ziegenk\u00e4ses mit einem Fettgehalt von 50%.\" \/>\n<meta property=\"og:url\" content=\"https:\/\/visser-kaas.nl\/de\/product\/geitenkaas-oud-50\/\" \/>\n<meta property=\"og:site_name\" content=\"Visser Kaas\" \/>\n<meta property=\"article:modified_time\" content=\"2024-03-04T09:11:43+00:00\" \/>\n<meta property=\"og:image\" content=\"https:\/\/visser-kaas.nl\/wp-content\/uploads\/Goat-cheese-old-3.jpg\" \/>\n\t<meta property=\"og:image:width\" content=\"1024\" \/>\n\t<meta property=\"og:image:height\" content=\"1024\" \/>\n\t<meta property=\"og:image:type\" content=\"image\/jpeg\" \/>\n<meta name=\"twitter:card\" content=\"summary_large_image\" \/>\n<meta name=\"twitter:label1\" content=\"Gesch\u00e4tzte Lesezeit\" \/>\n\t<meta name=\"twitter:data1\" content=\"1\u00a0Minute\" \/>\n<script type=\"application\/ld+json\" class=\"yoast-schema-graph\">{\"@context\":\"https:\\\/\\\/schema.org\",\"@graph\":[{\"@type\":\"WebPage\",\"@id\":\"https:\\\/\\\/visser-kaas.nl\\\/de\\\/product\\\/geitenkaas-oud-50\\\/\",\"url\":\"https:\\\/\\\/visser-kaas.nl\\\/de\\\/product\\\/geitenkaas-oud-50\\\/\",\"name\":\"Ziegenk\u00e4se Alt 50% Fett i. Tr. - Visser Kaas\",\"isPartOf\":{\"@id\":\"https:\\\/\\\/visser-kaas.nl\\\/de\\\/#website\"},\"primaryImageOfPage\":{\"@id\":\"https:\\\/\\\/visser-kaas.nl\\\/de\\\/product\\\/geitenkaas-oud-50\\\/#primaryimage\"},\"image\":{\"@id\":\"https:\\\/\\\/visser-kaas.nl\\\/de\\\/product\\\/geitenkaas-oud-50\\\/#primaryimage\"},\"thumbnailUrl\":\"https:\\\/\\\/visser-kaas.nl\\\/wp-content\\\/uploads\\\/Goat-cheese-old-3.jpg\",\"datePublished\":\"2019-12-02T08:04:00+00:00\",\"dateModified\":\"2024-03-04T09:11:43+00:00\",\"description\":\"Entdecken Sie die kr\u00e4ftige Aromen und die cremige Textur dieses gereiften Ziegenk\u00e4ses mit einem Fettgehalt von 50%.\",\"breadcrumb\":{\"@id\":\"https:\\\/\\\/visser-kaas.nl\\\/de\\\/product\\\/geitenkaas-oud-50\\\/#breadcrumb\"},\"inLanguage\":\"de\",\"potentialAction\":[{\"@type\":\"ReadAction\",\"target\":[\"https:\\\/\\\/visser-kaas.nl\\\/de\\\/product\\\/geitenkaas-oud-50\\\/\"]}]},{\"@type\":\"ImageObject\",\"inLanguage\":\"de\",\"@id\":\"https:\\\/\\\/visser-kaas.nl\\\/de\\\/product\\\/geitenkaas-oud-50\\\/#primaryimage\",\"url\":\"https:\\\/\\\/visser-kaas.nl\\\/wp-content\\\/uploads\\\/Goat-cheese-old-3.jpg\",\"contentUrl\":\"https:\\\/\\\/visser-kaas.nl\\\/wp-content\\\/uploads\\\/Goat-cheese-old-3.jpg\",\"width\":1024,\"height\":1024},{\"@type\":\"BreadcrumbList\",\"@id\":\"https:\\\/\\\/visser-kaas.nl\\\/de\\\/product\\\/geitenkaas-oud-50\\\/#breadcrumb\",\"itemListElement\":[{\"@type\":\"ListItem\",\"position\":1,\"name\":\"Home\",\"item\":\"https:\\\/\\\/visser-kaas.nl\\\/de\\\/\"},{\"@type\":\"ListItem\",\"position\":2,\"name\":\"Producten\",\"item\":\"https:\\\/\\\/visser-kaas.nl\\\/de\\\/product\\\/\"},{\"@type\":\"ListItem\",\"position\":3,\"name\":\"Ziegenk\u00e4se Alt 50% Fett i. Tr.\"}]},{\"@type\":\"WebSite\",\"@id\":\"https:\\\/\\\/visser-kaas.nl\\\/de\\\/#website\",\"url\":\"https:\\\/\\\/visser-kaas.nl\\\/de\\\/\",\"name\":\"Visser Kaas\",\"description\":\"\",\"publisher\":{\"@id\":\"https:\\\/\\\/visser-kaas.nl\\\/de\\\/#organization\"},\"potentialAction\":[{\"@type\":\"SearchAction\",\"target\":{\"@type\":\"EntryPoint\",\"urlTemplate\":\"https:\\\/\\\/visser-kaas.nl\\\/de\\\/?s={search_term_string}\"},\"query-input\":{\"@type\":\"PropertyValueSpecification\",\"valueRequired\":true,\"valueName\":\"search_term_string\"}}],\"inLanguage\":\"de\"},{\"@type\":\"Organization\",\"@id\":\"https:\\\/\\\/visser-kaas.nl\\\/de\\\/#organization\",\"name\":\"Visser Kaas\",\"url\":\"https:\\\/\\\/visser-kaas.nl\\\/de\\\/\",\"logo\":{\"@type\":\"ImageObject\",\"inLanguage\":\"de\",\"@id\":\"https:\\\/\\\/visser-kaas.nl\\\/de\\\/#\\\/schema\\\/logo\\\/image\\\/\",\"url\":\"https:\\\/\\\/visser-kaas.nl\\\/wp-content\\\/uploads\\\/media\\\/cropped-cropped-logo-2.png\",\"contentUrl\":\"https:\\\/\\\/visser-kaas.nl\\\/wp-content\\\/uploads\\\/media\\\/cropped-cropped-logo-2.png\",\"width\":1620,\"height\":325,\"caption\":\"Visser Kaas\"},\"image\":{\"@id\":\"https:\\\/\\\/visser-kaas.nl\\\/de\\\/#\\\/schema\\\/logo\\\/image\\\/\"}}]}<\/script>\n<!-- \/ Yoast SEO plugin. -->","yoast_head_json":{"title":"Ziegenk\u00e4se Alt 50% Fett i. Tr. - Visser Kaas","description":"Entdecken Sie die kr\u00e4ftige Aromen und die cremige Textur dieses gereiften Ziegenk\u00e4ses mit einem Fettgehalt von 50%.","robots":{"index":"index","follow":"follow","max-snippet":"max-snippet:-1","max-image-preview":"max-image-preview:large","max-video-preview":"max-video-preview:-1"},"canonical":"https:\/\/visser-kaas.nl\/de\/product\/geitenkaas-oud-50\/","og_locale":"de_DE","og_type":"article","og_title":"Ziegenk\u00e4se Alt 50% Fett i. Tr. - Visser Kaas","og_description":"Entdecken Sie die kr\u00e4ftige Aromen und die cremige Textur dieses gereiften Ziegenk\u00e4ses mit einem Fettgehalt von 50%.","og_url":"https:\/\/visser-kaas.nl\/de\/product\/geitenkaas-oud-50\/","og_site_name":"Visser Kaas","article_modified_time":"2024-03-04T09:11:43+00:00","og_image":[{"width":1024,"height":1024,"url":"https:\/\/visser-kaas.nl\/wp-content\/uploads\/Goat-cheese-old-3.jpg","type":"image\/jpeg"}],"twitter_card":"summary_large_image","twitter_misc":{"Gesch\u00e4tzte Lesezeit":"1\u00a0Minute"},"schema":{"@context":"https:\/\/schema.org","@graph":[{"@type":"WebPage","@id":"https:\/\/visser-kaas.nl\/de\/product\/geitenkaas-oud-50\/","url":"https:\/\/visser-kaas.nl\/de\/product\/geitenkaas-oud-50\/","name":"Ziegenk\u00e4se Alt 50% Fett i. Tr. - Visser Kaas","isPartOf":{"@id":"https:\/\/visser-kaas.nl\/de\/#website"},"primaryImageOfPage":{"@id":"https:\/\/visser-kaas.nl\/de\/product\/geitenkaas-oud-50\/#primaryimage"},"image":{"@id":"https:\/\/visser-kaas.nl\/de\/product\/geitenkaas-oud-50\/#primaryimage"},"thumbnailUrl":"https:\/\/visser-kaas.nl\/wp-content\/uploads\/Goat-cheese-old-3.jpg","datePublished":"2019-12-02T08:04:00+00:00","dateModified":"2024-03-04T09:11:43+00:00","description":"Entdecken Sie die kr\u00e4ftige Aromen und die cremige Textur dieses gereiften Ziegenk\u00e4ses mit einem Fettgehalt von 50%.","breadcrumb":{"@id":"https:\/\/visser-kaas.nl\/de\/product\/geitenkaas-oud-50\/#breadcrumb"},"inLanguage":"de","potentialAction":[{"@type":"ReadAction","target":["https:\/\/visser-kaas.nl\/de\/product\/geitenkaas-oud-50\/"]}]},{"@type":"ImageObject","inLanguage":"de","@id":"https:\/\/visser-kaas.nl\/de\/product\/geitenkaas-oud-50\/#primaryimage","url":"https:\/\/visser-kaas.nl\/wp-content\/uploads\/Goat-cheese-old-3.jpg","contentUrl":"https:\/\/visser-kaas.nl\/wp-content\/uploads\/Goat-cheese-old-3.jpg","width":1024,"height":1024},{"@type":"BreadcrumbList","@id":"https:\/\/visser-kaas.nl\/de\/product\/geitenkaas-oud-50\/#breadcrumb","itemListElement":[{"@type":"ListItem","position":1,"name":"Home","item":"https:\/\/visser-kaas.nl\/de\/"},{"@type":"ListItem","position":2,"name":"Producten","item":"https:\/\/visser-kaas.nl\/de\/product\/"},{"@type":"ListItem","position":3,"name":"Ziegenk\u00e4se Alt 50% Fett i. Tr."}]},{"@type":"WebSite","@id":"https:\/\/visser-kaas.nl\/de\/#website","url":"https:\/\/visser-kaas.nl\/de\/","name":"Visser Kaas","description":"","publisher":{"@id":"https:\/\/visser-kaas.nl\/de\/#organization"},"potentialAction":[{"@type":"SearchAction","target":{"@type":"EntryPoint","urlTemplate":"https:\/\/visser-kaas.nl\/de\/?s={search_term_string}"},"query-input":{"@type":"PropertyValueSpecification","valueRequired":true,"valueName":"search_term_string"}}],"inLanguage":"de"},{"@type":"Organization","@id":"https:\/\/visser-kaas.nl\/de\/#organization","name":"Visser Kaas","url":"https:\/\/visser-kaas.nl\/de\/","logo":{"@type":"ImageObject","inLanguage":"de","@id":"https:\/\/visser-kaas.nl\/de\/#\/schema\/logo\/image\/","url":"https:\/\/visser-kaas.nl\/wp-content\/uploads\/media\/cropped-cropped-logo-2.png","contentUrl":"https:\/\/visser-kaas.nl\/wp-content\/uploads\/media\/cropped-cropped-logo-2.png","width":1620,"height":325,"caption":"Visser Kaas"},"image":{"@id":"https:\/\/visser-kaas.nl\/de\/#\/schema\/logo\/image\/"}}]}},"_links":{"self":[{"href":"https:\/\/visser-kaas.nl\/de\/wp-json\/wp\/v2\/product\/1042","targetHints":{"allow":["GET"]}}],"collection":[{"href":"https:\/\/visser-kaas.nl\/de\/wp-json\/wp\/v2\/product"}],"about":[{"href":"https:\/\/visser-kaas.nl\/de\/wp-json\/wp\/v2\/types\/product"}],"version-history":[{"count":6,"href":"https:\/\/visser-kaas.nl\/de\/wp-json\/wp\/v2\/product\/1042\/revisions"}],"predecessor-version":[{"id":4341,"href":"https:\/\/visser-kaas.nl\/de\/wp-json\/wp\/v2\/product\/1042\/revisions\/4341"}],"wp:featuredmedia":[{"embeddable":true,"href":"https:\/\/visser-kaas.nl\/de\/wp-json\/wp\/v2\/media\/6531"}],"wp:attachment":[{"href":"https:\/\/visser-kaas.nl\/de\/wp-json\/wp\/v2\/media?parent=1042"}],"wp:term":[{"taxonomy":"categorie","embeddable":true,"href":"https:\/\/visser-kaas.nl\/de\/wp-json\/wp\/v2\/categorie?post=1042"}],"curies":[{"name":"wp","href":"https:\/\/api.w.org\/{rel}","templated":true}]}}