{"id":1038,"date":"2019-12-02T09:00:36","date_gmt":"2019-12-02T08:00:36","guid":{"rendered":"https:\/\/www.visser-kaas.nl\/product\/peperkaas-50\/"},"modified":"2024-03-04T10:13:33","modified_gmt":"2024-03-04T09:13:33","slug":"peperkaas-50","status":"publish","type":"product","link":"https:\/\/visser-kaas.nl\/de\/product\/peperkaas-50\/","title":{"rendered":"Pfefferk\u00e4se 50% Fett i. Tr."},"content":{"rendered":"<div class=\"et_pb_column et_pb_column_2_3 et_pb_column_1 et_pb_css_mix_blend_mode_passthrough\">\n<div class=\"et_pb_module et_pb_text et_pb_text_1 et_pb_bg_layout_light et_pb_text_align_left\">\n<div class=\"et_pb_text_inner\">\n<p><strong>Huizer Kaas Gilde Gouda Pfefferk\u00e4se 50% Fett i. Tr. &#8211; <\/strong><strong>ca. 4,5kg wiel<br \/>\n<\/strong><\/p>\n<p>Der Pfefferk\u00e4se ist ein besonderer K\u00e4se und somit eine der Spezialit\u00e4ten der Huizer K\u00e4segilde. Seinen besonderen Geschmack erh\u00e4lt der K\u00e4se durch die Kombination von gr\u00fcnem und schwarzem Pfeffer, die im K\u00e4se verfeinert werden. Der Pfefferk\u00e4se hat einen weichen und cremigen Geschmack, der sich wunderbar mit den Pfeffers verbindet. Ein Muss f\u00fcr einen Drink!<\/p>\n<\/div>\n<\/div>\n<\/div>\n","protected":false},"excerpt":{"rendered":"<p>4,5kg<\/p>\n","protected":false},"featured_media":6162,"menu_order":0,"template":"","categorie":[34],"class_list":["post-1038","product","type-product","status-publish","has-post-thumbnail","hentry","categorie-spezialitaeten"],"acf":[],"yoast_head":"<!-- This site is optimized with the Yoast SEO plugin v27.4 - https:\/\/yoast.com\/product\/yoast-seo-wordpress\/ -->\n<title>Pfefferk\u00e4se 50% Fett i. Tr. - Visser Kaas<\/title>\n<meta name=\"description\" content=\"Genie\u00dfen Sie die pikante Note und cremige Textur dieses K\u00e4ses mit einem Fettgehalt von 50%.\" \/>\n<meta name=\"robots\" content=\"index, follow, max-snippet:-1, max-image-preview:large, max-video-preview:-1\" \/>\n<link rel=\"canonical\" href=\"https:\/\/visser-kaas.nl\/de\/product\/peperkaas-50\/\" \/>\n<meta property=\"og:locale\" content=\"de_DE\" \/>\n<meta property=\"og:type\" content=\"article\" \/>\n<meta property=\"og:title\" content=\"Pfefferk\u00e4se 50% Fett i. Tr. - Visser Kaas\" \/>\n<meta property=\"og:description\" content=\"Genie\u00dfen Sie die pikante Note und cremige Textur dieses K\u00e4ses mit einem Fettgehalt von 50%.\" \/>\n<meta property=\"og:url\" content=\"https:\/\/visser-kaas.nl\/de\/product\/peperkaas-50\/\" \/>\n<meta property=\"og:site_name\" content=\"Visser Kaas\" \/>\n<meta property=\"article:modified_time\" content=\"2024-03-04T09:13:33+00:00\" \/>\n<meta property=\"og:image\" content=\"https:\/\/visser-kaas.nl\/wp-content\/uploads\/Black-Pepper-Cheese-4.jpg\" \/>\n\t<meta property=\"og:image:width\" content=\"1024\" \/>\n\t<meta property=\"og:image:height\" content=\"1024\" \/>\n\t<meta property=\"og:image:type\" content=\"image\/jpeg\" \/>\n<meta name=\"twitter:card\" content=\"summary_large_image\" \/>\n<meta name=\"twitter:label1\" content=\"Gesch\u00e4tzte Lesezeit\" \/>\n\t<meta name=\"twitter:data1\" content=\"1\u00a0Minute\" \/>\n<script type=\"application\/ld+json\" class=\"yoast-schema-graph\">{\"@context\":\"https:\\\/\\\/schema.org\",\"@graph\":[{\"@type\":\"WebPage\",\"@id\":\"https:\\\/\\\/visser-kaas.nl\\\/de\\\/product\\\/peperkaas-50\\\/\",\"url\":\"https:\\\/\\\/visser-kaas.nl\\\/de\\\/product\\\/peperkaas-50\\\/\",\"name\":\"Pfefferk\u00e4se 50% Fett i. Tr. - Visser Kaas\",\"isPartOf\":{\"@id\":\"https:\\\/\\\/visser-kaas.nl\\\/de\\\/#website\"},\"primaryImageOfPage\":{\"@id\":\"https:\\\/\\\/visser-kaas.nl\\\/de\\\/product\\\/peperkaas-50\\\/#primaryimage\"},\"image\":{\"@id\":\"https:\\\/\\\/visser-kaas.nl\\\/de\\\/product\\\/peperkaas-50\\\/#primaryimage\"},\"thumbnailUrl\":\"https:\\\/\\\/visser-kaas.nl\\\/wp-content\\\/uploads\\\/Black-Pepper-Cheese-4.jpg\",\"datePublished\":\"2019-12-02T08:00:36+00:00\",\"dateModified\":\"2024-03-04T09:13:33+00:00\",\"description\":\"Genie\u00dfen Sie die pikante Note und cremige Textur dieses K\u00e4ses mit einem Fettgehalt von 50%.\",\"breadcrumb\":{\"@id\":\"https:\\\/\\\/visser-kaas.nl\\\/de\\\/product\\\/peperkaas-50\\\/#breadcrumb\"},\"inLanguage\":\"de\",\"potentialAction\":[{\"@type\":\"ReadAction\",\"target\":[\"https:\\\/\\\/visser-kaas.nl\\\/de\\\/product\\\/peperkaas-50\\\/\"]}]},{\"@type\":\"ImageObject\",\"inLanguage\":\"de\",\"@id\":\"https:\\\/\\\/visser-kaas.nl\\\/de\\\/product\\\/peperkaas-50\\\/#primaryimage\",\"url\":\"https:\\\/\\\/visser-kaas.nl\\\/wp-content\\\/uploads\\\/Black-Pepper-Cheese-4.jpg\",\"contentUrl\":\"https:\\\/\\\/visser-kaas.nl\\\/wp-content\\\/uploads\\\/Black-Pepper-Cheese-4.jpg\",\"width\":1024,\"height\":1024},{\"@type\":\"BreadcrumbList\",\"@id\":\"https:\\\/\\\/visser-kaas.nl\\\/de\\\/product\\\/peperkaas-50\\\/#breadcrumb\",\"itemListElement\":[{\"@type\":\"ListItem\",\"position\":1,\"name\":\"Home\",\"item\":\"https:\\\/\\\/visser-kaas.nl\\\/de\\\/\"},{\"@type\":\"ListItem\",\"position\":2,\"name\":\"Producten\",\"item\":\"https:\\\/\\\/visser-kaas.nl\\\/de\\\/product\\\/\"},{\"@type\":\"ListItem\",\"position\":3,\"name\":\"Pfefferk\u00e4se 50% Fett i. Tr.\"}]},{\"@type\":\"WebSite\",\"@id\":\"https:\\\/\\\/visser-kaas.nl\\\/de\\\/#website\",\"url\":\"https:\\\/\\\/visser-kaas.nl\\\/de\\\/\",\"name\":\"Visser Kaas\",\"description\":\"\",\"publisher\":{\"@id\":\"https:\\\/\\\/visser-kaas.nl\\\/de\\\/#organization\"},\"potentialAction\":[{\"@type\":\"SearchAction\",\"target\":{\"@type\":\"EntryPoint\",\"urlTemplate\":\"https:\\\/\\\/visser-kaas.nl\\\/de\\\/?s={search_term_string}\"},\"query-input\":{\"@type\":\"PropertyValueSpecification\",\"valueRequired\":true,\"valueName\":\"search_term_string\"}}],\"inLanguage\":\"de\"},{\"@type\":\"Organization\",\"@id\":\"https:\\\/\\\/visser-kaas.nl\\\/de\\\/#organization\",\"name\":\"Visser Kaas\",\"url\":\"https:\\\/\\\/visser-kaas.nl\\\/de\\\/\",\"logo\":{\"@type\":\"ImageObject\",\"inLanguage\":\"de\",\"@id\":\"https:\\\/\\\/visser-kaas.nl\\\/de\\\/#\\\/schema\\\/logo\\\/image\\\/\",\"url\":\"https:\\\/\\\/visser-kaas.nl\\\/wp-content\\\/uploads\\\/media\\\/cropped-cropped-logo-2.png\",\"contentUrl\":\"https:\\\/\\\/visser-kaas.nl\\\/wp-content\\\/uploads\\\/media\\\/cropped-cropped-logo-2.png\",\"width\":1620,\"height\":325,\"caption\":\"Visser Kaas\"},\"image\":{\"@id\":\"https:\\\/\\\/visser-kaas.nl\\\/de\\\/#\\\/schema\\\/logo\\\/image\\\/\"}}]}<\/script>\n<!-- \/ Yoast SEO plugin. -->","yoast_head_json":{"title":"Pfefferk\u00e4se 50% Fett i. Tr. - Visser Kaas","description":"Genie\u00dfen Sie die pikante Note und cremige Textur dieses K\u00e4ses mit einem Fettgehalt von 50%.","robots":{"index":"index","follow":"follow","max-snippet":"max-snippet:-1","max-image-preview":"max-image-preview:large","max-video-preview":"max-video-preview:-1"},"canonical":"https:\/\/visser-kaas.nl\/de\/product\/peperkaas-50\/","og_locale":"de_DE","og_type":"article","og_title":"Pfefferk\u00e4se 50% Fett i. Tr. - Visser Kaas","og_description":"Genie\u00dfen Sie die pikante Note und cremige Textur dieses K\u00e4ses mit einem Fettgehalt von 50%.","og_url":"https:\/\/visser-kaas.nl\/de\/product\/peperkaas-50\/","og_site_name":"Visser Kaas","article_modified_time":"2024-03-04T09:13:33+00:00","og_image":[{"width":1024,"height":1024,"url":"https:\/\/visser-kaas.nl\/wp-content\/uploads\/Black-Pepper-Cheese-4.jpg","type":"image\/jpeg"}],"twitter_card":"summary_large_image","twitter_misc":{"Gesch\u00e4tzte Lesezeit":"1\u00a0Minute"},"schema":{"@context":"https:\/\/schema.org","@graph":[{"@type":"WebPage","@id":"https:\/\/visser-kaas.nl\/de\/product\/peperkaas-50\/","url":"https:\/\/visser-kaas.nl\/de\/product\/peperkaas-50\/","name":"Pfefferk\u00e4se 50% Fett i. Tr. - Visser Kaas","isPartOf":{"@id":"https:\/\/visser-kaas.nl\/de\/#website"},"primaryImageOfPage":{"@id":"https:\/\/visser-kaas.nl\/de\/product\/peperkaas-50\/#primaryimage"},"image":{"@id":"https:\/\/visser-kaas.nl\/de\/product\/peperkaas-50\/#primaryimage"},"thumbnailUrl":"https:\/\/visser-kaas.nl\/wp-content\/uploads\/Black-Pepper-Cheese-4.jpg","datePublished":"2019-12-02T08:00:36+00:00","dateModified":"2024-03-04T09:13:33+00:00","description":"Genie\u00dfen Sie die pikante Note und cremige Textur dieses K\u00e4ses mit einem Fettgehalt von 50%.","breadcrumb":{"@id":"https:\/\/visser-kaas.nl\/de\/product\/peperkaas-50\/#breadcrumb"},"inLanguage":"de","potentialAction":[{"@type":"ReadAction","target":["https:\/\/visser-kaas.nl\/de\/product\/peperkaas-50\/"]}]},{"@type":"ImageObject","inLanguage":"de","@id":"https:\/\/visser-kaas.nl\/de\/product\/peperkaas-50\/#primaryimage","url":"https:\/\/visser-kaas.nl\/wp-content\/uploads\/Black-Pepper-Cheese-4.jpg","contentUrl":"https:\/\/visser-kaas.nl\/wp-content\/uploads\/Black-Pepper-Cheese-4.jpg","width":1024,"height":1024},{"@type":"BreadcrumbList","@id":"https:\/\/visser-kaas.nl\/de\/product\/peperkaas-50\/#breadcrumb","itemListElement":[{"@type":"ListItem","position":1,"name":"Home","item":"https:\/\/visser-kaas.nl\/de\/"},{"@type":"ListItem","position":2,"name":"Producten","item":"https:\/\/visser-kaas.nl\/de\/product\/"},{"@type":"ListItem","position":3,"name":"Pfefferk\u00e4se 50% Fett i. Tr."}]},{"@type":"WebSite","@id":"https:\/\/visser-kaas.nl\/de\/#website","url":"https:\/\/visser-kaas.nl\/de\/","name":"Visser Kaas","description":"","publisher":{"@id":"https:\/\/visser-kaas.nl\/de\/#organization"},"potentialAction":[{"@type":"SearchAction","target":{"@type":"EntryPoint","urlTemplate":"https:\/\/visser-kaas.nl\/de\/?s={search_term_string}"},"query-input":{"@type":"PropertyValueSpecification","valueRequired":true,"valueName":"search_term_string"}}],"inLanguage":"de"},{"@type":"Organization","@id":"https:\/\/visser-kaas.nl\/de\/#organization","name":"Visser Kaas","url":"https:\/\/visser-kaas.nl\/de\/","logo":{"@type":"ImageObject","inLanguage":"de","@id":"https:\/\/visser-kaas.nl\/de\/#\/schema\/logo\/image\/","url":"https:\/\/visser-kaas.nl\/wp-content\/uploads\/media\/cropped-cropped-logo-2.png","contentUrl":"https:\/\/visser-kaas.nl\/wp-content\/uploads\/media\/cropped-cropped-logo-2.png","width":1620,"height":325,"caption":"Visser Kaas"},"image":{"@id":"https:\/\/visser-kaas.nl\/de\/#\/schema\/logo\/image\/"}}]}},"_links":{"self":[{"href":"https:\/\/visser-kaas.nl\/de\/wp-json\/wp\/v2\/product\/1038","targetHints":{"allow":["GET"]}}],"collection":[{"href":"https:\/\/visser-kaas.nl\/de\/wp-json\/wp\/v2\/product"}],"about":[{"href":"https:\/\/visser-kaas.nl\/de\/wp-json\/wp\/v2\/types\/product"}],"version-history":[{"count":6,"href":"https:\/\/visser-kaas.nl\/de\/wp-json\/wp\/v2\/product\/1038\/revisions"}],"predecessor-version":[{"id":4346,"href":"https:\/\/visser-kaas.nl\/de\/wp-json\/wp\/v2\/product\/1038\/revisions\/4346"}],"wp:featuredmedia":[{"embeddable":true,"href":"https:\/\/visser-kaas.nl\/de\/wp-json\/wp\/v2\/media\/6162"}],"wp:attachment":[{"href":"https:\/\/visser-kaas.nl\/de\/wp-json\/wp\/v2\/media?parent=1038"}],"wp:term":[{"taxonomy":"categorie","embeddable":true,"href":"https:\/\/visser-kaas.nl\/de\/wp-json\/wp\/v2\/categorie?post=1038"}],"curies":[{"name":"wp","href":"https:\/\/api.w.org\/{rel}","templated":true}]}}