{"id":1032,"date":"2019-12-02T08:55:29","date_gmt":"2019-12-02T07:55:29","guid":{"rendered":"https:\/\/www.visser-kaas.nl\/product\/goudse-foliekaas-15kg\/"},"modified":"2024-03-04T10:15:44","modified_gmt":"2024-03-04T09:15:44","slug":"goudse-foliekaas-15kg","status":"publish","type":"product","link":"https:\/\/visser-kaas.nl\/de\/product\/goudse-foliekaas-15kg\/","title":{"rendered":"Gouda Folienk\u00e4se 15kg"},"content":{"rendered":"<p><strong>Gouda Folienk\u00e4se <\/strong><strong>48+ K\u00e4se\u2013 ca. 15kg Block<br \/>\n<\/strong><\/p>\n<p>Im Gegensatz zu den naturgereiften (Rund-)K\u00e4sen handelt es sich hier um einen foliengereiften K\u00e4se ohne Rinde in Blockform. Dieser K\u00e4se wird in jungen Jahren in transparenter Folie verpackt. Die Bl\u00f6cke eignen sich hervorragend f\u00fcr die Gastronomie und Weiterverarbeitung, da der K\u00e4se keine Rinde hat und somit sofort nach dem Auspacken geschnitten oder gerieben werden kann. Praktisch f\u00fcr Sandwiches, getoastete Sandwiches, Burger oder \u00fcber die Pizza gerieben.<\/p>\n","protected":false},"excerpt":{"rendered":"<p>15kg<\/p>\n","protected":false},"featured_media":2508,"menu_order":0,"template":"","categorie":[36],"class_list":["post-1032","product","type-product","status-publish","has-post-thumbnail","hentry","categorie-overig-de"],"acf":[],"yoast_head":"<!-- This site is optimized with the Yoast SEO plugin v27.5 - https:\/\/yoast.com\/product\/yoast-seo-wordpress\/ -->\n<title>Gouda Folienk\u00e4se 15kg - Visser Kaas<\/title>\n<meta name=\"description\" content=\"Genie\u00dfen Sie den milden Geschmack und die praktische Verpackung dieses Gouda-K\u00e4ses.\" \/>\n<meta name=\"robots\" content=\"index, follow, max-snippet:-1, max-image-preview:large, max-video-preview:-1\" \/>\n<link rel=\"canonical\" href=\"https:\/\/visser-kaas.nl\/de\/product\/goudse-foliekaas-15kg\/\" \/>\n<meta property=\"og:locale\" content=\"de_DE\" \/>\n<meta property=\"og:type\" content=\"article\" \/>\n<meta property=\"og:title\" content=\"Gouda Folienk\u00e4se 15kg - Visser Kaas\" \/>\n<meta property=\"og:description\" content=\"Genie\u00dfen Sie den milden Geschmack und die praktische Verpackung dieses Gouda-K\u00e4ses.\" \/>\n<meta property=\"og:url\" content=\"https:\/\/visser-kaas.nl\/de\/product\/goudse-foliekaas-15kg\/\" \/>\n<meta property=\"og:site_name\" content=\"Visser Kaas\" \/>\n<meta property=\"article:modified_time\" content=\"2024-03-04T09:15:44+00:00\" \/>\n<meta property=\"og:image\" content=\"https:\/\/visser-kaas.nl\/wp-content\/uploads\/Gouda-15kg-foil-block-1024x682.png\" \/>\n\t<meta property=\"og:image:width\" content=\"1024\" \/>\n\t<meta property=\"og:image:height\" content=\"682\" \/>\n\t<meta property=\"og:image:type\" content=\"image\/png\" \/>\n<meta name=\"twitter:card\" content=\"summary_large_image\" \/>\n<meta name=\"twitter:label1\" content=\"Gesch\u00e4tzte Lesezeit\" \/>\n\t<meta name=\"twitter:data1\" content=\"1\u00a0Minute\" \/>\n<script type=\"application\/ld+json\" class=\"yoast-schema-graph\">{\"@context\":\"https:\\\/\\\/schema.org\",\"@graph\":[{\"@type\":\"WebPage\",\"@id\":\"https:\\\/\\\/visser-kaas.nl\\\/de\\\/product\\\/goudse-foliekaas-15kg\\\/\",\"url\":\"https:\\\/\\\/visser-kaas.nl\\\/de\\\/product\\\/goudse-foliekaas-15kg\\\/\",\"name\":\"Gouda Folienk\u00e4se 15kg - Visser Kaas\",\"isPartOf\":{\"@id\":\"https:\\\/\\\/visser-kaas.nl\\\/de\\\/#website\"},\"primaryImageOfPage\":{\"@id\":\"https:\\\/\\\/visser-kaas.nl\\\/de\\\/product\\\/goudse-foliekaas-15kg\\\/#primaryimage\"},\"image\":{\"@id\":\"https:\\\/\\\/visser-kaas.nl\\\/de\\\/product\\\/goudse-foliekaas-15kg\\\/#primaryimage\"},\"thumbnailUrl\":\"https:\\\/\\\/visser-kaas.nl\\\/wp-content\\\/uploads\\\/Gouda-15kg-foil-block.png\",\"datePublished\":\"2019-12-02T07:55:29+00:00\",\"dateModified\":\"2024-03-04T09:15:44+00:00\",\"description\":\"Genie\u00dfen Sie den milden Geschmack und die praktische Verpackung dieses Gouda-K\u00e4ses.\",\"breadcrumb\":{\"@id\":\"https:\\\/\\\/visser-kaas.nl\\\/de\\\/product\\\/goudse-foliekaas-15kg\\\/#breadcrumb\"},\"inLanguage\":\"de\",\"potentialAction\":[{\"@type\":\"ReadAction\",\"target\":[\"https:\\\/\\\/visser-kaas.nl\\\/de\\\/product\\\/goudse-foliekaas-15kg\\\/\"]}]},{\"@type\":\"ImageObject\",\"inLanguage\":\"de\",\"@id\":\"https:\\\/\\\/visser-kaas.nl\\\/de\\\/product\\\/goudse-foliekaas-15kg\\\/#primaryimage\",\"url\":\"https:\\\/\\\/visser-kaas.nl\\\/wp-content\\\/uploads\\\/Gouda-15kg-foil-block.png\",\"contentUrl\":\"https:\\\/\\\/visser-kaas.nl\\\/wp-content\\\/uploads\\\/Gouda-15kg-foil-block.png\",\"width\":1688,\"height\":1125},{\"@type\":\"BreadcrumbList\",\"@id\":\"https:\\\/\\\/visser-kaas.nl\\\/de\\\/product\\\/goudse-foliekaas-15kg\\\/#breadcrumb\",\"itemListElement\":[{\"@type\":\"ListItem\",\"position\":1,\"name\":\"Home\",\"item\":\"https:\\\/\\\/visser-kaas.nl\\\/de\\\/\"},{\"@type\":\"ListItem\",\"position\":2,\"name\":\"Producten\",\"item\":\"https:\\\/\\\/visser-kaas.nl\\\/de\\\/product\\\/\"},{\"@type\":\"ListItem\",\"position\":3,\"name\":\"Gouda Folienk\u00e4se 15kg\"}]},{\"@type\":\"WebSite\",\"@id\":\"https:\\\/\\\/visser-kaas.nl\\\/de\\\/#website\",\"url\":\"https:\\\/\\\/visser-kaas.nl\\\/de\\\/\",\"name\":\"Visser Kaas\",\"description\":\"\",\"publisher\":{\"@id\":\"https:\\\/\\\/visser-kaas.nl\\\/de\\\/#organization\"},\"potentialAction\":[{\"@type\":\"SearchAction\",\"target\":{\"@type\":\"EntryPoint\",\"urlTemplate\":\"https:\\\/\\\/visser-kaas.nl\\\/de\\\/?s={search_term_string}\"},\"query-input\":{\"@type\":\"PropertyValueSpecification\",\"valueRequired\":true,\"valueName\":\"search_term_string\"}}],\"inLanguage\":\"de\"},{\"@type\":\"Organization\",\"@id\":\"https:\\\/\\\/visser-kaas.nl\\\/de\\\/#organization\",\"name\":\"Visser Kaas\",\"url\":\"https:\\\/\\\/visser-kaas.nl\\\/de\\\/\",\"logo\":{\"@type\":\"ImageObject\",\"inLanguage\":\"de\",\"@id\":\"https:\\\/\\\/visser-kaas.nl\\\/de\\\/#\\\/schema\\\/logo\\\/image\\\/\",\"url\":\"https:\\\/\\\/visser-kaas.nl\\\/wp-content\\\/uploads\\\/media\\\/cropped-cropped-logo-2.png\",\"contentUrl\":\"https:\\\/\\\/visser-kaas.nl\\\/wp-content\\\/uploads\\\/media\\\/cropped-cropped-logo-2.png\",\"width\":1620,\"height\":325,\"caption\":\"Visser Kaas\"},\"image\":{\"@id\":\"https:\\\/\\\/visser-kaas.nl\\\/de\\\/#\\\/schema\\\/logo\\\/image\\\/\"}}]}<\/script>\n<!-- \/ Yoast SEO plugin. -->","yoast_head_json":{"title":"Gouda Folienk\u00e4se 15kg - Visser Kaas","description":"Genie\u00dfen Sie den milden Geschmack und die praktische Verpackung dieses Gouda-K\u00e4ses.","robots":{"index":"index","follow":"follow","max-snippet":"max-snippet:-1","max-image-preview":"max-image-preview:large","max-video-preview":"max-video-preview:-1"},"canonical":"https:\/\/visser-kaas.nl\/de\/product\/goudse-foliekaas-15kg\/","og_locale":"de_DE","og_type":"article","og_title":"Gouda Folienk\u00e4se 15kg - Visser Kaas","og_description":"Genie\u00dfen Sie den milden Geschmack und die praktische Verpackung dieses Gouda-K\u00e4ses.","og_url":"https:\/\/visser-kaas.nl\/de\/product\/goudse-foliekaas-15kg\/","og_site_name":"Visser Kaas","article_modified_time":"2024-03-04T09:15:44+00:00","og_image":[{"width":1024,"height":682,"url":"https:\/\/visser-kaas.nl\/wp-content\/uploads\/Gouda-15kg-foil-block-1024x682.png","type":"image\/png"}],"twitter_card":"summary_large_image","twitter_misc":{"Gesch\u00e4tzte Lesezeit":"1\u00a0Minute"},"schema":{"@context":"https:\/\/schema.org","@graph":[{"@type":"WebPage","@id":"https:\/\/visser-kaas.nl\/de\/product\/goudse-foliekaas-15kg\/","url":"https:\/\/visser-kaas.nl\/de\/product\/goudse-foliekaas-15kg\/","name":"Gouda Folienk\u00e4se 15kg - Visser Kaas","isPartOf":{"@id":"https:\/\/visser-kaas.nl\/de\/#website"},"primaryImageOfPage":{"@id":"https:\/\/visser-kaas.nl\/de\/product\/goudse-foliekaas-15kg\/#primaryimage"},"image":{"@id":"https:\/\/visser-kaas.nl\/de\/product\/goudse-foliekaas-15kg\/#primaryimage"},"thumbnailUrl":"https:\/\/visser-kaas.nl\/wp-content\/uploads\/Gouda-15kg-foil-block.png","datePublished":"2019-12-02T07:55:29+00:00","dateModified":"2024-03-04T09:15:44+00:00","description":"Genie\u00dfen Sie den milden Geschmack und die praktische Verpackung dieses Gouda-K\u00e4ses.","breadcrumb":{"@id":"https:\/\/visser-kaas.nl\/de\/product\/goudse-foliekaas-15kg\/#breadcrumb"},"inLanguage":"de","potentialAction":[{"@type":"ReadAction","target":["https:\/\/visser-kaas.nl\/de\/product\/goudse-foliekaas-15kg\/"]}]},{"@type":"ImageObject","inLanguage":"de","@id":"https:\/\/visser-kaas.nl\/de\/product\/goudse-foliekaas-15kg\/#primaryimage","url":"https:\/\/visser-kaas.nl\/wp-content\/uploads\/Gouda-15kg-foil-block.png","contentUrl":"https:\/\/visser-kaas.nl\/wp-content\/uploads\/Gouda-15kg-foil-block.png","width":1688,"height":1125},{"@type":"BreadcrumbList","@id":"https:\/\/visser-kaas.nl\/de\/product\/goudse-foliekaas-15kg\/#breadcrumb","itemListElement":[{"@type":"ListItem","position":1,"name":"Home","item":"https:\/\/visser-kaas.nl\/de\/"},{"@type":"ListItem","position":2,"name":"Producten","item":"https:\/\/visser-kaas.nl\/de\/product\/"},{"@type":"ListItem","position":3,"name":"Gouda Folienk\u00e4se 15kg"}]},{"@type":"WebSite","@id":"https:\/\/visser-kaas.nl\/de\/#website","url":"https:\/\/visser-kaas.nl\/de\/","name":"Visser Kaas","description":"","publisher":{"@id":"https:\/\/visser-kaas.nl\/de\/#organization"},"potentialAction":[{"@type":"SearchAction","target":{"@type":"EntryPoint","urlTemplate":"https:\/\/visser-kaas.nl\/de\/?s={search_term_string}"},"query-input":{"@type":"PropertyValueSpecification","valueRequired":true,"valueName":"search_term_string"}}],"inLanguage":"de"},{"@type":"Organization","@id":"https:\/\/visser-kaas.nl\/de\/#organization","name":"Visser Kaas","url":"https:\/\/visser-kaas.nl\/de\/","logo":{"@type":"ImageObject","inLanguage":"de","@id":"https:\/\/visser-kaas.nl\/de\/#\/schema\/logo\/image\/","url":"https:\/\/visser-kaas.nl\/wp-content\/uploads\/media\/cropped-cropped-logo-2.png","contentUrl":"https:\/\/visser-kaas.nl\/wp-content\/uploads\/media\/cropped-cropped-logo-2.png","width":1620,"height":325,"caption":"Visser Kaas"},"image":{"@id":"https:\/\/visser-kaas.nl\/de\/#\/schema\/logo\/image\/"}}]}},"_links":{"self":[{"href":"https:\/\/visser-kaas.nl\/de\/wp-json\/wp\/v2\/product\/1032","targetHints":{"allow":["GET"]}}],"collection":[{"href":"https:\/\/visser-kaas.nl\/de\/wp-json\/wp\/v2\/product"}],"about":[{"href":"https:\/\/visser-kaas.nl\/de\/wp-json\/wp\/v2\/types\/product"}],"version-history":[{"count":6,"href":"https:\/\/visser-kaas.nl\/de\/wp-json\/wp\/v2\/product\/1032\/revisions"}],"predecessor-version":[{"id":4524,"href":"https:\/\/visser-kaas.nl\/de\/wp-json\/wp\/v2\/product\/1032\/revisions\/4524"}],"wp:featuredmedia":[{"embeddable":true,"href":"https:\/\/visser-kaas.nl\/de\/wp-json\/wp\/v2\/media\/2508"}],"wp:attachment":[{"href":"https:\/\/visser-kaas.nl\/de\/wp-json\/wp\/v2\/media?parent=1032"}],"wp:term":[{"taxonomy":"categorie","embeddable":true,"href":"https:\/\/visser-kaas.nl\/de\/wp-json\/wp\/v2\/categorie?post=1032"}],"curies":[{"name":"wp","href":"https:\/\/api.w.org\/{rel}","templated":true}]}}