{"id":1027,"date":"2019-12-02T08:51:57","date_gmt":"2019-12-02T07:51:57","guid":{"rendered":"https:\/\/www.visser-kaas.nl\/product\/edam-foliekaas-40-kaas\/"},"modified":"2024-03-04T10:18:21","modified_gmt":"2024-03-04T09:18:21","slug":"edam-foliekaas-40-kaas","status":"publish","type":"product","link":"https:\/\/visser-kaas.nl\/de\/product\/edam-foliekaas-40-kaas\/","title":{"rendered":"Edam Folienk\u00e4se 40+ K\u00e4se"},"content":{"rendered":"<p><strong>Huizer Kaas Gilde Edam Folienk\u00e4se <\/strong><strong>40+ K\u00e4se \u2013 ca. 3kg Brote<br \/>\n<\/strong><\/p>\n<p>Ein Edamer 40+ foliengereifter K\u00e4se ohne Rinde in der 3kg Kastenform. Dieser K\u00e4se wird aus einem 15 kg schweren Edamer Folienblock geschnitten und anschlie\u00dfend in roter Folie verpackt. Die Folienrollen eignen sich hervorragend f\u00fcr die Gastronomie und Weiterverarbeitung, da der K\u00e4se keine Kruste hat und somit sofort nach dem Auspacken geschnitten oder gerieben werden kann. Im Vergleich zu den 15-kg-Bl\u00f6cken sind die 3-kg-Sandwiches aufgrund der kleineren Gr\u00f6\u00dfe einfacher zu handhaben. Praktisch f\u00fcr Sandwiches, getoastete Sandwiches, Burger oder \u00fcber die Pizza gerieben.<\/p>\n","protected":false},"excerpt":{"rendered":"<p>3kg<\/p>\n","protected":false},"featured_media":6195,"menu_order":0,"template":"","categorie":[36],"class_list":["post-1027","product","type-product","status-publish","has-post-thumbnail","hentry","categorie-overig-de"],"acf":[],"yoast_head":"<!-- This site is optimized with the Yoast SEO plugin v27.3 - https:\/\/yoast.com\/product\/yoast-seo-wordpress\/ -->\n<title>Edam Foliekase Visser Kaas<\/title>\n<meta name=\"description\" content=\"Genie\u00dfen Sie den milden Geschmack und die praktische Verpackung dieses Edam-K\u00e4ses mit einem Fettgehalt von 40%.\" \/>\n<meta name=\"robots\" content=\"index, follow, max-snippet:-1, max-image-preview:large, max-video-preview:-1\" \/>\n<link rel=\"canonical\" href=\"https:\/\/visser-kaas.nl\/de\/product\/edam-foliekaas-40-kaas\/\" \/>\n<meta property=\"og:locale\" content=\"de_DE\" \/>\n<meta property=\"og:type\" content=\"article\" \/>\n<meta property=\"og:title\" content=\"Edam Foliekase Visser Kaas\" \/>\n<meta property=\"og:description\" content=\"Genie\u00dfen Sie den milden Geschmack und die praktische Verpackung dieses Edam-K\u00e4ses mit einem Fettgehalt von 40%.\" \/>\n<meta property=\"og:url\" content=\"https:\/\/visser-kaas.nl\/de\/product\/edam-foliekaas-40-kaas\/\" \/>\n<meta property=\"og:site_name\" content=\"Visser Kaas\" \/>\n<meta property=\"article:modified_time\" content=\"2024-03-04T09:18:21+00:00\" \/>\n<meta property=\"og:image\" content=\"https:\/\/visser-kaas.nl\/wp-content\/uploads\/Original-Edam.jpg\" \/>\n\t<meta property=\"og:image:width\" content=\"1024\" \/>\n\t<meta property=\"og:image:height\" content=\"1024\" \/>\n\t<meta property=\"og:image:type\" content=\"image\/jpeg\" \/>\n<meta name=\"twitter:card\" content=\"summary_large_image\" \/>\n<meta name=\"twitter:label1\" content=\"Gesch\u00e4tzte Lesezeit\" \/>\n\t<meta name=\"twitter:data1\" content=\"2\u00a0Minuten\" \/>\n<script type=\"application\/ld+json\" class=\"yoast-schema-graph\">{\"@context\":\"https:\\\/\\\/schema.org\",\"@graph\":[{\"@type\":\"WebPage\",\"@id\":\"https:\\\/\\\/visser-kaas.nl\\\/de\\\/product\\\/edam-foliekaas-40-kaas\\\/\",\"url\":\"https:\\\/\\\/visser-kaas.nl\\\/de\\\/product\\\/edam-foliekaas-40-kaas\\\/\",\"name\":\"Edam Foliekase Visser Kaas\",\"isPartOf\":{\"@id\":\"https:\\\/\\\/visser-kaas.nl\\\/de\\\/#website\"},\"primaryImageOfPage\":{\"@id\":\"https:\\\/\\\/visser-kaas.nl\\\/de\\\/product\\\/edam-foliekaas-40-kaas\\\/#primaryimage\"},\"image\":{\"@id\":\"https:\\\/\\\/visser-kaas.nl\\\/de\\\/product\\\/edam-foliekaas-40-kaas\\\/#primaryimage\"},\"thumbnailUrl\":\"https:\\\/\\\/visser-kaas.nl\\\/wp-content\\\/uploads\\\/Original-Edam.jpg\",\"datePublished\":\"2019-12-02T07:51:57+00:00\",\"dateModified\":\"2024-03-04T09:18:21+00:00\",\"description\":\"Genie\u00dfen Sie den milden Geschmack und die praktische Verpackung dieses Edam-K\u00e4ses mit einem Fettgehalt von 40%.\",\"breadcrumb\":{\"@id\":\"https:\\\/\\\/visser-kaas.nl\\\/de\\\/product\\\/edam-foliekaas-40-kaas\\\/#breadcrumb\"},\"inLanguage\":\"de\",\"potentialAction\":[{\"@type\":\"ReadAction\",\"target\":[\"https:\\\/\\\/visser-kaas.nl\\\/de\\\/product\\\/edam-foliekaas-40-kaas\\\/\"]}]},{\"@type\":\"ImageObject\",\"inLanguage\":\"de\",\"@id\":\"https:\\\/\\\/visser-kaas.nl\\\/de\\\/product\\\/edam-foliekaas-40-kaas\\\/#primaryimage\",\"url\":\"https:\\\/\\\/visser-kaas.nl\\\/wp-content\\\/uploads\\\/Original-Edam.jpg\",\"contentUrl\":\"https:\\\/\\\/visser-kaas.nl\\\/wp-content\\\/uploads\\\/Original-Edam.jpg\",\"width\":1024,\"height\":1024},{\"@type\":\"BreadcrumbList\",\"@id\":\"https:\\\/\\\/visser-kaas.nl\\\/de\\\/product\\\/edam-foliekaas-40-kaas\\\/#breadcrumb\",\"itemListElement\":[{\"@type\":\"ListItem\",\"position\":1,\"name\":\"Home\",\"item\":\"https:\\\/\\\/visser-kaas.nl\\\/de\\\/\"},{\"@type\":\"ListItem\",\"position\":2,\"name\":\"Producten\",\"item\":\"https:\\\/\\\/visser-kaas.nl\\\/de\\\/product\\\/\"},{\"@type\":\"ListItem\",\"position\":3,\"name\":\"Edam Folienk\u00e4se 40+ K\u00e4se\"}]},{\"@type\":\"WebSite\",\"@id\":\"https:\\\/\\\/visser-kaas.nl\\\/de\\\/#website\",\"url\":\"https:\\\/\\\/visser-kaas.nl\\\/de\\\/\",\"name\":\"Visser Kaas\",\"description\":\"\",\"publisher\":{\"@id\":\"https:\\\/\\\/visser-kaas.nl\\\/de\\\/#organization\"},\"potentialAction\":[{\"@type\":\"SearchAction\",\"target\":{\"@type\":\"EntryPoint\",\"urlTemplate\":\"https:\\\/\\\/visser-kaas.nl\\\/de\\\/?s={search_term_string}\"},\"query-input\":{\"@type\":\"PropertyValueSpecification\",\"valueRequired\":true,\"valueName\":\"search_term_string\"}}],\"inLanguage\":\"de\"},{\"@type\":\"Organization\",\"@id\":\"https:\\\/\\\/visser-kaas.nl\\\/de\\\/#organization\",\"name\":\"Visser Kaas\",\"url\":\"https:\\\/\\\/visser-kaas.nl\\\/de\\\/\",\"logo\":{\"@type\":\"ImageObject\",\"inLanguage\":\"de\",\"@id\":\"https:\\\/\\\/visser-kaas.nl\\\/de\\\/#\\\/schema\\\/logo\\\/image\\\/\",\"url\":\"https:\\\/\\\/visser-kaas.nl\\\/wp-content\\\/uploads\\\/media\\\/cropped-cropped-logo-2.png\",\"contentUrl\":\"https:\\\/\\\/visser-kaas.nl\\\/wp-content\\\/uploads\\\/media\\\/cropped-cropped-logo-2.png\",\"width\":1620,\"height\":325,\"caption\":\"Visser Kaas\"},\"image\":{\"@id\":\"https:\\\/\\\/visser-kaas.nl\\\/de\\\/#\\\/schema\\\/logo\\\/image\\\/\"}}]}<\/script>\n<!-- \/ Yoast SEO plugin. -->","yoast_head_json":{"title":"Edam Foliekase Visser Kaas","description":"Genie\u00dfen Sie den milden Geschmack und die praktische Verpackung dieses Edam-K\u00e4ses mit einem Fettgehalt von 40%.","robots":{"index":"index","follow":"follow","max-snippet":"max-snippet:-1","max-image-preview":"max-image-preview:large","max-video-preview":"max-video-preview:-1"},"canonical":"https:\/\/visser-kaas.nl\/de\/product\/edam-foliekaas-40-kaas\/","og_locale":"de_DE","og_type":"article","og_title":"Edam Foliekase Visser Kaas","og_description":"Genie\u00dfen Sie den milden Geschmack und die praktische Verpackung dieses Edam-K\u00e4ses mit einem Fettgehalt von 40%.","og_url":"https:\/\/visser-kaas.nl\/de\/product\/edam-foliekaas-40-kaas\/","og_site_name":"Visser Kaas","article_modified_time":"2024-03-04T09:18:21+00:00","og_image":[{"width":1024,"height":1024,"url":"https:\/\/visser-kaas.nl\/wp-content\/uploads\/Original-Edam.jpg","type":"image\/jpeg"}],"twitter_card":"summary_large_image","twitter_misc":{"Gesch\u00e4tzte Lesezeit":"2\u00a0Minuten"},"schema":{"@context":"https:\/\/schema.org","@graph":[{"@type":"WebPage","@id":"https:\/\/visser-kaas.nl\/de\/product\/edam-foliekaas-40-kaas\/","url":"https:\/\/visser-kaas.nl\/de\/product\/edam-foliekaas-40-kaas\/","name":"Edam Foliekase Visser Kaas","isPartOf":{"@id":"https:\/\/visser-kaas.nl\/de\/#website"},"primaryImageOfPage":{"@id":"https:\/\/visser-kaas.nl\/de\/product\/edam-foliekaas-40-kaas\/#primaryimage"},"image":{"@id":"https:\/\/visser-kaas.nl\/de\/product\/edam-foliekaas-40-kaas\/#primaryimage"},"thumbnailUrl":"https:\/\/visser-kaas.nl\/wp-content\/uploads\/Original-Edam.jpg","datePublished":"2019-12-02T07:51:57+00:00","dateModified":"2024-03-04T09:18:21+00:00","description":"Genie\u00dfen Sie den milden Geschmack und die praktische Verpackung dieses Edam-K\u00e4ses mit einem Fettgehalt von 40%.","breadcrumb":{"@id":"https:\/\/visser-kaas.nl\/de\/product\/edam-foliekaas-40-kaas\/#breadcrumb"},"inLanguage":"de","potentialAction":[{"@type":"ReadAction","target":["https:\/\/visser-kaas.nl\/de\/product\/edam-foliekaas-40-kaas\/"]}]},{"@type":"ImageObject","inLanguage":"de","@id":"https:\/\/visser-kaas.nl\/de\/product\/edam-foliekaas-40-kaas\/#primaryimage","url":"https:\/\/visser-kaas.nl\/wp-content\/uploads\/Original-Edam.jpg","contentUrl":"https:\/\/visser-kaas.nl\/wp-content\/uploads\/Original-Edam.jpg","width":1024,"height":1024},{"@type":"BreadcrumbList","@id":"https:\/\/visser-kaas.nl\/de\/product\/edam-foliekaas-40-kaas\/#breadcrumb","itemListElement":[{"@type":"ListItem","position":1,"name":"Home","item":"https:\/\/visser-kaas.nl\/de\/"},{"@type":"ListItem","position":2,"name":"Producten","item":"https:\/\/visser-kaas.nl\/de\/product\/"},{"@type":"ListItem","position":3,"name":"Edam Folienk\u00e4se 40+ K\u00e4se"}]},{"@type":"WebSite","@id":"https:\/\/visser-kaas.nl\/de\/#website","url":"https:\/\/visser-kaas.nl\/de\/","name":"Visser Kaas","description":"","publisher":{"@id":"https:\/\/visser-kaas.nl\/de\/#organization"},"potentialAction":[{"@type":"SearchAction","target":{"@type":"EntryPoint","urlTemplate":"https:\/\/visser-kaas.nl\/de\/?s={search_term_string}"},"query-input":{"@type":"PropertyValueSpecification","valueRequired":true,"valueName":"search_term_string"}}],"inLanguage":"de"},{"@type":"Organization","@id":"https:\/\/visser-kaas.nl\/de\/#organization","name":"Visser Kaas","url":"https:\/\/visser-kaas.nl\/de\/","logo":{"@type":"ImageObject","inLanguage":"de","@id":"https:\/\/visser-kaas.nl\/de\/#\/schema\/logo\/image\/","url":"https:\/\/visser-kaas.nl\/wp-content\/uploads\/media\/cropped-cropped-logo-2.png","contentUrl":"https:\/\/visser-kaas.nl\/wp-content\/uploads\/media\/cropped-cropped-logo-2.png","width":1620,"height":325,"caption":"Visser Kaas"},"image":{"@id":"https:\/\/visser-kaas.nl\/de\/#\/schema\/logo\/image\/"}}]}},"_links":{"self":[{"href":"https:\/\/visser-kaas.nl\/de\/wp-json\/wp\/v2\/product\/1027","targetHints":{"allow":["GET"]}}],"collection":[{"href":"https:\/\/visser-kaas.nl\/de\/wp-json\/wp\/v2\/product"}],"about":[{"href":"https:\/\/visser-kaas.nl\/de\/wp-json\/wp\/v2\/types\/product"}],"version-history":[{"count":5,"href":"https:\/\/visser-kaas.nl\/de\/wp-json\/wp\/v2\/product\/1027\/revisions"}],"predecessor-version":[{"id":4518,"href":"https:\/\/visser-kaas.nl\/de\/wp-json\/wp\/v2\/product\/1027\/revisions\/4518"}],"wp:featuredmedia":[{"embeddable":true,"href":"https:\/\/visser-kaas.nl\/de\/wp-json\/wp\/v2\/media\/6195"}],"wp:attachment":[{"href":"https:\/\/visser-kaas.nl\/de\/wp-json\/wp\/v2\/media?parent=1027"}],"wp:term":[{"taxonomy":"categorie","embeddable":true,"href":"https:\/\/visser-kaas.nl\/de\/wp-json\/wp\/v2\/categorie?post=1027"}],"curies":[{"name":"wp","href":"https:\/\/api.w.org\/{rel}","templated":true}]}}