{"id":962,"date":"2019-12-01T15:04:35","date_gmt":"2019-12-01T14:04:35","guid":{"rendered":"https:\/\/www.visser-kaas.nl\/produkte\/"},"modified":"2024-03-05T12:45:14","modified_gmt":"2024-03-05T11:45:14","slug":"produkte","status":"publish","type":"page","link":"https:\/\/visser-kaas.nl\/de\/produkte\/","title":{"rendered":"Produkte"},"content":{"rendered":"\t\t<div data-elementor-type=\"wp-page\" data-elementor-id=\"962\" class=\"elementor elementor-962 elementor-89\" data-elementor-post-type=\"page\">\n\t\t\t\t\t\t<section class=\"elementor-section elementor-top-section elementor-element elementor-element-98e1937 elementor-section-stretched elementor-section-full_width elementor-section-height-min-height elementor-section-items-bottom elementor-section-height-default\" data-id=\"98e1937\" data-element_type=\"section\" data-e-type=\"section\" data-settings=\"{&quot;stretch_section&quot;:&quot;section-stretched&quot;,&quot;background_background&quot;:&quot;classic&quot;}\">\n\t\t\t\t\t\t<div class=\"elementor-container elementor-column-gap-default\">\n\t\t\t\t\t<div class=\"elementor-column elementor-col-100 elementor-top-column elementor-element elementor-element-373f4cb\" data-id=\"373f4cb\" data-element_type=\"column\" data-e-type=\"column\">\n\t\t\t<div class=\"elementor-widget-wrap\">\n\t\t\t\t\t\t\t<\/div>\n\t\t<\/div>\n\t\t\t\t\t<\/div>\n\t\t<\/section>\n\t\t\t\t<section class=\"elementor-section elementor-top-section elementor-element elementor-element-eb4a988 elementor-section-boxed elementor-section-height-default elementor-section-height-default\" data-id=\"eb4a988\" data-element_type=\"section\" data-e-type=\"section\">\n\t\t\t\t\t\t<div class=\"elementor-container elementor-column-gap-default\">\n\t\t\t\t\t<div class=\"elementor-column elementor-col-100 elementor-top-column elementor-element elementor-element-542bb38\" data-id=\"542bb38\" data-element_type=\"column\" data-e-type=\"column\">\n\t\t\t<div class=\"elementor-widget-wrap elementor-element-populated\">\n\t\t\t\t\t\t<div class=\"elementor-element elementor-element-6482a1c elementor-widget elementor-widget-heading\" data-id=\"6482a1c\" data-element_type=\"widget\" data-e-type=\"widget\" data-widget_type=\"heading.default\">\n\t\t\t\t<div class=\"elementor-widget-container\">\n\t\t\t\t\t<h2 class=\"elementor-heading-title elementor-size-default\">Produkte<\/h2>\t\t\t\t<\/div>\n\t\t\t\t<\/div>\n\t\t\t\t<div class=\"elementor-element elementor-element-f78f8f7 elementor-widget-divider--view-line elementor-widget elementor-widget-divider\" data-id=\"f78f8f7\" data-element_type=\"widget\" data-e-type=\"widget\" data-widget_type=\"divider.default\">\n\t\t\t\t<div class=\"elementor-widget-container\">\n\t\t\t\t\t\t\t<div class=\"elementor-divider\">\n\t\t\t<span class=\"elementor-divider-separator\">\n\t\t\t\t\t\t<\/span>\n\t\t<\/div>\n\t\t\t\t\t\t<\/div>\n\t\t\t\t<\/div>\n\t\t\t\t\t<\/div>\n\t\t<\/div>\n\t\t\t\t\t<\/div>\n\t\t<\/section>\n\t\t\t\t<section class=\"elementor-section elementor-top-section elementor-element elementor-element-17c3c4ac elementor-section-boxed elementor-section-height-default elementor-section-height-default\" data-id=\"17c3c4ac\" data-element_type=\"section\" data-e-type=\"section\">\n\t\t\t\t\t\t<div class=\"elementor-container elementor-column-gap-default\">\n\t\t\t\t\t<div class=\"elementor-column elementor-col-100 elementor-top-column elementor-element elementor-element-58d08221\" data-id=\"58d08221\" data-element_type=\"column\" data-e-type=\"column\">\n\t\t\t<div class=\"elementor-widget-wrap elementor-element-populated\">\n\t\t\t\t\t\t<section class=\"elementor-section elementor-inner-section elementor-element elementor-element-72aa919a a2-img-shadow elementor-section-boxed elementor-section-height-default elementor-section-height-default\" data-id=\"72aa919a\" data-element_type=\"section\" data-e-type=\"section\">\n\t\t\t\t\t\t<div class=\"elementor-container elementor-column-gap-default\">\n\t\t\t\t\t<div class=\"elementor-column elementor-col-33 elementor-inner-column elementor-element elementor-element-23702956\" data-id=\"23702956\" data-element_type=\"column\" data-e-type=\"column\" data-settings=\"{&quot;background_background&quot;:&quot;classic&quot;}\">\n\t\t\t<div class=\"elementor-widget-wrap elementor-element-populated\">\n\t\t\t\t\t\t<div class=\"elementor-element elementor-element-558a08e7 elementor-widget elementor-widget-image\" data-id=\"558a08e7\" data-element_type=\"widget\" data-e-type=\"widget\" data-widget_type=\"image.default\">\n\t\t\t\t<div class=\"elementor-widget-container\">\n\t\t\t\t\t\t\t\t\t\t\t\t\t\t\t\t<a href=\"https:\/\/www.visser-kaas.nl\/categorie\/traditioneller-kase\/?lang=de\">\n\t\t\t\t\t\t\t<img loading=\"lazy\" decoding=\"async\" width=\"768\" height=\"768\" src=\"https:\/\/visser-kaas.nl\/wp-content\/uploads\/media\/traditionele-768x768.jpg\" class=\"attachment-medium_large size-medium_large wp-image-2043\" alt=\"\" srcset=\"https:\/\/visser-kaas.nl\/wp-content\/uploads\/media\/traditionele-768x768.jpg 768w, https:\/\/visser-kaas.nl\/wp-content\/uploads\/media\/traditionele-300x300.jpg 300w, https:\/\/visser-kaas.nl\/wp-content\/uploads\/media\/traditionele-1024x1024.jpg 1024w, https:\/\/visser-kaas.nl\/wp-content\/uploads\/media\/traditionele-150x150.jpg 150w, https:\/\/visser-kaas.nl\/wp-content\/uploads\/media\/traditionele-1536x1536.jpg 1536w, https:\/\/visser-kaas.nl\/wp-content\/uploads\/media\/traditionele-2048x2048.jpg 2048w, https:\/\/visser-kaas.nl\/wp-content\/uploads\/media\/traditionele-20x20.jpg 20w, https:\/\/visser-kaas.nl\/wp-content\/uploads\/media\/traditionele.jpg 1475w\" sizes=\"auto, (max-width: 768px) 100vw, 768px\" \/>\t\t\t\t\t\t\t\t<\/a>\n\t\t\t\t\t\t\t\t\t\t\t\t\t\t\t<\/div>\n\t\t\t\t<\/div>\n\t\t\t\t<div class=\"elementor-element elementor-element-6804b729 a2-heading elementor-widget elementor-widget-heading\" data-id=\"6804b729\" data-element_type=\"widget\" data-e-type=\"widget\" data-widget_type=\"heading.default\">\n\t\t\t\t<div class=\"elementor-widget-container\">\n\t\t\t\t\t<h3 class=\"elementor-heading-title elementor-size-default\">Traditioneller K\u00e4se <\/h3>\t\t\t\t<\/div>\n\t\t\t\t<\/div>\n\t\t\t\t<div class=\"elementor-element elementor-element-66f3989c a2-content elementor-widget elementor-widget-text-editor\" data-id=\"66f3989c\" data-element_type=\"widget\" data-e-type=\"widget\" data-widget_type=\"text-editor.default\">\n\t\t\t\t<div class=\"elementor-widget-container\">\n\t\t\t\t\t\t\t\t\t<p><span class=\"tlid-translation translation\" lang=\"de\"><span title=\"\">Entdecken Sie unsere Originalauswahl an Gouda, Maasdamer und Edamer: echter holl\u00e4ndischer K\u00e4se, traditionell gereift in unserem K\u00e4selager.\u00a0 Dank einer mehr als 100-j\u00e4hrigen Erfahrung hat unser K\u00e4se das gewisse Etwas.<br \/>\n<\/span><\/span><\/p>\n\t\t\t\t\t\t\t\t<\/div>\n\t\t\t\t<\/div>\n\t\t\t\t<div class=\"elementor-element elementor-element-6fd2cfa5 elementor-align-center a2-button-bottom elementor-widget elementor-widget-button\" data-id=\"6fd2cfa5\" data-element_type=\"widget\" data-e-type=\"widget\" data-widget_type=\"button.default\">\n\t\t\t\t<div class=\"elementor-widget-container\">\n\t\t\t\t\t\t\t\t\t<div class=\"elementor-button-wrapper\">\n\t\t\t\t\t<a class=\"elementor-button elementor-button-link elementor-size-sm\" href=\"\/de\/categorie\/traditioneller-kase\/\">\n\t\t\t\t\t\t<span class=\"elementor-button-content-wrapper\">\n\t\t\t\t\t\t\t\t\t<span class=\"elementor-button-text\">Lesen Sie weiter<\/span>\n\t\t\t\t\t<\/span>\n\t\t\t\t\t<\/a>\n\t\t\t\t<\/div>\n\t\t\t\t\t\t\t\t<\/div>\n\t\t\t\t<\/div>\n\t\t\t\t\t<\/div>\n\t\t<\/div>\n\t\t\t\t<div class=\"elementor-column elementor-col-33 elementor-inner-column elementor-element elementor-element-67c88a\" data-id=\"67c88a\" data-element_type=\"column\" data-e-type=\"column\" data-settings=\"{&quot;background_background&quot;:&quot;classic&quot;}\">\n\t\t\t<div class=\"elementor-widget-wrap elementor-element-populated\">\n\t\t\t\t\t\t<div class=\"elementor-element elementor-element-1afd5ad9 elementor-widget elementor-widget-image\" data-id=\"1afd5ad9\" data-element_type=\"widget\" data-e-type=\"widget\" data-widget_type=\"image.default\">\n\t\t\t\t<div class=\"elementor-widget-container\">\n\t\t\t\t\t\t\t\t\t\t\t\t\t\t\t\t<a href=\"https:\/\/www.visser-kaas.nl\/categorie\/spezialitaeten\/?lang=de\">\n\t\t\t\t\t\t\t<img loading=\"lazy\" decoding=\"async\" width=\"768\" height=\"768\" src=\"https:\/\/visser-kaas.nl\/wp-content\/uploads\/media\/cat-specialiteiten-768x768.jpg\" class=\"attachment-medium_large size-medium_large wp-image-2590\" alt=\"\" srcset=\"https:\/\/visser-kaas.nl\/wp-content\/uploads\/media\/cat-specialiteiten-768x768.jpg 768w, https:\/\/visser-kaas.nl\/wp-content\/uploads\/media\/cat-specialiteiten-300x300.jpg 300w, https:\/\/visser-kaas.nl\/wp-content\/uploads\/media\/cat-specialiteiten-1024x1024.jpg 1024w, https:\/\/visser-kaas.nl\/wp-content\/uploads\/media\/cat-specialiteiten-150x150.jpg 150w, https:\/\/visser-kaas.nl\/wp-content\/uploads\/media\/cat-specialiteiten-1536x1536.jpg 1536w, https:\/\/visser-kaas.nl\/wp-content\/uploads\/media\/cat-specialiteiten-2048x2048.jpg 2048w, https:\/\/visser-kaas.nl\/wp-content\/uploads\/media\/cat-specialiteiten-20x20.jpg 20w, https:\/\/visser-kaas.nl\/wp-content\/uploads\/media\/cat-specialiteiten.jpg 1450w\" sizes=\"auto, (max-width: 768px) 100vw, 768px\" \/>\t\t\t\t\t\t\t\t<\/a>\n\t\t\t\t\t\t\t\t\t\t\t\t\t\t\t<\/div>\n\t\t\t\t<\/div>\n\t\t\t\t<div class=\"elementor-element elementor-element-1b16ecc9 a2-heading elementor-widget elementor-widget-heading\" data-id=\"1b16ecc9\" data-element_type=\"widget\" data-e-type=\"widget\" data-widget_type=\"heading.default\">\n\t\t\t\t<div class=\"elementor-widget-container\">\n\t\t\t\t\t<h3 class=\"elementor-heading-title elementor-size-default\">Spezialit\u00e4ten <\/h3>\t\t\t\t<\/div>\n\t\t\t\t<\/div>\n\t\t\t\t<div class=\"elementor-element elementor-element-4b10ed30 a2-content elementor-widget elementor-widget-text-editor\" data-id=\"4b10ed30\" data-element_type=\"widget\" data-e-type=\"widget\" data-widget_type=\"text-editor.default\">\n\t\t\t\t<div class=\"elementor-widget-container\">\n\t\t\t\t\t\t\t\t\t<p><span class=\"tlid-translation translation\" lang=\"de\"><span class=\"\" title=\"\">Hier finden Sie unser komplettes Sortiment an Spezialit\u00e4ten; altbekannter, cremiger K\u00e4se mit einer speziellen Gew\u00fcrzmischung oder einer frischen Farbe.\u00a0 Zum Beispiel ein italienischer Kr\u00e4uter- oder Lavendelk\u00e4se.\u00a0 Und vieles mehr. <\/span><\/span><\/p>\n\t\t\t\t\t\t\t\t<\/div>\n\t\t\t\t<\/div>\n\t\t\t\t<div class=\"elementor-element elementor-element-1c4fe034 elementor-align-center a2-button-bottom elementor-widget elementor-widget-button\" data-id=\"1c4fe034\" data-element_type=\"widget\" data-e-type=\"widget\" data-widget_type=\"button.default\">\n\t\t\t\t<div class=\"elementor-widget-container\">\n\t\t\t\t\t\t\t\t\t<div class=\"elementor-button-wrapper\">\n\t\t\t\t\t<a class=\"elementor-button elementor-button-link elementor-size-sm\" href=\"\/de\/categorie\/spezialitaeten\/\">\n\t\t\t\t\t\t<span class=\"elementor-button-content-wrapper\">\n\t\t\t\t\t\t\t\t\t<span class=\"elementor-button-text\">Lesen Sie weiter<\/span>\n\t\t\t\t\t<\/span>\n\t\t\t\t\t<\/a>\n\t\t\t\t<\/div>\n\t\t\t\t\t\t\t\t<\/div>\n\t\t\t\t<\/div>\n\t\t\t\t\t<\/div>\n\t\t<\/div>\n\t\t\t\t<div class=\"elementor-column elementor-col-33 elementor-inner-column elementor-element elementor-element-260bfd11\" data-id=\"260bfd11\" data-element_type=\"column\" data-e-type=\"column\" data-settings=\"{&quot;background_background&quot;:&quot;classic&quot;}\">\n\t\t\t<div class=\"elementor-widget-wrap elementor-element-populated\">\n\t\t\t\t\t\t<div class=\"elementor-element elementor-element-1997b61c elementor-widget elementor-widget-image\" data-id=\"1997b61c\" data-element_type=\"widget\" data-e-type=\"widget\" data-widget_type=\"image.default\">\n\t\t\t\t<div class=\"elementor-widget-container\">\n\t\t\t\t\t\t\t\t\t\t\t\t\t\t\t\t<a href=\"https:\/\/www.visser-kaas.nl\/categorie\/overig-de\/?lang=de\">\n\t\t\t\t\t\t\t<img loading=\"lazy\" decoding=\"async\" width=\"768\" height=\"768\" src=\"https:\/\/visser-kaas.nl\/wp-content\/uploads\/media\/foliegerijpt-overig-768x768.jpg\" class=\"attachment-medium_large size-medium_large wp-image-2041\" alt=\"\" srcset=\"https:\/\/visser-kaas.nl\/wp-content\/uploads\/media\/foliegerijpt-overig-768x768.jpg 768w, https:\/\/visser-kaas.nl\/wp-content\/uploads\/media\/foliegerijpt-overig-300x300.jpg 300w, https:\/\/visser-kaas.nl\/wp-content\/uploads\/media\/foliegerijpt-overig-1024x1024.jpg 1024w, https:\/\/visser-kaas.nl\/wp-content\/uploads\/media\/foliegerijpt-overig-150x150.jpg 150w, https:\/\/visser-kaas.nl\/wp-content\/uploads\/media\/foliegerijpt-overig-1536x1536.jpg 1536w, https:\/\/visser-kaas.nl\/wp-content\/uploads\/media\/foliegerijpt-overig-2048x2048.jpg 2048w, https:\/\/visser-kaas.nl\/wp-content\/uploads\/media\/foliegerijpt-overig-20x20.jpg 20w, https:\/\/visser-kaas.nl\/wp-content\/uploads\/media\/foliegerijpt-overig.jpg 1125w\" sizes=\"auto, (max-width: 768px) 100vw, 768px\" \/>\t\t\t\t\t\t\t\t<\/a>\n\t\t\t\t\t\t\t\t\t\t\t\t\t\t\t<\/div>\n\t\t\t\t<\/div>\n\t\t\t\t<div class=\"elementor-element elementor-element-77b11e61 a2-heading elementor-widget elementor-widget-heading\" data-id=\"77b11e61\" data-element_type=\"widget\" data-e-type=\"widget\" data-widget_type=\"heading.default\">\n\t\t\t\t<div class=\"elementor-widget-container\">\n\t\t\t\t\t<h3 class=\"elementor-heading-title elementor-size-default\">FOLIENGEREIFTER &amp; SONSTIGER K\u00c4SE <\/h3>\t\t\t\t<\/div>\n\t\t\t\t<\/div>\n\t\t\t\t<div class=\"elementor-element elementor-element-6fd0d66b a2-content elementor-widget elementor-widget-text-editor\" data-id=\"6fd0d66b\" data-element_type=\"widget\" data-e-type=\"widget\" data-widget_type=\"text-editor.default\">\n\t\t\t\t<div class=\"elementor-widget-container\">\n\t\t\t\t\t\t\t\t\t<p><span class=\"tlid-translation translation\" lang=\"de\"><span class=\"\" title=\"\">Entdecken Sie hier unseren foliengereiften K\u00e4se, der problemlos zu Reibek\u00e4se f\u00fcr Pizza und Scheibenk\u00e4se f\u00fcr Sandwiches verarbeitet werden kann. Erh\u00e4ltlich als Gouda, Edamer, Cheddar, Maasdamer und Emmentaler. Hier finden Sie auch unsere anderen K\u00e4sesorten.<\/span><\/span><\/p>\n\t\t\t\t\t\t\t\t<\/div>\n\t\t\t\t<\/div>\n\t\t\t\t<div class=\"elementor-element elementor-element-7b44b5ce elementor-align-center a2-button-bottom elementor-widget elementor-widget-button\" data-id=\"7b44b5ce\" data-element_type=\"widget\" data-e-type=\"widget\" data-widget_type=\"button.default\">\n\t\t\t\t<div class=\"elementor-widget-container\">\n\t\t\t\t\t\t\t\t\t<div class=\"elementor-button-wrapper\">\n\t\t\t\t\t<a class=\"elementor-button elementor-button-link elementor-size-sm\" href=\"\/de\/categorie\/overig-de\/\">\n\t\t\t\t\t\t<span class=\"elementor-button-content-wrapper\">\n\t\t\t\t\t\t\t\t\t<span class=\"elementor-button-text\">Lesen Sie weiter<\/span>\n\t\t\t\t\t<\/span>\n\t\t\t\t\t<\/a>\n\t\t\t\t<\/div>\n\t\t\t\t\t\t\t\t<\/div>\n\t\t\t\t<\/div>\n\t\t\t\t\t<\/div>\n\t\t<\/div>\n\t\t\t\t\t<\/div>\n\t\t<\/section>\n\t\t\t\t<div class=\"elementor-element elementor-element-4155defe elementor-widget elementor-widget-spacer\" data-id=\"4155defe\" data-element_type=\"widget\" data-e-type=\"widget\" data-widget_type=\"spacer.default\">\n\t\t\t\t<div class=\"elementor-widget-container\">\n\t\t\t\t\t\t\t<div class=\"elementor-spacer\">\n\t\t\t<div class=\"elementor-spacer-inner\"><\/div>\n\t\t<\/div>\n\t\t\t\t\t\t<\/div>\n\t\t\t\t<\/div>\n\t\t\t\t\t<\/div>\n\t\t<\/div>\n\t\t\t\t\t<\/div>\n\t\t<\/section>\n\t\t\t\t<section class=\"elementor-section elementor-top-section elementor-element elementor-element-2487b50 elementor-section-boxed elementor-section-height-default elementor-section-height-default\" data-id=\"2487b50\" data-element_type=\"section\" data-e-type=\"section\">\n\t\t\t\t\t\t<div class=\"elementor-container elementor-column-gap-default\">\n\t\t\t\t\t<div class=\"elementor-column elementor-col-33 elementor-top-column elementor-element elementor-element-ad986bc\" data-id=\"ad986bc\" data-element_type=\"column\" data-e-type=\"column\">\n\t\t\t<div class=\"elementor-widget-wrap\">\n\t\t\t\t\t\t\t<\/div>\n\t\t<\/div>\n\t\t\t\t<div class=\"elementor-column elementor-col-33 elementor-top-column elementor-element elementor-element-1a09592\" data-id=\"1a09592\" data-element_type=\"column\" data-e-type=\"column\">\n\t\t\t<div class=\"elementor-widget-wrap\">\n\t\t\t\t\t\t\t<\/div>\n\t\t<\/div>\n\t\t\t\t<div class=\"elementor-column elementor-col-33 elementor-top-column elementor-element elementor-element-4c46800\" data-id=\"4c46800\" data-element_type=\"column\" data-e-type=\"column\">\n\t\t\t<div class=\"elementor-widget-wrap\">\n\t\t\t\t\t\t\t<\/div>\n\t\t<\/div>\n\t\t\t\t\t<\/div>\n\t\t<\/section>\n\t\t\t\t<\/div>\n\t\t","protected":false},"excerpt":{"rendered":"<p>Traditioneller K\u00e4se Entdecken Sie unsere Originalauswahl an Gouda, Maasdamer und Edamer: echter holl\u00e4ndischer K\u00e4se, traditionell gereift in unserem K\u00e4selager.\u00a0 Dank einer mehr als 100-j\u00e4hrigen Erfahrung hat unser K\u00e4se das gewisse Etwas. Lesen Sie weiter Spezialit\u00e4ten Hier finden Sie unser komplettes Sortiment an Spezialit\u00e4ten; altbekannter, cremiger K\u00e4se mit einer speziellen Gew\u00fcrzmischung oder einer frischen Farbe.\u00a0 Zum [&hellip;]<\/p>\n","protected":false},"author":7,"featured_media":0,"parent":0,"menu_order":0,"comment_status":"closed","ping_status":"closed","template":"elementor_header_footer","meta":{"_acf_changed":false,"footnotes":""},"class_list":["post-962","page","type-page","status-publish","hentry"],"acf":[],"yoast_head":"<!-- This site is optimized with the Yoast SEO plugin v27.3 - https:\/\/yoast.com\/product\/yoast-seo-wordpress\/ -->\n<title>Produkte - Visser Kaas<\/title>\n<meta name=\"description\" content=\"Schauen Sie sich auf unserer Website um und bewundern Sie alle unsere Produkte.\" \/>\n<meta name=\"robots\" content=\"index, follow, max-snippet:-1, max-image-preview:large, max-video-preview:-1\" \/>\n<link rel=\"canonical\" href=\"https:\/\/visser-kaas.nl\/de\/produkte\/\" \/>\n<meta property=\"og:locale\" content=\"de_DE\" \/>\n<meta property=\"og:type\" content=\"article\" \/>\n<meta property=\"og:title\" content=\"Produkte - Visser Kaas\" \/>\n<meta property=\"og:description\" content=\"Schauen Sie sich auf unserer Website um und bewundern Sie alle unsere Produkte.\" \/>\n<meta property=\"og:url\" content=\"https:\/\/visser-kaas.nl\/de\/produkte\/\" \/>\n<meta property=\"og:site_name\" content=\"Visser Kaas\" \/>\n<meta property=\"article:modified_time\" content=\"2024-03-05T11:45:14+00:00\" \/>\n<meta property=\"og:image\" content=\"https:\/\/www.visser-kaas.nl\/wp-content\/uploads\/media\/traditionele-768x768.jpg\" \/>\n<meta name=\"twitter:card\" content=\"summary_large_image\" \/>\n<meta name=\"twitter:label1\" content=\"Gesch\u00e4tzte Lesezeit\" \/>\n\t<meta name=\"twitter:data1\" content=\"2\u00a0Minuten\" \/>\n<script type=\"application\/ld+json\" class=\"yoast-schema-graph\">{\"@context\":\"https:\\\/\\\/schema.org\",\"@graph\":[{\"@type\":\"WebPage\",\"@id\":\"https:\\\/\\\/visser-kaas.nl\\\/de\\\/produkte\\\/\",\"url\":\"https:\\\/\\\/visser-kaas.nl\\\/de\\\/produkte\\\/\",\"name\":\"Produkte - Visser Kaas\",\"isPartOf\":{\"@id\":\"https:\\\/\\\/visser-kaas.nl\\\/de\\\/#website\"},\"primaryImageOfPage\":{\"@id\":\"https:\\\/\\\/visser-kaas.nl\\\/de\\\/produkte\\\/#primaryimage\"},\"image\":{\"@id\":\"https:\\\/\\\/visser-kaas.nl\\\/de\\\/produkte\\\/#primaryimage\"},\"thumbnailUrl\":\"https:\\\/\\\/www.visser-kaas.nl\\\/wp-content\\\/uploads\\\/media\\\/traditionele-768x768.jpg\",\"datePublished\":\"2019-12-01T14:04:35+00:00\",\"dateModified\":\"2024-03-05T11:45:14+00:00\",\"description\":\"Schauen Sie sich auf unserer Website um und bewundern Sie alle unsere Produkte.\",\"breadcrumb\":{\"@id\":\"https:\\\/\\\/visser-kaas.nl\\\/de\\\/produkte\\\/#breadcrumb\"},\"inLanguage\":\"de\",\"potentialAction\":[{\"@type\":\"ReadAction\",\"target\":[\"https:\\\/\\\/visser-kaas.nl\\\/de\\\/produkte\\\/\"]}]},{\"@type\":\"ImageObject\",\"inLanguage\":\"de\",\"@id\":\"https:\\\/\\\/visser-kaas.nl\\\/de\\\/produkte\\\/#primaryimage\",\"url\":\"https:\\\/\\\/www.visser-kaas.nl\\\/wp-content\\\/uploads\\\/media\\\/traditionele-768x768.jpg\",\"contentUrl\":\"https:\\\/\\\/www.visser-kaas.nl\\\/wp-content\\\/uploads\\\/media\\\/traditionele-768x768.jpg\"},{\"@type\":\"BreadcrumbList\",\"@id\":\"https:\\\/\\\/visser-kaas.nl\\\/de\\\/produkte\\\/#breadcrumb\",\"itemListElement\":[{\"@type\":\"ListItem\",\"position\":1,\"name\":\"Home\",\"item\":\"https:\\\/\\\/visser-kaas.nl\\\/de\\\/\"},{\"@type\":\"ListItem\",\"position\":2,\"name\":\"Produkte\"}]},{\"@type\":\"WebSite\",\"@id\":\"https:\\\/\\\/visser-kaas.nl\\\/de\\\/#website\",\"url\":\"https:\\\/\\\/visser-kaas.nl\\\/de\\\/\",\"name\":\"Visser Kaas\",\"description\":\"\",\"publisher\":{\"@id\":\"https:\\\/\\\/visser-kaas.nl\\\/de\\\/#organization\"},\"potentialAction\":[{\"@type\":\"SearchAction\",\"target\":{\"@type\":\"EntryPoint\",\"urlTemplate\":\"https:\\\/\\\/visser-kaas.nl\\\/de\\\/?s={search_term_string}\"},\"query-input\":{\"@type\":\"PropertyValueSpecification\",\"valueRequired\":true,\"valueName\":\"search_term_string\"}}],\"inLanguage\":\"de\"},{\"@type\":\"Organization\",\"@id\":\"https:\\\/\\\/visser-kaas.nl\\\/de\\\/#organization\",\"name\":\"Visser Kaas\",\"url\":\"https:\\\/\\\/visser-kaas.nl\\\/de\\\/\",\"logo\":{\"@type\":\"ImageObject\",\"inLanguage\":\"de\",\"@id\":\"https:\\\/\\\/visser-kaas.nl\\\/de\\\/#\\\/schema\\\/logo\\\/image\\\/\",\"url\":\"https:\\\/\\\/visser-kaas.nl\\\/wp-content\\\/uploads\\\/media\\\/cropped-cropped-logo-2.png\",\"contentUrl\":\"https:\\\/\\\/visser-kaas.nl\\\/wp-content\\\/uploads\\\/media\\\/cropped-cropped-logo-2.png\",\"width\":1620,\"height\":325,\"caption\":\"Visser Kaas\"},\"image\":{\"@id\":\"https:\\\/\\\/visser-kaas.nl\\\/de\\\/#\\\/schema\\\/logo\\\/image\\\/\"}}]}<\/script>\n<!-- \/ Yoast SEO plugin. -->","yoast_head_json":{"title":"Produkte - Visser Kaas","description":"Schauen Sie sich auf unserer Website um und bewundern Sie alle unsere Produkte.","robots":{"index":"index","follow":"follow","max-snippet":"max-snippet:-1","max-image-preview":"max-image-preview:large","max-video-preview":"max-video-preview:-1"},"canonical":"https:\/\/visser-kaas.nl\/de\/produkte\/","og_locale":"de_DE","og_type":"article","og_title":"Produkte - Visser Kaas","og_description":"Schauen Sie sich auf unserer Website um und bewundern Sie alle unsere Produkte.","og_url":"https:\/\/visser-kaas.nl\/de\/produkte\/","og_site_name":"Visser Kaas","article_modified_time":"2024-03-05T11:45:14+00:00","og_image":[{"url":"https:\/\/www.visser-kaas.nl\/wp-content\/uploads\/media\/traditionele-768x768.jpg","type":"","width":"","height":""}],"twitter_card":"summary_large_image","twitter_misc":{"Gesch\u00e4tzte Lesezeit":"2\u00a0Minuten"},"schema":{"@context":"https:\/\/schema.org","@graph":[{"@type":"WebPage","@id":"https:\/\/visser-kaas.nl\/de\/produkte\/","url":"https:\/\/visser-kaas.nl\/de\/produkte\/","name":"Produkte - Visser Kaas","isPartOf":{"@id":"https:\/\/visser-kaas.nl\/de\/#website"},"primaryImageOfPage":{"@id":"https:\/\/visser-kaas.nl\/de\/produkte\/#primaryimage"},"image":{"@id":"https:\/\/visser-kaas.nl\/de\/produkte\/#primaryimage"},"thumbnailUrl":"https:\/\/www.visser-kaas.nl\/wp-content\/uploads\/media\/traditionele-768x768.jpg","datePublished":"2019-12-01T14:04:35+00:00","dateModified":"2024-03-05T11:45:14+00:00","description":"Schauen Sie sich auf unserer Website um und bewundern Sie alle unsere Produkte.","breadcrumb":{"@id":"https:\/\/visser-kaas.nl\/de\/produkte\/#breadcrumb"},"inLanguage":"de","potentialAction":[{"@type":"ReadAction","target":["https:\/\/visser-kaas.nl\/de\/produkte\/"]}]},{"@type":"ImageObject","inLanguage":"de","@id":"https:\/\/visser-kaas.nl\/de\/produkte\/#primaryimage","url":"https:\/\/www.visser-kaas.nl\/wp-content\/uploads\/media\/traditionele-768x768.jpg","contentUrl":"https:\/\/www.visser-kaas.nl\/wp-content\/uploads\/media\/traditionele-768x768.jpg"},{"@type":"BreadcrumbList","@id":"https:\/\/visser-kaas.nl\/de\/produkte\/#breadcrumb","itemListElement":[{"@type":"ListItem","position":1,"name":"Home","item":"https:\/\/visser-kaas.nl\/de\/"},{"@type":"ListItem","position":2,"name":"Produkte"}]},{"@type":"WebSite","@id":"https:\/\/visser-kaas.nl\/de\/#website","url":"https:\/\/visser-kaas.nl\/de\/","name":"Visser Kaas","description":"","publisher":{"@id":"https:\/\/visser-kaas.nl\/de\/#organization"},"potentialAction":[{"@type":"SearchAction","target":{"@type":"EntryPoint","urlTemplate":"https:\/\/visser-kaas.nl\/de\/?s={search_term_string}"},"query-input":{"@type":"PropertyValueSpecification","valueRequired":true,"valueName":"search_term_string"}}],"inLanguage":"de"},{"@type":"Organization","@id":"https:\/\/visser-kaas.nl\/de\/#organization","name":"Visser Kaas","url":"https:\/\/visser-kaas.nl\/de\/","logo":{"@type":"ImageObject","inLanguage":"de","@id":"https:\/\/visser-kaas.nl\/de\/#\/schema\/logo\/image\/","url":"https:\/\/visser-kaas.nl\/wp-content\/uploads\/media\/cropped-cropped-logo-2.png","contentUrl":"https:\/\/visser-kaas.nl\/wp-content\/uploads\/media\/cropped-cropped-logo-2.png","width":1620,"height":325,"caption":"Visser Kaas"},"image":{"@id":"https:\/\/visser-kaas.nl\/de\/#\/schema\/logo\/image\/"}}]}},"_links":{"self":[{"href":"https:\/\/visser-kaas.nl\/de\/wp-json\/wp\/v2\/pages\/962","targetHints":{"allow":["GET"]}}],"collection":[{"href":"https:\/\/visser-kaas.nl\/de\/wp-json\/wp\/v2\/pages"}],"about":[{"href":"https:\/\/visser-kaas.nl\/de\/wp-json\/wp\/v2\/types\/page"}],"author":[{"embeddable":true,"href":"https:\/\/visser-kaas.nl\/de\/wp-json\/wp\/v2\/users\/7"}],"replies":[{"embeddable":true,"href":"https:\/\/visser-kaas.nl\/de\/wp-json\/wp\/v2\/comments?post=962"}],"version-history":[{"count":32,"href":"https:\/\/visser-kaas.nl\/de\/wp-json\/wp\/v2\/pages\/962\/revisions"}],"predecessor-version":[{"id":6004,"href":"https:\/\/visser-kaas.nl\/de\/wp-json\/wp\/v2\/pages\/962\/revisions\/6004"}],"wp:attachment":[{"href":"https:\/\/visser-kaas.nl\/de\/wp-json\/wp\/v2\/media?parent=962"}],"curies":[{"name":"wp","href":"https:\/\/api.w.org\/{rel}","templated":true}]}}